{"id":1061,"date":"2025-03-19T12:46:24","date_gmt":"2025-03-19T11:46:24","guid":{"rendered":"https:\/\/buchholz-software.de\/?page_id=1061"},"modified":"2025-03-19T12:47:48","modified_gmt":"2025-03-19T11:47:48","slug":"templates","status":"publish","type":"page","link":"https:\/\/buchholz-software.de\/en\/vorlagen\/","title":{"rendered":"Templates"},"content":{"rendered":"<div data-elementor-type=\"wp-page\" data-elementor-id=\"1061\" class=\"elementor elementor-1061\" data-elementor-post-type=\"page\">\n\t\t\t\t\t\t<section class=\"elementor-section elementor-top-section elementor-element elementor-element-a97ac4f elementor-section-boxed elementor-section-height-default elementor-section-height-default\" data-id=\"a97ac4f\" data-element_type=\"section\" data-e-type=\"section\">\n\t\t\t\t\t\t<div class=\"elementor-container elementor-column-gap-default\">\n\t\t\t\t\t<div class=\"elementor-column elementor-col-100 elementor-top-column elementor-element elementor-element-be274ab\" data-id=\"be274ab\" data-element_type=\"column\" data-e-type=\"column\">\n\t\t\t<div class=\"elementor-widget-wrap elementor-element-populated\">\n\t\t\t\t\t\t<div class=\"elementor-element elementor-element-709d9d7 elementor-widget elementor-widget-heading\" data-id=\"709d9d7\" data-element_type=\"widget\" data-e-type=\"widget\" data-widget_type=\"heading.default\">\n\t\t\t\t<div class=\"elementor-widget-container\">\n\t\t\t\t\t<h2 class=\"elementor-heading-title elementor-size-default\">Templates<\/h2>\t\t\t\t<\/div>\n\t\t\t\t<\/div>\n\t\t\t\t\t<\/div>\n\t\t<\/div>\n\t\t\t\t\t<\/div>\n\t\t<\/section>\n\t\t\t\t<section class=\"elementor-section elementor-top-section elementor-element elementor-element-2e4bcda elementor-section-boxed elementor-section-height-default elementor-section-height-default\" data-id=\"2e4bcda\" data-element_type=\"section\" data-e-type=\"section\">\n\t\t\t\t\t\t<div class=\"elementor-container elementor-column-gap-default\">\n\t\t\t\t\t<div class=\"elementor-column elementor-col-100 elementor-top-column elementor-element elementor-element-2c4981d\" data-id=\"2c4981d\" data-element_type=\"column\" data-e-type=\"column\">\n\t\t\t<div class=\"elementor-widget-wrap elementor-element-populated\">\n\t\t\t\t\t\t<section class=\"elementor-section elementor-inner-section elementor-element elementor-element-47c2ac0 elementor-section-boxed elementor-section-height-default elementor-section-height-default\" data-id=\"47c2ac0\" data-element_type=\"section\" data-e-type=\"section\">\n\t\t\t\t\t\t<div class=\"elementor-container elementor-column-gap-default\">\n\t\t\t\t\t<div class=\"elementor-column elementor-col-100 elementor-inner-column elementor-element elementor-element-d3bac23\" data-id=\"d3bac23\" data-element_type=\"column\" data-e-type=\"column\">\n\t\t\t<div class=\"elementor-widget-wrap elementor-element-populated\">\n\t\t\t\t\t\t<div class=\"elementor-element elementor-element-172f1c7 elementor-widget elementor-widget-text-editor\" data-id=\"172f1c7\" data-element_type=\"widget\" data-e-type=\"widget\" data-widget_type=\"text-editor.default\">\n\t\t\t\t<div class=\"elementor-widget-container\">\n\t\t\t\t\t\t\t\t\t<p>A large number of preconfigured templates are available for creating documentation for new processing activities. Templates can be customised and enriched with a variety of data. \u201eFinished\u201c TT documentation can be reused as a template.<\/p><div id=\"simple-translate\" class=\"simple-translate-system-theme\"><div><div class=\"simple-translate-button isShow\" style=\"background-image: url('moz-extension:\/\/83606834-a23d-4bfa-a8be-7d280705fdf7\/icons\/512.png'); height: 22px; width: 22px; top: 63px; left: 72px;\">\u00a0<\/div><div class=\"simple-translate-panel\" style=\"width: 300px; height: 200px; top: 0px; left: 0px; font-size: 13px;\"><div class=\"simple-translate-result-wrapper\" style=\"overflow: hidden;\"><div class=\"simple-translate-move\" draggable=\"true\">\u00a0<\/div><div class=\"simple-translate-result-contents\"><p class=\"simple-translate-result\" dir=\"auto\">\u00a0<\/p><p class=\"simple-translate-candidate\" dir=\"auto\">\u00a0<\/p><\/div><\/div><\/div><\/div><\/div>\t\t\t\t\t\t\t\t<\/div>\n\t\t\t\t<\/div>\n\t\t\t\t\t<\/div>\n\t\t<\/div>\n\t\t\t\t\t<\/div>\n\t\t<\/section>\n\t\t\t\t\t<\/div>\n\t\t<\/div>\n\t\t\t\t\t<\/div>\n\t\t<\/section>\n\t\t\t\t<section class=\"elementor-section elementor-top-section elementor-element elementor-element-b5afa9b elementor-section-boxed elementor-section-height-default elementor-section-height-default\" data-id=\"b5afa9b\" data-element_type=\"section\" data-e-type=\"section\">\n\t\t\t\t\t\t<div class=\"elementor-container elementor-column-gap-default\">\n\t\t\t\t\t<div class=\"elementor-column elementor-col-100 elementor-top-column elementor-element elementor-element-4efccf7\" data-id=\"4efccf7\" data-element_type=\"column\" data-e-type=\"column\">\n\t\t\t<div class=\"elementor-widget-wrap elementor-element-populated\">\n\t\t\t\t\t\t<section class=\"elementor-section elementor-inner-section elementor-element elementor-element-b86b073 elementor-section-boxed elementor-section-height-default elementor-section-height-default\" data-id=\"b86b073\" data-element_type=\"section\" data-e-type=\"section\">\n\t\t\t\t\t\t<div class=\"elementor-container elementor-column-gap-default\">\n\t\t\t\t\t<div class=\"elementor-column elementor-col-100 elementor-inner-column elementor-element elementor-element-4c3a436\" data-id=\"4c3a436\" data-element_type=\"column\" data-e-type=\"column\">\n\t\t\t<div class=\"elementor-widget-wrap elementor-element-populated\">\n\t\t\t\t\t\t<div class=\"elementor-element elementor-element-061acea elementor-widget elementor-widget-image\" data-id=\"061acea\" data-element_type=\"widget\" data-e-type=\"widget\" data-widget_type=\"image.default\">\n\t\t\t\t<div class=\"elementor-widget-container\">\n\t\t\t\t\t\t\t\t\t\t\t\t<figure class=\"wp-caption\">\n\t\t\t\t\t\t\t\t\t\t<img loading=\"lazy\" decoding=\"async\" width=\"298\" height=\"300\" src=\"https:\/\/buchholz-software.de\/wp-content\/uploads\/2025\/03\/VVT-Vorlagen-298x300.png\" class=\"attachment-medium size-medium wp-image-1063\" alt=\"Templates\" srcset=\"https:\/\/buchholz-software.de\/wp-content\/uploads\/2025\/03\/VVT-Vorlagen-298x300.png 298w, https:\/\/buchholz-software.de\/wp-content\/uploads\/2025\/03\/VVT-Vorlagen-150x150.png 150w, https:\/\/buchholz-software.de\/wp-content\/uploads\/2025\/03\/VVT-Vorlagen-12x12.png 12w, https:\/\/buchholz-software.de\/wp-content\/uploads\/2025\/03\/VVT-Vorlagen.png 710w\" sizes=\"auto, (max-width: 298px) 100vw, 298px\" \/>\t\t\t\t\t\t\t\t\t\t\t<figcaption class=\"widget-image-caption wp-caption-text\">VVT templates<\/figcaption>\n\t\t\t\t\t\t\t\t\t\t<\/figure>\n\t\t\t\t\t\t\t\t\t<\/div>\n\t\t\t\t<\/div>\n\t\t\t\t<div class=\"elementor-element elementor-element-7793885 elementor-widget elementor-widget-text-editor\" data-id=\"7793885\" data-element_type=\"widget\" data-e-type=\"widget\" data-widget_type=\"text-editor.default\">\n\t\t\t\t<div class=\"elementor-widget-container\">\n\t\t\t\t\t\t\t\t\t<p>A large number of pre-configured templates are also available for new VTs, purposes, requirements, data and person categories, purpose limitations, deletions, legal bases, TOMs, risks, implementation instructions, etc.<\/p>\t\t\t\t\t\t\t\t<\/div>\n\t\t\t\t<\/div>\n\t\t\t\t<div class=\"elementor-element elementor-element-18bdeb6 elementor-widget elementor-widget-image\" data-id=\"18bdeb6\" data-element_type=\"widget\" data-e-type=\"widget\" data-widget_type=\"image.default\">\n\t\t\t\t<div class=\"elementor-widget-container\">\n\t\t\t\t\t\t\t\t\t\t\t\t<figure class=\"wp-caption\">\n\t\t\t\t\t\t\t\t\t\t<img loading=\"lazy\" decoding=\"async\" width=\"300\" height=\"165\" src=\"https:\/\/buchholz-software.de\/wp-content\/uploads\/2025\/03\/Rechtliche-Grundlagen-300x165.png\" class=\"attachment-medium size-medium wp-image-1064\" alt=\"Legal basis\" srcset=\"https:\/\/buchholz-software.de\/wp-content\/uploads\/2025\/03\/Rechtliche-Grundlagen-300x165.png 300w, https:\/\/buchholz-software.de\/wp-content\/uploads\/2025\/03\/Rechtliche-Grundlagen-18x10.png 18w, https:\/\/buchholz-software.de\/wp-content\/uploads\/2025\/03\/Rechtliche-Grundlagen.png 712w\" sizes=\"auto, (max-width: 300px) 100vw, 300px\" \/>\t\t\t\t\t\t\t\t\t\t\t<figcaption class=\"widget-image-caption wp-caption-text\">Example of templates: Legal basis<\/figcaption>\n\t\t\t\t\t\t\t\t\t\t<\/figure>\n\t\t\t\t\t\t\t\t\t<\/div>\n\t\t\t\t<\/div>\n\t\t\t\t\t<\/div>\n\t\t<\/div>\n\t\t\t\t\t<\/div>\n\t\t<\/section>\n\t\t\t\t\t<\/div>\n\t\t<\/div>\n\t\t\t\t\t<\/div>\n\t\t<\/section>\n\t\t\t\t<\/div>","protected":false},"excerpt":{"rendered":"<p>Vorlagen Zur Erstellung der Dokumentation f\u00fcr neue Verarbeitungst\u00e4tigkeiten stehen eine Vielzahl vorkonfigurierter Vorlagen zur Verf\u00fcgung. Vorlagen k\u00f6nnen angepasst und mit einer Vielzahl von Daten angereichert werden. \u201eFertige\u201c VT-Dokumentationen k\u00f6nnen als Vorlage wiederverwendet werden. \u00a0\u00a0 \u00a0 \u00a0 VVT Vorlagen Auch f\u00fcr f\u00fcr neue VT, Zwecke, Erforderlichkeiten, Daten- und Personenkategorien, Zweckbindungen, L\u00f6schungen, Rechtsgrundlagen, TOMs, Risiken, Umsetzungshinweise, &#8230; [&hellip;]<\/p>\n","protected":false},"author":1,"featured_media":0,"parent":0,"menu_order":0,"comment_status":"closed","ping_status":"closed","template":"","meta":{"footnotes":""},"class_list":["post-1061","page","type-page","status-publish","hentry"],"_links":{"self":[{"href":"https:\/\/buchholz-software.de\/en\/wp-json\/wp\/v2\/pages\/1061","targetHints":{"allow":["GET"]}}],"collection":[{"href":"https:\/\/buchholz-software.de\/en\/wp-json\/wp\/v2\/pages"}],"about":[{"href":"https:\/\/buchholz-software.de\/en\/wp-json\/wp\/v2\/types\/page"}],"author":[{"embeddable":true,"href":"https:\/\/buchholz-software.de\/en\/wp-json\/wp\/v2\/users\/1"}],"replies":[{"embeddable":true,"href":"https:\/\/buchholz-software.de\/en\/wp-json\/wp\/v2\/comments?post=1061"}],"version-history":[{"count":4,"href":"https:\/\/buchholz-software.de\/en\/wp-json\/wp\/v2\/pages\/1061\/revisions"}],"predecessor-version":[{"id":1067,"href":"https:\/\/buchholz-software.de\/en\/wp-json\/wp\/v2\/pages\/1061\/revisions\/1067"}],"wp:attachment":[{"href":"https:\/\/buchholz-software.de\/en\/wp-json\/wp\/v2\/media?parent=1061"}],"curies":[{"name":"wp","href":"https:\/\/api.w.org\/{rel}","templated":true}]}}