{"id":1144,"date":"2025-03-21T10:25:00","date_gmt":"2025-03-21T09:25:00","guid":{"rendered":"https:\/\/buchholz-software.de\/?page_id=1144"},"modified":"2025-03-21T10:32:49","modified_gmt":"2025-03-21T09:32:49","slug":"risks","status":"publish","type":"page","link":"https:\/\/buchholz-software.de\/en\/risiken\/","title":{"rendered":"Risks"},"content":{"rendered":"<div data-elementor-type=\"wp-page\" data-elementor-id=\"1144\" class=\"elementor elementor-1144\" data-elementor-post-type=\"page\">\n\t\t\t\t\t\t<section class=\"elementor-section elementor-top-section elementor-element elementor-element-fd1cdfc elementor-section-boxed elementor-section-height-default elementor-section-height-default\" data-id=\"fd1cdfc\" data-element_type=\"section\" data-e-type=\"section\">\n\t\t\t\t\t\t<div class=\"elementor-container elementor-column-gap-default\">\n\t\t\t\t\t<div class=\"elementor-column elementor-col-100 elementor-top-column elementor-element elementor-element-1c2fe64\" data-id=\"1c2fe64\" data-element_type=\"column\" data-e-type=\"column\">\n\t\t\t<div class=\"elementor-widget-wrap elementor-element-populated\">\n\t\t\t\t\t\t<div class=\"elementor-element elementor-element-c003899 elementor-widget elementor-widget-heading\" data-id=\"c003899\" data-element_type=\"widget\" data-e-type=\"widget\" data-widget_type=\"heading.default\">\n\t\t\t\t<div class=\"elementor-widget-container\">\n\t\t\t\t\t<h2 class=\"elementor-heading-title elementor-size-default\">Risks of processing<\/h2>\t\t\t\t<\/div>\n\t\t\t\t<\/div>\n\t\t\t\t\t<\/div>\n\t\t<\/div>\n\t\t\t\t\t<\/div>\n\t\t<\/section>\n\t\t\t\t<section class=\"elementor-section elementor-top-section elementor-element elementor-element-0de9ba4 elementor-section-boxed elementor-section-height-default elementor-section-height-default\" data-id=\"0de9ba4\" data-element_type=\"section\" data-e-type=\"section\">\n\t\t\t\t\t\t<div class=\"elementor-container elementor-column-gap-default\">\n\t\t\t\t\t<div class=\"elementor-column elementor-col-100 elementor-top-column elementor-element elementor-element-9b48316\" data-id=\"9b48316\" data-element_type=\"column\" data-e-type=\"column\">\n\t\t\t<div class=\"elementor-widget-wrap elementor-element-populated\">\n\t\t\t\t\t\t<div class=\"elementor-element elementor-element-2b57732 elementor-widget elementor-widget-text-editor\" data-id=\"2b57732\" data-element_type=\"widget\" data-e-type=\"widget\" data-widget_type=\"text-editor.default\">\n\t\t\t\t<div class=\"elementor-widget-container\">\n\t\t\t\t\t\t\t\t\t<p>Document your DPIA threshold analyses and protection needs assessments here. The most recent entries are marked as \u201evalid\u201c and listed in the report document.<\/p>\t\t\t\t\t\t\t\t<\/div>\n\t\t\t\t<\/div>\n\t\t\t\t\t<\/div>\n\t\t<\/div>\n\t\t\t\t\t<\/div>\n\t\t<\/section>\n\t\t\t\t<section class=\"elementor-section elementor-top-section elementor-element elementor-element-2485d05 elementor-section-boxed elementor-section-height-default elementor-section-height-default\" data-id=\"2485d05\" data-element_type=\"section\" data-e-type=\"section\">\n\t\t\t\t\t\t<div class=\"elementor-container elementor-column-gap-default\">\n\t\t\t\t\t<div class=\"elementor-column elementor-col-100 elementor-top-column elementor-element elementor-element-1c9901b\" data-id=\"1c9901b\" data-element_type=\"column\" data-e-type=\"column\">\n\t\t\t<div class=\"elementor-widget-wrap elementor-element-populated\">\n\t\t\t\t\t\t<div class=\"elementor-element elementor-element-8362c3b elementor-widget elementor-widget-image\" data-id=\"8362c3b\" data-element_type=\"widget\" data-e-type=\"widget\" data-widget_type=\"image.default\">\n\t\t\t\t<div class=\"elementor-widget-container\">\n\t\t\t\t\t\t\t\t\t\t\t\t<figure class=\"wp-caption\">\n\t\t\t\t\t\t\t\t\t\t<img loading=\"lazy\" decoding=\"async\" width=\"768\" height=\"281\" src=\"https:\/\/buchholz-software.de\/wp-content\/uploads\/2025\/03\/Risiken-768x281.png\" class=\"attachment-medium_large size-medium_large wp-image-1146\" alt=\"Risks\" srcset=\"https:\/\/buchholz-software.de\/wp-content\/uploads\/2025\/03\/Risiken-768x281.png 768w, https:\/\/buchholz-software.de\/wp-content\/uploads\/2025\/03\/Risiken-300x110.png 300w, https:\/\/buchholz-software.de\/wp-content\/uploads\/2025\/03\/Risiken-1024x375.png 1024w, https:\/\/buchholz-software.de\/wp-content\/uploads\/2025\/03\/Risiken-18x7.png 18w, https:\/\/buchholz-software.de\/wp-content\/uploads\/2025\/03\/Risiken.png 1216w\" sizes=\"auto, (max-width: 768px) 100vw, 768px\" \/>\t\t\t\t\t\t\t\t\t\t\t<figcaption class=\"widget-image-caption wp-caption-text\">Risks<\/figcaption>\n\t\t\t\t\t\t\t\t\t\t<\/figure>\n\t\t\t\t\t\t\t\t\t<\/div>\n\t\t\t\t<\/div>\n\t\t\t\t\t<\/div>\n\t\t<\/div>\n\t\t\t\t\t<\/div>\n\t\t<\/section>\n\t\t\t\t<section class=\"elementor-section elementor-top-section elementor-element elementor-element-e7bdc8f elementor-section-boxed elementor-section-height-default elementor-section-height-default\" data-id=\"e7bdc8f\" data-element_type=\"section\" data-e-type=\"section\">\n\t\t\t\t\t\t<div class=\"elementor-container elementor-column-gap-default\">\n\t\t\t\t\t<div class=\"elementor-column elementor-col-100 elementor-top-column elementor-element elementor-element-328d352\" data-id=\"328d352\" data-element_type=\"column\" data-e-type=\"column\">\n\t\t\t<div class=\"elementor-widget-wrap elementor-element-populated\">\n\t\t\t\t\t\t<div class=\"elementor-element elementor-element-799c689 elementor-widget elementor-widget-heading\" data-id=\"799c689\" data-element_type=\"widget\" data-e-type=\"widget\" data-widget_type=\"heading.default\">\n\t\t\t\t<div class=\"elementor-widget-container\">\n\t\t\t\t\t<h5 class=\"elementor-heading-title elementor-size-default\">DSFA threshold value analysis<\/h5>\t\t\t\t<\/div>\n\t\t\t\t<\/div>\n\t\t\t\t<div class=\"elementor-element elementor-element-31e340d elementor-widget elementor-widget-text-editor\" data-id=\"31e340d\" data-element_type=\"widget\" data-e-type=\"widget\" data-widget_type=\"text-editor.default\">\n\t\t\t\t<div class=\"elementor-widget-container\">\n\t\t\t\t\t\t\t\t\t<p>Threshold analyses can and should be repeated regularly (e.g. in the context of a PDCA cycle). Determine here whether a DPIA needs to be carried out and justify your decision.<\/p>\t\t\t\t\t\t\t\t<\/div>\n\t\t\t\t<\/div>\n\t\t\t\t\t<\/div>\n\t\t<\/div>\n\t\t\t\t\t<\/div>\n\t\t<\/section>\n\t\t\t\t<section class=\"elementor-section elementor-top-section elementor-element elementor-element-2e64942 elementor-section-boxed elementor-section-height-default elementor-section-height-default\" data-id=\"2e64942\" data-element_type=\"section\" data-e-type=\"section\">\n\t\t\t\t\t\t<div class=\"elementor-container elementor-column-gap-default\">\n\t\t\t\t\t<div class=\"elementor-column elementor-col-100 elementor-top-column elementor-element elementor-element-bdf41a3\" data-id=\"bdf41a3\" data-element_type=\"column\" data-e-type=\"column\">\n\t\t\t<div class=\"elementor-widget-wrap elementor-element-populated\">\n\t\t\t\t\t\t<div class=\"elementor-element elementor-element-9ee8924 elementor-widget elementor-widget-image\" data-id=\"9ee8924\" data-element_type=\"widget\" data-e-type=\"widget\" data-widget_type=\"image.default\">\n\t\t\t\t<div class=\"elementor-widget-container\">\n\t\t\t\t\t\t\t\t\t\t\t\t<figure class=\"wp-caption\">\n\t\t\t\t\t\t\t\t\t\t<img loading=\"lazy\" decoding=\"async\" width=\"768\" height=\"775\" src=\"https:\/\/buchholz-software.de\/wp-content\/uploads\/2025\/03\/Schwellwertanalyse-768x775.png\" class=\"attachment-medium_large size-medium_large wp-image-1147\" alt=\"DSFA threshold value analysis\" srcset=\"https:\/\/buchholz-software.de\/wp-content\/uploads\/2025\/03\/Schwellwertanalyse-768x775.png 768w, https:\/\/buchholz-software.de\/wp-content\/uploads\/2025\/03\/Schwellwertanalyse-297x300.png 297w, https:\/\/buchholz-software.de\/wp-content\/uploads\/2025\/03\/Schwellwertanalyse-150x150.png 150w, https:\/\/buchholz-software.de\/wp-content\/uploads\/2025\/03\/Schwellwertanalyse-12x12.png 12w, https:\/\/buchholz-software.de\/wp-content\/uploads\/2025\/03\/Schwellwertanalyse.png 795w\" sizes=\"auto, (max-width: 768px) 100vw, 768px\" \/>\t\t\t\t\t\t\t\t\t\t\t<figcaption class=\"widget-image-caption wp-caption-text\">DSFA threshold value analysis<\/figcaption>\n\t\t\t\t\t\t\t\t\t\t<\/figure>\n\t\t\t\t\t\t\t\t\t<\/div>\n\t\t\t\t<\/div>\n\t\t\t\t\t<\/div>\n\t\t<\/div>\n\t\t\t\t\t<\/div>\n\t\t<\/section>\n\t\t\t\t<\/div>","protected":false},"excerpt":{"rendered":"<p>Risiken der Verarbeitung Dokumentieren Sie hier Ihre DSFA Schwellwertanalysen und Schutzbedarfsfeststellungen. Die jeweils aktuellsten Eintr\u00e4ge werden als &#8222;g\u00fcltig&#8220; markiert und im Reportdokument aufgef\u00fchrt. Risiken DSFA Schwellwertanalyse Schwellwertanalysen k\u00f6nnen und sollten regelm\u00e4\u00dfig (z.B. im Kontext eines PDCA-Zyklus) wiederholt werden. Stellen Sie hier fest, ob eine DSFA durchgef\u00fchrt werden muss und begr\u00fcnden Sie Ihre Entscheidung. DSFA Schwellwertanalyse<\/p>","protected":false},"author":1,"featured_media":0,"parent":0,"menu_order":0,"comment_status":"closed","ping_status":"closed","template":"","meta":{"footnotes":""},"class_list":["post-1144","page","type-page","status-publish","hentry"],"_links":{"self":[{"href":"https:\/\/buchholz-software.de\/en\/wp-json\/wp\/v2\/pages\/1144","targetHints":{"allow":["GET"]}}],"collection":[{"href":"https:\/\/buchholz-software.de\/en\/wp-json\/wp\/v2\/pages"}],"about":[{"href":"https:\/\/buchholz-software.de\/en\/wp-json\/wp\/v2\/types\/page"}],"author":[{"embeddable":true,"href":"https:\/\/buchholz-software.de\/en\/wp-json\/wp\/v2\/users\/1"}],"replies":[{"embeddable":true,"href":"https:\/\/buchholz-software.de\/en\/wp-json\/wp\/v2\/comments?post=1144"}],"version-history":[{"count":4,"href":"https:\/\/buchholz-software.de\/en\/wp-json\/wp\/v2\/pages\/1144\/revisions"}],"predecessor-version":[{"id":1150,"href":"https:\/\/buchholz-software.de\/en\/wp-json\/wp\/v2\/pages\/1144\/revisions\/1150"}],"wp:attachment":[{"href":"https:\/\/buchholz-software.de\/en\/wp-json\/wp\/v2\/media?parent=1144"}],"curies":[{"name":"wp","href":"https:\/\/api.w.org\/{rel}","templated":true}]}}