{"id":1211,"date":"2025-03-23T16:08:57","date_gmt":"2025-03-23T15:08:57","guid":{"rendered":"https:\/\/buchholz-software.de\/?page_id=1211"},"modified":"2025-03-23T16:11:36","modified_gmt":"2025-03-23T15:11:36","slug":"trainings","status":"publish","type":"page","link":"https:\/\/buchholz-software.de\/en\/schulungen\/","title":{"rendered":"Training courses"},"content":{"rendered":"<div data-elementor-type=\"wp-page\" data-elementor-id=\"1211\" class=\"elementor elementor-1211\" data-elementor-post-type=\"page\">\n\t\t\t\t\t\t<section class=\"elementor-section elementor-top-section elementor-element elementor-element-d60b6de elementor-section-boxed elementor-section-height-default elementor-section-height-default\" data-id=\"d60b6de\" data-element_type=\"section\" data-e-type=\"section\">\n\t\t\t\t\t\t<div class=\"elementor-container elementor-column-gap-default\">\n\t\t\t\t\t<div class=\"elementor-column elementor-col-100 elementor-top-column elementor-element elementor-element-f83b75c\" data-id=\"f83b75c\" data-element_type=\"column\" data-e-type=\"column\">\n\t\t\t<div class=\"elementor-widget-wrap elementor-element-populated\">\n\t\t\t\t\t\t<div class=\"elementor-element elementor-element-5b26891 elementor-widget elementor-widget-heading\" data-id=\"5b26891\" data-element_type=\"widget\" data-e-type=\"widget\" data-widget_type=\"heading.default\">\n\t\t\t\t<div class=\"elementor-widget-container\">\n\t\t\t\t\t<h2 class=\"elementor-heading-title elementor-size-default\">Training courses<\/h2>\t\t\t\t<\/div>\n\t\t\t\t<\/div>\n\t\t\t\t\t<\/div>\n\t\t<\/div>\n\t\t\t\t\t<\/div>\n\t\t<\/section>\n\t\t\t\t<section class=\"elementor-section elementor-top-section elementor-element elementor-element-c4fd9ef elementor-section-boxed elementor-section-height-default elementor-section-height-default\" data-id=\"c4fd9ef\" data-element_type=\"section\" data-e-type=\"section\">\n\t\t\t\t\t\t<div class=\"elementor-container elementor-column-gap-default\">\n\t\t\t\t\t<div class=\"elementor-column elementor-col-100 elementor-top-column elementor-element elementor-element-67380df\" data-id=\"67380df\" data-element_type=\"column\" data-e-type=\"column\">\n\t\t\t<div class=\"elementor-widget-wrap elementor-element-populated\">\n\t\t\t\t\t\t<div class=\"elementor-element elementor-element-305120c elementor-widget elementor-widget-text-editor\" data-id=\"305120c\" data-element_type=\"widget\" data-e-type=\"widget\" data-widget_type=\"text-editor.default\">\n\t\t\t\t<div class=\"elementor-widget-container\">\n\t\t\t\t\t\t\t\t\t<p class=\"\" data-start=\"247\" data-end=\"678\">The module <strong data-start=\"257\" data-end=\"282\">\u201eTraining management\u201c<\/strong> in <strong data-start=\"286\" data-end=\"295\">Anyva<\/strong> supports you in planning, implementing and following up on data protection, information security and compliance training in a targeted manner. It ensures that all relevant persons are informed about their duties, risks and rules of conduct - and that this is always the case. <strong data-start=\"613\" data-end=\"665\">documented in a traceable and audit-proof manner<\/strong> can be realised.<\/p><p class=\"\" data-start=\"680\" data-end=\"1007\">A central goal is the <strong data-start=\"707\" data-end=\"766\">Effectiveness of technical and organisational measures<\/strong> within the meaning of Art. 32 GDPR. Because only if employees are sufficiently sensitised can protective measures be reliably effective. Training is therefore not just an obligation, but an essential component of a practised security culture.<\/p><p class=\"\" data-start=\"1009\" data-end=\"1026\">The module offers:<\/p><ul data-start=\"1027\" data-end=\"1626\"><li class=\"\" data-start=\"1027\" data-end=\"1143\"><p class=\"\" data-start=\"1029\" data-end=\"1143\"><strong data-start=\"1029\" data-end=\"1078\">Individual assignment of training duties<\/strong> depending on the role, organisational unit or processing activity.<\/p><\/li><li class=\"\" data-start=\"1144\" data-end=\"1224\"><p class=\"\" data-start=\"1146\" data-end=\"1224\"><strong data-start=\"1146\" data-end=\"1223\">Planning and implementation of face-to-face, e-learning or hybrid training courses<\/strong>.<\/p><\/li><li class=\"\" data-start=\"1339\" data-end=\"1498\"><p class=\"\" data-start=\"1341\" data-end=\"1498\"><strong data-start=\"1341\" data-end=\"1411\">Participant tracking, success documentation and export options<\/strong> for internal audits or external verifications (e.g. certifications, supervisory authorities).<\/p><\/li><li class=\"\" data-start=\"1499\" data-end=\"1626\"><p class=\"\" data-start=\"1501\" data-end=\"1626\"><strong data-start=\"1501\" data-end=\"1550\">Link to incidents or vulnerabilities<\/strong>, if a lack of knowledge is the cause or is assessed as a risk factor.<\/p><\/li><\/ul><p class=\"\" data-start=\"1628\" data-end=\"2018\">Thanks to integration into the overall Anyva system, training management can be combined with other modules such as the register of processing activities, DPIA or vulnerability management. This provides a holistic overview of whether people are sufficiently trained to fulfil their role in data protection and information security responsibly.<\/p>\t\t\t\t\t\t\t\t<\/div>\n\t\t\t\t<\/div>\n\t\t\t\t<div class=\"elementor-element elementor-element-5f92196 elementor-widget elementor-widget-image\" data-id=\"5f92196\" data-element_type=\"widget\" data-e-type=\"widget\" data-widget_type=\"image.default\">\n\t\t\t\t<div class=\"elementor-widget-container\">\n\t\t\t\t\t\t\t\t\t\t\t\t<figure class=\"wp-caption\">\n\t\t\t\t\t\t\t\t\t\t<img loading=\"lazy\" decoding=\"async\" width=\"800\" height=\"581\" src=\"https:\/\/buchholz-software.de\/wp-content\/uploads\/2025\/03\/Schulung-1024x744.png\" class=\"attachment-large size-large wp-image-1213\" alt=\"Training management\" srcset=\"https:\/\/buchholz-software.de\/wp-content\/uploads\/2025\/03\/Schulung-1024x744.png 1024w, https:\/\/buchholz-software.de\/wp-content\/uploads\/2025\/03\/Schulung-300x218.png 300w, https:\/\/buchholz-software.de\/wp-content\/uploads\/2025\/03\/Schulung-768x558.png 768w, https:\/\/buchholz-software.de\/wp-content\/uploads\/2025\/03\/Schulung-18x12.png 18w, https:\/\/buchholz-software.de\/wp-content\/uploads\/2025\/03\/Schulung.png 1236w\" sizes=\"auto, (max-width: 800px) 100vw, 800px\" \/>\t\t\t\t\t\t\t\t\t\t\t<figcaption class=\"widget-image-caption wp-caption-text\">Training management<\/figcaption>\n\t\t\t\t\t\t\t\t\t\t<\/figure>\n\t\t\t\t\t\t\t\t\t<\/div>\n\t\t\t\t<\/div>\n\t\t\t\t\t<\/div>\n\t\t<\/div>\n\t\t\t\t\t<\/div>\n\t\t<\/section>\n\t\t\t\t<\/div>","protected":false},"excerpt":{"rendered":"<p>Schulungen Das Modul \u201eSchulungsmanagement\u201c in Anyva unterst\u00fctzt Sie dabei, Schulungen im Bereich Datenschutz, Informationssicherheit und Compliance gezielt zu planen, durchzuf\u00fchren und nachzuverfolgen. Es stellt sicher, dass alle relevanten Personen \u00fcber ihre Pflichten, Risiken und Verhaltensregeln informiert sind \u2013 und dass dies jederzeit nachvollziehbar und revisionssicher dokumentiert werden kann. Ein zentrales Ziel ist die Wirksamkeit technischer [&hellip;]<\/p>\n","protected":false},"author":1,"featured_media":0,"parent":0,"menu_order":0,"comment_status":"closed","ping_status":"closed","template":"","meta":{"footnotes":""},"class_list":["post-1211","page","type-page","status-publish","hentry"],"_links":{"self":[{"href":"https:\/\/buchholz-software.de\/en\/wp-json\/wp\/v2\/pages\/1211","targetHints":{"allow":["GET"]}}],"collection":[{"href":"https:\/\/buchholz-software.de\/en\/wp-json\/wp\/v2\/pages"}],"about":[{"href":"https:\/\/buchholz-software.de\/en\/wp-json\/wp\/v2\/types\/page"}],"author":[{"embeddable":true,"href":"https:\/\/buchholz-software.de\/en\/wp-json\/wp\/v2\/users\/1"}],"replies":[{"embeddable":true,"href":"https:\/\/buchholz-software.de\/en\/wp-json\/wp\/v2\/comments?post=1211"}],"version-history":[{"count":4,"href":"https:\/\/buchholz-software.de\/en\/wp-json\/wp\/v2\/pages\/1211\/revisions"}],"predecessor-version":[{"id":1216,"href":"https:\/\/buchholz-software.de\/en\/wp-json\/wp\/v2\/pages\/1211\/revisions\/1216"}],"wp:attachment":[{"href":"https:\/\/buchholz-software.de\/en\/wp-json\/wp\/v2\/media?parent=1211"}],"curies":[{"name":"wp","href":"https:\/\/api.w.org\/{rel}","templated":true}]}}