{"id":139,"date":"2022-11-26T14:38:20","date_gmt":"2022-11-26T13:38:20","guid":{"rendered":"https:\/\/buchholz-software.de\/?page_id=139"},"modified":"2025-03-17T17:09:04","modified_gmt":"2025-03-17T16:09:04","slug":"counselling","status":"publish","type":"page","link":"https:\/\/buchholz-software.de\/en\/beratung\/","title":{"rendered":"Counselling"},"content":{"rendered":"<div data-elementor-type=\"wp-page\" data-elementor-id=\"139\" class=\"elementor elementor-139\" data-elementor-post-type=\"page\">\n\t\t\t\t\t\t<section class=\"elementor-section elementor-top-section elementor-element elementor-element-647eb6d elementor-section-boxed elementor-section-height-default elementor-section-height-default\" data-id=\"647eb6d\" data-element_type=\"section\" data-e-type=\"section\">\n\t\t\t\t\t\t<div class=\"elementor-container elementor-column-gap-default\">\n\t\t\t\t\t<div class=\"elementor-column elementor-col-100 elementor-top-column elementor-element elementor-element-9a1cc7f\" data-id=\"9a1cc7f\" data-element_type=\"column\" data-e-type=\"column\">\n\t\t\t<div class=\"elementor-widget-wrap elementor-element-populated\">\n\t\t\t\t\t\t<div class=\"elementor-element elementor-element-e6061cb elementor-widget elementor-widget-spacer\" data-id=\"e6061cb\" data-element_type=\"widget\" data-e-type=\"widget\" data-widget_type=\"spacer.default\">\n\t\t\t\t<div class=\"elementor-widget-container\">\n\t\t\t\t\t\t\t<div class=\"elementor-spacer\">\n\t\t\t<div class=\"elementor-spacer-inner\"><\/div>\n\t\t<\/div>\n\t\t\t\t\t\t<\/div>\n\t\t\t\t<\/div>\n\t\t\t\t\t<\/div>\n\t\t<\/div>\n\t\t\t\t\t<\/div>\n\t\t<\/section>\n\t\t\t\t<section class=\"elementor-section elementor-top-section elementor-element elementor-element-16c49bc elementor-section-boxed elementor-section-height-default elementor-section-height-default\" data-id=\"16c49bc\" data-element_type=\"section\" data-e-type=\"section\">\n\t\t\t\t\t\t<div class=\"elementor-container elementor-column-gap-default\">\n\t\t\t\t\t<div class=\"elementor-column elementor-col-100 elementor-top-column elementor-element elementor-element-35c12ea\" data-id=\"35c12ea\" data-element_type=\"column\" data-e-type=\"column\">\n\t\t\t<div class=\"elementor-widget-wrap elementor-element-populated\">\n\t\t\t\t\t\t<section class=\"elementor-section elementor-inner-section elementor-element elementor-element-48db7b0 elementor-section-boxed elementor-section-height-default elementor-section-height-default\" data-id=\"48db7b0\" data-element_type=\"section\" data-e-type=\"section\">\n\t\t\t\t\t\t<div class=\"elementor-container elementor-column-gap-default\">\n\t\t\t\t\t<div class=\"elementor-column elementor-col-50 elementor-inner-column elementor-element elementor-element-09565f4\" data-id=\"09565f4\" data-element_type=\"column\" data-e-type=\"column\">\n\t\t\t<div class=\"elementor-widget-wrap elementor-element-populated\">\n\t\t\t\t\t\t<div class=\"elementor-element elementor-element-fb5328d elementor-widget elementor-widget-image\" data-id=\"fb5328d\" data-element_type=\"widget\" data-e-type=\"widget\" data-widget_type=\"image.default\">\n\t\t\t\t<div class=\"elementor-widget-container\">\n\t\t\t\t\t\t\t\t\t\t\t\t\t\t\t<img loading=\"lazy\" decoding=\"async\" width=\"800\" height=\"534\" src=\"https:\/\/buchholz-software.de\/wp-content\/uploads\/2022\/11\/hacking-2964100_1920-e1669470836889-1024x683.jpg\" class=\"attachment-large size-large wp-image-150\" alt=\"\" srcset=\"https:\/\/buchholz-software.de\/wp-content\/uploads\/2022\/11\/hacking-2964100_1920-e1669470836889-1024x683.jpg 1024w, https:\/\/buchholz-software.de\/wp-content\/uploads\/2022\/11\/hacking-2964100_1920-e1669470836889-300x200.jpg 300w, https:\/\/buchholz-software.de\/wp-content\/uploads\/2022\/11\/hacking-2964100_1920-e1669470836889-768x512.jpg 768w, https:\/\/buchholz-software.de\/wp-content\/uploads\/2022\/11\/hacking-2964100_1920-e1669470836889-1536x1024.jpg 1536w, https:\/\/buchholz-software.de\/wp-content\/uploads\/2022\/11\/hacking-2964100_1920-e1669470836889.jpg 1920w\" sizes=\"auto, (max-width: 800px) 100vw, 800px\" \/>\t\t\t\t\t\t\t\t\t\t\t\t\t\t\t<\/div>\n\t\t\t\t<\/div>\n\t\t\t\t\t<\/div>\n\t\t<\/div>\n\t\t\t\t<div class=\"elementor-column elementor-col-50 elementor-inner-column elementor-element elementor-element-89dd579\" data-id=\"89dd579\" data-element_type=\"column\" data-e-type=\"column\">\n\t\t\t<div class=\"elementor-widget-wrap elementor-element-populated\">\n\t\t\t\t\t\t<div class=\"elementor-element elementor-element-7fd91f0 elementor-widget elementor-widget-heading\" data-id=\"7fd91f0\" data-element_type=\"widget\" data-e-type=\"widget\" data-widget_type=\"heading.default\">\n\t\t\t\t<div class=\"elementor-widget-container\">\n\t\t\t\t\t<h2 class=\"elementor-heading-title elementor-size-default\">Counselling<\/h2>\t\t\t\t<\/div>\n\t\t\t\t<\/div>\n\t\t\t\t\t<\/div>\n\t\t<\/div>\n\t\t\t\t\t<\/div>\n\t\t<\/section>\n\t\t\t\t<div class=\"elementor-element elementor-element-26c2751 elementor-widget elementor-widget-spacer\" data-id=\"26c2751\" data-element_type=\"widget\" data-e-type=\"widget\" data-widget_type=\"spacer.default\">\n\t\t\t\t<div class=\"elementor-widget-container\">\n\t\t\t\t\t\t\t<div class=\"elementor-spacer\">\n\t\t\t<div class=\"elementor-spacer-inner\"><\/div>\n\t\t<\/div>\n\t\t\t\t\t\t<\/div>\n\t\t\t\t<\/div>\n\t\t\t\t<div class=\"elementor-element elementor-element-08ea2aa elementor-widget elementor-widget-text-editor\" data-id=\"08ea2aa\" data-element_type=\"widget\" data-e-type=\"widget\" data-widget_type=\"text-editor.default\">\n\t\t\t\t<div class=\"elementor-widget-container\">\n\t\t\t\t\t\t\t\t\t<p><strong>Data protection<br \/><\/strong><\/p><ul><li><strong>Data protection management<\/strong><br \/>Establishment of the data protection organisation, preparation of mandatory documentation, fulfilment of accountability, maintenance of the register of processing activities, risk management, implementation of data protection impact assessments, processing of data subject enquiries, processing of data protection incidents, management of order processing, communication with the supervisory authorities, management of data protection coordinators, coordination of cooperation with the other business areas, in particular with information security<\/li><li><strong>Audits and pentests<\/strong><br \/>Carrying out internal and external audits, preparing certification in accordance with Art. 42 GDPR, checking the effectiveness of measures, checking the security of processing, checking documentation and risk assessments<\/li><li><strong>Training and education<\/strong><br \/>Training preparation, regular online and classroom training, proof of success, training on general and specific attack scenarios, management and employee training<\/li><li><strong>External data protection officer<\/strong><br \/>Advice and support for your company in all data protection issues, communication with data subjects and the supervisory authority, regular training sessions with proof of success<\/li><\/ul>\t\t\t\t\t\t\t\t<\/div>\n\t\t\t\t<\/div>\n\t\t\t\t<div class=\"elementor-element elementor-element-e9ddde1 elementor-widget elementor-widget-text-editor\" data-id=\"e9ddde1\" data-element_type=\"widget\" data-e-type=\"widget\" data-widget_type=\"text-editor.default\">\n\t\t\t\t<div class=\"elementor-widget-container\">\n\t\t\t\t\t\t\t\t\t<p><strong>Information security<br \/><\/strong><\/p><ul><li><strong>Information security management<\/strong><br \/>Advice on setting up the ISMS and preparing for certification in accordance with BSI basic protection and ISO 27001, coordination of cooperation with the other business units, in particular with data protection.<\/li><li><strong>Audits and pentests<\/strong><br \/>Carrying out internal and external audits, preparation and follow-up of certifications, checking the effectiveness of measures, checking documentation and risk assessments, processing defect lists<\/li><li><strong>Training and education<\/strong><br \/>Training preparation, regular online and classroom training, proof of success, training on general and specific attack scenarios, management and employee training<\/li><\/ul>\t\t\t\t\t\t\t\t<\/div>\n\t\t\t\t<\/div>\n\t\t\t\t<div class=\"elementor-element elementor-element-066a7d5 elementor-widget elementor-widget-text-editor\" data-id=\"066a7d5\" data-element_type=\"widget\" data-e-type=\"widget\" data-widget_type=\"text-editor.default\">\n\t\t\t\t<div class=\"elementor-widget-container\">\n\t\t\t\t\t\t\t\t\t<p><strong>DIGA and TR-03161 Audit preparation<\/strong><\/p><ul><li><strong>Data protection and technical preparation of your DIGA in accordance with DIGAV for submission to the BfArM<\/strong><br \/>Digital health applications must fulfil a number of requirements before they are approved by the BfArM. The DIGAV in particular places high demands on data protection and data security. We protect you from surprises in the authorisation process.<\/li><li><strong>Exam preparation and pre-audit for TR-03161 (parts 1-3)<\/strong><br \/>Since 1 January 2025, you need a TR-03161 BSI certificate for the listing of your DIGA by the BfArM. The challenges for this should not be underestimated, the failure rate is high. Play it safe! We will guide you successfully through the certification process!<\/li><\/ul><div>\u00a0<\/div><div>\u00a0<\/div>\t\t\t\t\t\t\t\t<\/div>\n\t\t\t\t<\/div>\n\t\t\t\t\t<\/div>\n\t\t<\/div>\n\t\t\t\t\t<\/div>\n\t\t<\/section>\n\t\t\t\t<\/div>","protected":false},"excerpt":{"rendered":"<p>Beratung Datenschutz DatenschutzmanagementAufbau der Datenschutzorganisation, Erstellung Pflichtdokumentation, Erf\u00fcllung Rechenschaftspflicht, F\u00fchren des Verzeichnis der Verarbeitungst\u00e4tigkeiten, Risikomanagement, Durchf\u00fchrung der Datenschutzfolgenabsch\u00e4tzungen, Bearbeitung Betroffenenanfragen, Bearbeitung von Datenschutzvorf\u00e4llen, Management der Auftragsverarbeitungen, Kommunikation mit den Aufsichtsbeh\u00f6rden, F\u00fchren der Datenschutzkoordinatoren, Koordination der Zusammenarbeit mit den anderen Gesch\u00e4ftsbereichen, insbesondere mit der Informationssicherheit Audits und PentestsDurchf\u00fchrung von internen und exterenen Auditierungen, Vorbereitung der Zertifizierung [&hellip;]<\/p>\n","protected":false},"author":1,"featured_media":0,"parent":0,"menu_order":0,"comment_status":"closed","ping_status":"closed","template":"","meta":{"footnotes":""},"class_list":["post-139","page","type-page","status-publish","hentry"],"_links":{"self":[{"href":"https:\/\/buchholz-software.de\/en\/wp-json\/wp\/v2\/pages\/139","targetHints":{"allow":["GET"]}}],"collection":[{"href":"https:\/\/buchholz-software.de\/en\/wp-json\/wp\/v2\/pages"}],"about":[{"href":"https:\/\/buchholz-software.de\/en\/wp-json\/wp\/v2\/types\/page"}],"author":[{"embeddable":true,"href":"https:\/\/buchholz-software.de\/en\/wp-json\/wp\/v2\/users\/1"}],"replies":[{"embeddable":true,"href":"https:\/\/buchholz-software.de\/en\/wp-json\/wp\/v2\/comments?post=139"}],"version-history":[{"count":49,"href":"https:\/\/buchholz-software.de\/en\/wp-json\/wp\/v2\/pages\/139\/revisions"}],"predecessor-version":[{"id":926,"href":"https:\/\/buchholz-software.de\/en\/wp-json\/wp\/v2\/pages\/139\/revisions\/926"}],"wp:attachment":[{"href":"https:\/\/buchholz-software.de\/en\/wp-json\/wp\/v2\/media?parent=139"}],"curies":[{"name":"wp","href":"https:\/\/api.w.org\/{rel}","templated":true}]}}