{"id":339,"date":"2024-07-18T13:58:59","date_gmt":"2024-07-18T11:58:59","guid":{"rendered":"https:\/\/buchholz-software.de\/?page_id=339"},"modified":"2024-07-26T14:34:26","modified_gmt":"2024-07-26T12:34:26","slug":"anyva","status":"publish","type":"page","link":"https:\/\/buchholz-software.de\/en\/anyva\/","title":{"rendered":"Anyva"},"content":{"rendered":"<div data-elementor-type=\"wp-page\" data-elementor-id=\"339\" class=\"elementor elementor-339\" data-elementor-post-type=\"page\">\n\t\t\t\t\t\t<section class=\"elementor-section elementor-top-section elementor-element elementor-element-5ddaf72 elementor-section-boxed elementor-section-height-default elementor-section-height-default\" data-id=\"5ddaf72\" data-element_type=\"section\" data-e-type=\"section\">\n\t\t\t\t\t\t<div class=\"elementor-container elementor-column-gap-default\">\n\t\t\t\t\t<div class=\"elementor-column elementor-col-100 elementor-top-column elementor-element elementor-element-e40c161\" data-id=\"e40c161\" data-element_type=\"column\" data-e-type=\"column\">\n\t\t\t<div class=\"elementor-widget-wrap elementor-element-populated\">\n\t\t\t\t\t\t<section class=\"elementor-section elementor-inner-section elementor-element elementor-element-150408b elementor-section-boxed elementor-section-height-default elementor-section-height-default\" data-id=\"150408b\" data-element_type=\"section\" data-e-type=\"section\">\n\t\t\t\t\t\t<div class=\"elementor-container elementor-column-gap-default\">\n\t\t\t\t\t<div class=\"elementor-column elementor-col-100 elementor-inner-column elementor-element elementor-element-50afa44\" data-id=\"50afa44\" data-element_type=\"column\" data-e-type=\"column\">\n\t\t\t<div class=\"elementor-widget-wrap elementor-element-populated\">\n\t\t\t\t\t\t<div class=\"elementor-element elementor-element-ef18273 elementor-widget elementor-widget-heading\" data-id=\"ef18273\" data-element_type=\"widget\" data-e-type=\"widget\" data-widget_type=\"heading.default\">\n\t\t\t\t<div class=\"elementor-widget-container\">\n\t\t\t\t\t<h2 class=\"elementor-heading-title elementor-size-default\">Anyva GRC Suite<\/h2>\t\t\t\t<\/div>\n\t\t\t\t<\/div>\n\t\t\t\t<div class=\"elementor-element elementor-element-660ae02 elementor-widget elementor-widget-image\" data-id=\"660ae02\" data-element_type=\"widget\" data-e-type=\"widget\" data-widget_type=\"image.default\">\n\t\t\t\t<div class=\"elementor-widget-container\">\n\t\t\t\t\t\t\t\t\t\t\t\t\t\t\t\t<a href=\"https:\/\/buchholz-software.de\/wp-content\/uploads\/2024\/07\/Anyva-Englisch-RPA.png\" data-elementor-open-lightbox=\"yes\" data-elementor-lightbox-title=\"Anyva Englisch RPA\" data-e-action-hash=\"#elementor-action%3Aaction%3Dlightbox%26settings%3DeyJpZCI6MzU3LCJ1cmwiOiJodHRwczpcL1wvYnVjaGhvbHotc29mdHdhcmUuZGVcL3dwLWNvbnRlbnRcL3VwbG9hZHNcLzIwMjRcLzA3XC9Bbnl2YS1FbmdsaXNjaC1SUEEucG5nIn0%3D\">\n\t\t\t\t\t\t\t<img loading=\"lazy\" decoding=\"async\" width=\"800\" height=\"363\" src=\"https:\/\/buchholz-software.de\/wp-content\/uploads\/2024\/07\/Anyva-Englisch-RPA-1024x465.png\" class=\"attachment-large size-large wp-image-357\" alt=\"\" srcset=\"https:\/\/buchholz-software.de\/wp-content\/uploads\/2024\/07\/Anyva-Englisch-RPA-1024x465.png 1024w, https:\/\/buchholz-software.de\/wp-content\/uploads\/2024\/07\/Anyva-Englisch-RPA-300x136.png 300w, https:\/\/buchholz-software.de\/wp-content\/uploads\/2024\/07\/Anyva-Englisch-RPA-768x348.png 768w, https:\/\/buchholz-software.de\/wp-content\/uploads\/2024\/07\/Anyva-Englisch-RPA-1536x697.png 1536w, https:\/\/buchholz-software.de\/wp-content\/uploads\/2024\/07\/Anyva-Englisch-RPA-18x8.png 18w, https:\/\/buchholz-software.de\/wp-content\/uploads\/2024\/07\/Anyva-Englisch-RPA.png 1911w\" sizes=\"auto, (max-width: 800px) 100vw, 800px\" \/>\t\t\t\t\t\t\t\t<\/a>\n\t\t\t\t\t\t\t\t\t\t\t\t\t\t\t<\/div>\n\t\t\t\t<\/div>\n\t\t\t\t<div class=\"elementor-element elementor-element-25dd700 elementor-widget elementor-widget-text-editor\" data-id=\"25dd700\" data-element_type=\"widget\" data-e-type=\"widget\" data-widget_type=\"text-editor.default\">\n\t\t\t\t<div class=\"elementor-widget-container\">\n\t\t\t\t\t\t\t\t\t<p style=\"text-align: center;\">Anyva GRC Suite <\/p>\t\t\t\t\t\t\t\t<\/div>\n\t\t\t\t<\/div>\n\t\t\t\t\t<\/div>\n\t\t<\/div>\n\t\t\t\t\t<\/div>\n\t\t<\/section>\n\t\t\t\t\t<\/div>\n\t\t<\/div>\n\t\t\t\t\t<\/div>\n\t\t<\/section>\n\t\t\t\t<section class=\"elementor-section elementor-top-section elementor-element elementor-element-e255d66 elementor-section-boxed elementor-section-height-default elementor-section-height-default\" data-id=\"e255d66\" data-element_type=\"section\" data-e-type=\"section\">\n\t\t\t\t\t\t<div class=\"elementor-container elementor-column-gap-default\">\n\t\t\t\t\t<div class=\"elementor-column elementor-col-100 elementor-top-column elementor-element elementor-element-85171b1\" data-id=\"85171b1\" data-element_type=\"column\" data-e-type=\"column\">\n\t\t\t<div class=\"elementor-widget-wrap elementor-element-populated\">\n\t\t\t\t\t\t<div class=\"elementor-element elementor-element-be44473 elementor-widget elementor-widget-text-editor\" data-id=\"be44473\" data-element_type=\"widget\" data-e-type=\"widget\" data-widget_type=\"text-editor.default\">\n\t\t\t\t<div class=\"elementor-widget-container\">\n\t\t\t\t\t\t\t\t\t<h3 style=\"text-align: center;\"><span style=\"color: #666699;\"><strong>Data protection<\/strong><\/span><\/h3><p style=\"text-align: center;\">\u2705 <strong>Data protection organisation<\/strong><br \/>(user and rights management, responsibilities, risk status, implementation status, evaluations, checklists, tickets, task overview, audits, error lists, appointments, reports, guidelines, manuals, concepts, objectives, training and further training, deletion concepts, PDCA cycles, confidentiality agreements, document control)<\/p><p style=\"text-align: center;\">\u2705<strong>Register of processing activities (VVT)<\/strong><br \/>(responsibility, description, legality, purposes, purpose limitation, deletion rules, forwarding, data and person categories, DSFA threshold value analysis, systems used and security of processing, processing status, status of order processing, risk status, TOM, checks, deadlines, tasks, tickets, numerous templates and templates, link to external documents, report\/export to PDF, DOCX, XLSX, HTML, ...)<\/p><p style=\"text-align: center;\">\u2705 <strong>Data protection impact assessment (DPIA)<\/strong><br \/>(Description, delimitation, purposes, information diagram, network diagram, requirement modules, affected warranty objectives, individual requirements with risks and effects, TOM, description of the effect, probabilities of occurrence, risk matrices with and without TOM, residual risk, open measures, deadlines, tickets, reviews, DPO statement, PDCA cycles, link to external documents, report\/export to PDF, DOCX, XLSX, HTML, ...)<\/p><p style=\"text-align: center;\">\u2705 <strong>Data Protection Officer (DPO)<\/strong><br \/>(appointment and proof of notification, proof of expertise, conflicts of interest, statements, training and consultations, time recording, minutes of meetings, correspondence with authorities and affected persons, deadline tracking, audit logs with error lists and processing statuses) <\/p><p style=\"text-align: center;\">\u2705 <strong>Persons concerned<\/strong><br \/>(recording complaints and exercising rights, documentation of identifications, information, corrections, deletions, objections, transfer requests, logging and tracking of deadlines, communication with data subjects, consent management) <\/p><p style=\"text-align: center;\">\u2705 <strong>Data breaches<\/strong><br \/>(documentation, notification to supervisory authorities, communication with data subjects, remedial measures, proof of effectiveness, tickets, deadlines, tasks) <\/p><p style=\"text-align: center;\">\u2705 <strong>Order processing<\/strong><br \/>(documentation of order processing contracts, audit criteria for processors, audit criteria for order processing contracts, regular reviews, tickets, deadlines, tasks)<\/p>\t\t\t\t\t\t\t\t<\/div>\n\t\t\t\t<\/div>\n\t\t\t\t<div class=\"elementor-element elementor-element-0917bef elementor-widget elementor-widget-text-editor\" data-id=\"0917bef\" data-element_type=\"widget\" data-e-type=\"widget\" data-widget_type=\"text-editor.default\">\n\t\t\t\t<div class=\"elementor-widget-container\">\n\t\t\t\t\t\t\t\t\t<h3 style=\"text-align: center;\"><span style=\"color: #666699;\"><strong>Information security<\/strong><\/span><\/h3><div style=\"text-align: center;\">\u2705 <strong>Organisation<\/strong><br \/>(user and rights management, responsibilities, risk status, implementation status, evaluations, checklists, tickets, task overview, audits, error lists, deadlines, reports, guidelines, manuals, concepts, objectives, training and further training, PDCA cycles, confidentiality agreements, document control)<\/div><div style=\"text-align: center;\">\u00a0<\/div><p style=\"text-align: center;\">\u2705<strong>BSI basic protection<\/strong><br \/>(concepts and planning, guidelines, directives, responsibilities, delimitations, business processes, resources, structural analysis, determination of protection requirements, modelling, risk analysis, continuous improvement (PDCA), audit plans, audit results, defect lists with processing statuses)<\/p><p style=\"text-align: center;\">\u2705<strong>ISO 27001<\/strong><br \/>(Concepts and planning, guidelines, policies, responsibilities, demarcations, assets and resources, risk analysis, protection needs analysis, SOAs, risk treatment, continuous improvement (PDCA), audit plans, audit results, defect lists with processing statuses)<\/p>\t\t\t\t\t\t\t\t<\/div>\n\t\t\t\t<\/div>\n\t\t\t\t<div class=\"elementor-element elementor-element-8a2767e elementor-widget elementor-widget-text-editor\" data-id=\"8a2767e\" data-element_type=\"widget\" data-e-type=\"widget\" data-widget_type=\"text-editor.default\">\n\t\t\t\t<div class=\"elementor-widget-container\">\n\t\t\t\t\t\t\t\t\t<h3 style=\"text-align: center;\"><span style=\"color: #666699;\"><strong>Asset management<br \/><\/strong><\/span><\/h3><div style=\"text-align: center;\">\u2705 <strong>Assets<\/strong><br \/>(name, status, manufacturer, serial number, photo, BYD, supplier, costs, amortisation, risk status, notification group, vulnerability check)<\/div><div style=\"text-align: center;\">\u00a0<\/div><p style=\"text-align: center;\">\u2705<strong>Technical systems<\/strong><br \/>(Name and description, risk status, vulnerability assessment, list of assets, associated DSMS processing activities)<\/p><p style=\"text-align: center;\">\u2705<strong>Target object groups<\/strong><br \/>(List of technical systems, risk status, associated ISMS business processes)<\/p>\t\t\t\t\t\t\t\t<\/div>\n\t\t\t\t<\/div>\n\t\t\t\t<div class=\"elementor-element elementor-element-24c9671 elementor-widget elementor-widget-text-editor\" data-id=\"24c9671\" data-element_type=\"widget\" data-e-type=\"widget\" data-widget_type=\"text-editor.default\">\n\t\t\t\t<div class=\"elementor-widget-container\">\n\t\t\t\t\t\t\t\t\t<h3 style=\"text-align: center;\"><span style=\"color: #666699;\"><strong>Vulnerability management<br><\/strong><\/span><\/h3>\n<div style=\"text-align: center;\">\u2705 <strong>CVE database<\/strong><br>(Hourly update of the local copy of the MITRE CVE&nbsp;<\/div>\n<div style=\"text-align: center;\">vulnerability database)<\/div>\n<div style=\"text-align: center;\">&nbsp;<\/div>\n<p style=\"text-align: center;\">\u2705<strong>CveCheckups<\/strong><br>(Check of all assets in the asset database against new CVE data records and notification of the check group, relevance check)<\/p>\n<p style=\"text-align: center;\">\u2705<strong>Vulnerabilities<\/strong><br>(Vulnerability management for assets, delegation of treatment status to associated technical systems, processing activities (DSMS) and business processes (ISMS), tracking of vulnerability treatment status, report and management review, tickets, tasks, deadlines, PDCA cycles)<br><\/p>\t\t\t\t\t\t\t\t<\/div>\n\t\t\t\t<\/div>\n\t\t\t\t\t<\/div>\n\t\t<\/div>\n\t\t\t\t\t<\/div>\n\t\t<\/section>\n\t\t\t\t<\/div>","protected":false},"excerpt":{"rendered":"<p>Anyva GRC Suite Anyva GRC Suite Datenschutz \u2705 Datenschutzorganisation(Benutzer- und Rechteverwaltung, Verantwortlichkeiten, Risikostatus, Umsetzungsstatus, Bewertungen, Checklisten, Tickets, Aufgaben\u00fcbersicht, Audits, Fehlerlisten, Termine, Berichte, Richtlinien, Handb\u00fccher, Konzepte, Ziele, Schulungen und Weiterbildungen, L\u00f6schkonzepte, PDCA Zyklen, Vertraulichkeitsvereinbarungen, Dokumentenlenkung) \u2705Verzeichnis der Verarbeitungst\u00e4tigkeiten (VVT)(Verantworlichkeit, Beschreibung, Rechtm\u00e4\u00dfigkeit, Zwecke, Zweckbindung, L\u00f6schregeln, Weitergabe, Daten- und Personenkategorien, DSFA Schwellwertanalyse, eingesetzte Systeme und Sicherheit der Verarbeitung, [&hellip;]<\/p>\n","protected":false},"author":1,"featured_media":0,"parent":0,"menu_order":0,"comment_status":"closed","ping_status":"closed","template":"","meta":{"footnotes":""},"class_list":["post-339","page","type-page","status-publish","hentry"],"_links":{"self":[{"href":"https:\/\/buchholz-software.de\/en\/wp-json\/wp\/v2\/pages\/339","targetHints":{"allow":["GET"]}}],"collection":[{"href":"https:\/\/buchholz-software.de\/en\/wp-json\/wp\/v2\/pages"}],"about":[{"href":"https:\/\/buchholz-software.de\/en\/wp-json\/wp\/v2\/types\/page"}],"author":[{"embeddable":true,"href":"https:\/\/buchholz-software.de\/en\/wp-json\/wp\/v2\/users\/1"}],"replies":[{"embeddable":true,"href":"https:\/\/buchholz-software.de\/en\/wp-json\/wp\/v2\/comments?post=339"}],"version-history":[{"count":48,"href":"https:\/\/buchholz-software.de\/en\/wp-json\/wp\/v2\/pages\/339\/revisions"}],"predecessor-version":[{"id":977,"href":"https:\/\/buchholz-software.de\/en\/wp-json\/wp\/v2\/pages\/339\/revisions\/977"}],"wp:attachment":[{"href":"https:\/\/buchholz-software.de\/en\/wp-json\/wp\/v2\/media?parent=339"}],"curies":[{"name":"wp","href":"https:\/\/api.w.org\/{rel}","templated":true}]}}