{"id":928,"date":"2025-03-18T11:18:03","date_gmt":"2025-03-18T10:18:03","guid":{"rendered":"https:\/\/buchholz-software.de\/?page_id=928"},"modified":"2025-03-18T11:57:16","modified_gmt":"2025-03-18T10:57:16","slug":"why-anyva","status":"publish","type":"page","link":"https:\/\/buchholz-software.de\/en\/warum-anyva\/","title":{"rendered":"Why Anyva"},"content":{"rendered":"<div data-elementor-type=\"wp-page\" data-elementor-id=\"928\" class=\"elementor elementor-928\" data-elementor-post-type=\"page\">\n\t\t\t\t\t\t<section class=\"elementor-section elementor-top-section elementor-element elementor-element-c29d8fc elementor-section-boxed elementor-section-height-default elementor-section-height-default\" data-id=\"c29d8fc\" data-element_type=\"section\" data-e-type=\"section\">\n\t\t\t\t\t\t<div class=\"elementor-container elementor-column-gap-default\">\n\t\t\t\t\t<div class=\"elementor-column elementor-col-100 elementor-top-column elementor-element elementor-element-b5a21f8\" data-id=\"b5a21f8\" data-element_type=\"column\" data-e-type=\"column\">\n\t\t\t<div class=\"elementor-widget-wrap elementor-element-populated\">\n\t\t\t\t\t\t<div class=\"elementor-element elementor-element-8d160a1 elementor-widget elementor-widget-heading\" data-id=\"8d160a1\" data-element_type=\"widget\" data-e-type=\"widget\" data-widget_type=\"heading.default\">\n\t\t\t\t<div class=\"elementor-widget-container\">\n\t\t\t\t\t<h2 class=\"elementor-heading-title elementor-size-default\">Why Anyva?<\/h2>\t\t\t\t<\/div>\n\t\t\t\t<\/div>\n\t\t\t\t\t<\/div>\n\t\t<\/div>\n\t\t\t\t\t<\/div>\n\t\t<\/section>\n\t\t\t\t<section class=\"elementor-section elementor-top-section elementor-element elementor-element-1b6d2ac elementor-section-boxed elementor-section-height-default elementor-section-height-default\" data-id=\"1b6d2ac\" data-element_type=\"section\" data-e-type=\"section\">\n\t\t\t\t\t\t<div class=\"elementor-container elementor-column-gap-extended\">\n\t\t\t\t\t<div class=\"elementor-column elementor-col-100 elementor-top-column elementor-element elementor-element-47c4954\" data-id=\"47c4954\" data-element_type=\"column\" data-e-type=\"column\">\n\t\t\t<div class=\"elementor-widget-wrap elementor-element-populated\">\n\t\t\t\t\t\t<div class=\"elementor-element elementor-element-81fb1f7 elementor-widget elementor-widget-image\" data-id=\"81fb1f7\" data-element_type=\"widget\" data-e-type=\"widget\" data-widget_type=\"image.default\">\n\t\t\t\t<div class=\"elementor-widget-container\">\n\t\t\t\t\t\t\t\t\t\t\t\t\t\t\t<img loading=\"lazy\" decoding=\"async\" width=\"768\" height=\"469\" src=\"https:\/\/buchholz-software.de\/wp-content\/uploads\/2025\/03\/Anyva-VVT-768x469.png\" class=\"attachment-medium_large size-medium_large wp-image-942\" alt=\"\" srcset=\"https:\/\/buchholz-software.de\/wp-content\/uploads\/2025\/03\/Anyva-VVT-768x469.png 768w, https:\/\/buchholz-software.de\/wp-content\/uploads\/2025\/03\/Anyva-VVT-300x183.png 300w, https:\/\/buchholz-software.de\/wp-content\/uploads\/2025\/03\/Anyva-VVT-1024x626.png 1024w, https:\/\/buchholz-software.de\/wp-content\/uploads\/2025\/03\/Anyva-VVT-18x12.png 18w, https:\/\/buchholz-software.de\/wp-content\/uploads\/2025\/03\/Anyva-VVT.png 1273w\" sizes=\"auto, (max-width: 768px) 100vw, 768px\" \/>\t\t\t\t\t\t\t\t\t\t\t\t\t\t\t<\/div>\n\t\t\t\t<\/div>\n\t\t\t\t<section class=\"elementor-section elementor-inner-section elementor-element elementor-element-eb59b82 elementor-section-boxed elementor-section-height-default elementor-section-height-default\" data-id=\"eb59b82\" data-element_type=\"section\" data-e-type=\"section\">\n\t\t\t\t\t\t<div class=\"elementor-container elementor-column-gap-default\">\n\t\t\t\t\t<div class=\"elementor-column elementor-col-100 elementor-inner-column elementor-element elementor-element-87afada\" data-id=\"87afada\" data-element_type=\"column\" data-e-type=\"column\">\n\t\t\t<div class=\"elementor-widget-wrap elementor-element-populated\">\n\t\t\t\t\t\t<div class=\"elementor-element elementor-element-5c7264b elementor-widget elementor-widget-text-editor\" data-id=\"5c7264b\" data-element_type=\"widget\" data-e-type=\"widget\" data-widget_type=\"text-editor.default\">\n\t\t\t\t<div class=\"elementor-widget-container\">\n\t\t\t\t\t\t\t\t\t<p><span style=\"color: #248eba;\">In many years of working in data protection and information security at various larger and smaller companies, I have heard one sentence time and again: \"We finally need a software solution to rationalise our data protection and information security processes!<\/span><\/p><p><strong><span style=\"color: #248eba;\">Anyone looking for a professional, integrated solution for this task area must fulfil the following minimum requirements:<\/span><\/strong><\/p><ul><li>Simple,<strong> Intuitive<\/strong> <strong>User interface<\/strong> in the technical language of the company and those responsible and affected, not that of lawyers<br \/><br \/><\/li><li>Fulfilment of the <strong>Documentation obligations<\/strong> in data protection and information security, in particular the ability to document processing activities completely and plausibly and to analyse the structure of information security in the company on the basis of the <strong>Business processes<\/strong> to organise.<br \/><br \/><\/li><li>to identify risks in data protection and information security in a complete, plausible and reproducible manner and to implement the risk treatment in accordance with the <strong>General principles of risk management<\/strong> (effects, probabilities of occurrence, measures to protect the warranty objectives, ...) to be organised<br \/><br \/><\/li><li>Possibility of creating complete, plausible, reproducible <strong>Data protection impact assessments<\/strong> (DPIA), taking into account all processing circumstances, technology and warranty objectives in accordance with the Standard Data Protection Model (SDM)<br \/><br \/><\/li><li><strong>Measures <\/strong>(TOM) for data protection and information security together, to combine both perspectives \u201e<strong>interlock<\/strong>\u201c<br \/><br \/><\/li><li>Genuine <strong>Process management<\/strong>, Automated notifications for incidents and requests, automatic scheduling, tickets and tasks<br \/><br \/><\/li><li><strong>PDCA cycles<\/strong>, resubmissions, prioritisations<br \/><br \/><\/li><li><strong>Vulnerability management,<\/strong> Automatic \u201enotifications\u201c and risk references to business processes and process owners in the event of untreated risks and vulnerabilities<br \/><br \/><\/li><li>Automated processing of <strong>Enquiries from affected parties<\/strong><br \/><br \/><\/li><li>Provision of meaningful <strong>Templates and examples<\/strong><\/li><\/ul><div>\u00a0<\/div>\t\t\t\t\t\t\t\t<\/div>\n\t\t\t\t<\/div>\n\t\t\t\t\t<\/div>\n\t\t<\/div>\n\t\t\t\t\t<\/div>\n\t\t<\/section>\n\t\t\t\t<section class=\"elementor-section elementor-inner-section elementor-element elementor-element-d1859d5 elementor-section-boxed elementor-section-height-default elementor-section-height-default\" data-id=\"d1859d5\" data-element_type=\"section\" data-e-type=\"section\">\n\t\t\t\t\t\t<div class=\"elementor-container elementor-column-gap-default\">\n\t\t\t\t\t<div class=\"elementor-column elementor-col-100 elementor-inner-column elementor-element elementor-element-373af9f\" data-id=\"373af9f\" data-element_type=\"column\" data-e-type=\"column\">\n\t\t\t<div class=\"elementor-widget-wrap elementor-element-populated\">\n\t\t\t\t\t\t<div class=\"elementor-element elementor-element-6f1872a elementor-widget__width-initial elementor-widget elementor-widget-text-editor\" data-id=\"6f1872a\" data-element_type=\"widget\" data-e-type=\"widget\" data-widget_type=\"text-editor.default\">\n\t\t\t\t<div class=\"elementor-widget-container\">\n\t\t\t\t\t\t\t\t\t<p><span style=\"color: #248eba;\">Since such a solution was not to be found, Anyva was created. A software solution, from practice, for practice<br \/><strong>in the language of the users.<\/strong><\/span><\/p>\t\t\t\t\t\t\t\t<\/div>\n\t\t\t\t<\/div>\n\t\t\t\t\t<\/div>\n\t\t<\/div>\n\t\t\t\t\t<\/div>\n\t\t<\/section>\n\t\t\t\t\t<\/div>\n\t\t<\/div>\n\t\t\t\t\t<\/div>\n\t\t<\/section>\n\t\t\t\t<\/div>","protected":false},"excerpt":{"rendered":"<p>Warum Anyva? In den vielen Jahren T\u00e4tigkeit in Datenschutz und Informationssicherheit bei verschiedenen gr\u00f6\u00dferen und kleineren Unternehmen h\u00f6rte ich immer wieder einen Satz: Wir ben\u00f6tigen zur Rationalisierung unserer Prozesse in Datenschutz und Informationssicherheit endlich eine Softwarel\u00f6sung! Wer nach einer professionellen, integrierten L\u00f6sung f\u00fcr diesen Aufgabenbereich sucht, muss folgende Mindestanforderungen stellen: Einfache, intuitive Benutzeroberfl\u00e4che in der [&hellip;]<\/p>\n","protected":false},"author":1,"featured_media":0,"parent":0,"menu_order":0,"comment_status":"closed","ping_status":"closed","template":"","meta":{"footnotes":""},"class_list":["post-928","page","type-page","status-publish","hentry"],"_links":{"self":[{"href":"https:\/\/buchholz-software.de\/en\/wp-json\/wp\/v2\/pages\/928","targetHints":{"allow":["GET"]}}],"collection":[{"href":"https:\/\/buchholz-software.de\/en\/wp-json\/wp\/v2\/pages"}],"about":[{"href":"https:\/\/buchholz-software.de\/en\/wp-json\/wp\/v2\/types\/page"}],"author":[{"embeddable":true,"href":"https:\/\/buchholz-software.de\/en\/wp-json\/wp\/v2\/users\/1"}],"replies":[{"embeddable":true,"href":"https:\/\/buchholz-software.de\/en\/wp-json\/wp\/v2\/comments?post=928"}],"version-history":[{"count":31,"href":"https:\/\/buchholz-software.de\/en\/wp-json\/wp\/v2\/pages\/928\/revisions"}],"predecessor-version":[{"id":963,"href":"https:\/\/buchholz-software.de\/en\/wp-json\/wp\/v2\/pages\/928\/revisions\/963"}],"wp:attachment":[{"href":"https:\/\/buchholz-software.de\/en\/wp-json\/wp\/v2\/media?parent=928"}],"curies":[{"name":"wp","href":"https:\/\/api.w.org\/{rel}","templated":true}]}}