{"id":1076,"date":"2025-03-19T19:10:52","date_gmt":"2025-03-19T18:10:52","guid":{"rendered":"https:\/\/buchholz-software.de\/?page_id=1076"},"modified":"2025-03-19T19:16:41","modified_gmt":"2025-03-19T18:16:41","slug":"transmission","status":"publish","type":"page","link":"https:\/\/buchholz-software.de\/fr\/weitergabe\/","title":{"rendered":"Transmission"},"content":{"rendered":"<div data-elementor-type=\"wp-page\" data-elementor-id=\"1076\" class=\"elementor elementor-1076\" data-elementor-post-type=\"page\">\n\t\t\t\t\t\t<section class=\"elementor-section elementor-top-section elementor-element elementor-element-eccf832 elementor-section-boxed elementor-section-height-default elementor-section-height-default\" data-id=\"eccf832\" data-element_type=\"section\" data-e-type=\"section\">\n\t\t\t\t\t\t<div class=\"elementor-container elementor-column-gap-default\">\n\t\t\t\t\t<div class=\"elementor-column elementor-col-100 elementor-top-column elementor-element elementor-element-826dd83\" data-id=\"826dd83\" data-element_type=\"column\" data-e-type=\"column\">\n\t\t\t<div class=\"elementor-widget-wrap elementor-element-populated\">\n\t\t\t\t\t\t<div class=\"elementor-element elementor-element-5ba78fa elementor-widget elementor-widget-heading\" data-id=\"5ba78fa\" data-element_type=\"widget\" data-e-type=\"widget\" data-widget_type=\"heading.default\">\n\t\t\t\t<div class=\"elementor-widget-container\">\n\t\t\t\t\t<h2 class=\"elementor-heading-title elementor-size-default\">Transmission<\/h2>\t\t\t\t<\/div>\n\t\t\t\t<\/div>\n\t\t\t\t\t<\/div>\n\t\t<\/div>\n\t\t\t\t\t<\/div>\n\t\t<\/section>\n\t\t\t\t<section class=\"elementor-section elementor-top-section elementor-element elementor-element-6153345 elementor-section-boxed elementor-section-height-default elementor-section-height-default\" data-id=\"6153345\" data-element_type=\"section\" data-e-type=\"section\">\n\t\t\t\t\t\t<div class=\"elementor-container elementor-column-gap-default\">\n\t\t\t\t\t<div class=\"elementor-column elementor-col-100 elementor-top-column elementor-element elementor-element-e24fa9b\" data-id=\"e24fa9b\" data-element_type=\"column\" data-e-type=\"column\">\n\t\t\t<div class=\"elementor-widget-wrap elementor-element-populated\">\n\t\t\t\t\t\t<section class=\"elementor-section elementor-inner-section elementor-element elementor-element-644188d elementor-section-boxed elementor-section-height-default elementor-section-height-default\" data-id=\"644188d\" data-element_type=\"section\" data-e-type=\"section\">\n\t\t\t\t\t\t<div class=\"elementor-container elementor-column-gap-default\">\n\t\t\t\t\t<div class=\"elementor-column elementor-col-50 elementor-inner-column elementor-element elementor-element-a4c811f\" data-id=\"a4c811f\" data-element_type=\"column\" data-e-type=\"column\">\n\t\t\t<div class=\"elementor-widget-wrap elementor-element-populated\">\n\t\t\t\t\t\t<div class=\"elementor-element elementor-element-19ec383 elementor-widget elementor-widget-heading\" data-id=\"19ec383\" data-element_type=\"widget\" data-e-type=\"widget\" data-widget_type=\"heading.default\">\n\t\t\t\t<div class=\"elementor-widget-container\">\n\t\t\t\t\t<h5 class=\"elementor-heading-title elementor-size-default\">Transfert interne et externe<\/h5>\t\t\t\t<\/div>\n\t\t\t\t<\/div>\n\t\t\t\t<div class=\"elementor-element elementor-element-609f43c elementor-widget elementor-widget-text-editor\" data-id=\"609f43c\" data-element_type=\"widget\" data-e-type=\"widget\" data-widget_type=\"text-editor.default\">\n\t\t\t\t<div class=\"elementor-widget-container\">\n\t\t\t\t\t\t\t\t\t<p>Les transferts de donn\u00e9es (\u00e0 l'int\u00e9rieur et \u00e0 l'ext\u00e9rieur de l'UE) peuvent \u00eatre document\u00e9s de mani\u00e8re nouvelle ou \u00e0 l'aide de mod\u00e8les pr\u00eats \u00e0 l'emploi, avec \u00e0 chaque fois une explication et une base juridique.<\/p>\t\t\t\t\t\t\t\t<\/div>\n\t\t\t\t<\/div>\n\t\t\t\t\t<\/div>\n\t\t<\/div>\n\t\t\t\t<div class=\"elementor-column elementor-col-50 elementor-inner-column elementor-element elementor-element-6e86c65\" data-id=\"6e86c65\" data-element_type=\"column\" data-e-type=\"column\">\n\t\t\t<div class=\"elementor-widget-wrap elementor-element-populated\">\n\t\t\t\t\t\t<div class=\"elementor-element elementor-element-39a187b elementor-widget elementor-widget-image\" data-id=\"39a187b\" data-element_type=\"widget\" data-e-type=\"widget\" data-widget_type=\"image.default\">\n\t\t\t\t<div class=\"elementor-widget-container\">\n\t\t\t\t\t\t\t\t\t\t\t\t<figure class=\"wp-caption\">\n\t\t\t\t\t\t\t\t\t\t<img loading=\"lazy\" decoding=\"async\" width=\"800\" height=\"441\" src=\"https:\/\/buchholz-software.de\/wp-content\/uploads\/2025\/03\/Weitergabe-1024x564.png\" class=\"attachment-large size-large wp-image-1078\" alt=\"Transmission\" srcset=\"https:\/\/buchholz-software.de\/wp-content\/uploads\/2025\/03\/Weitergabe-1024x564.png 1024w, https:\/\/buchholz-software.de\/wp-content\/uploads\/2025\/03\/Weitergabe-300x165.png 300w, https:\/\/buchholz-software.de\/wp-content\/uploads\/2025\/03\/Weitergabe-768x423.png 768w, https:\/\/buchholz-software.de\/wp-content\/uploads\/2025\/03\/Weitergabe-1536x845.png 1536w, https:\/\/buchholz-software.de\/wp-content\/uploads\/2025\/03\/Weitergabe-18x10.png 18w, https:\/\/buchholz-software.de\/wp-content\/uploads\/2025\/03\/Weitergabe.png 1648w\" sizes=\"auto, (max-width: 800px) 100vw, 800px\" \/>\t\t\t\t\t\t\t\t\t\t\t<figcaption class=\"widget-image-caption wp-caption-text\">Partage interne et externe<\/figcaption>\n\t\t\t\t\t\t\t\t\t\t<\/figure>\n\t\t\t\t\t\t\t\t\t<\/div>\n\t\t\t\t<\/div>\n\t\t\t\t\t<\/div>\n\t\t<\/div>\n\t\t\t\t\t<\/div>\n\t\t<\/section>\n\t\t\t\t\t<\/div>\n\t\t<\/div>\n\t\t\t\t\t<\/div>\n\t\t<\/section>\n\t\t\t\t<section class=\"elementor-section elementor-top-section elementor-element elementor-element-cef14a1 elementor-section-boxed elementor-section-height-default elementor-section-height-default\" data-id=\"cef14a1\" data-element_type=\"section\" data-e-type=\"section\">\n\t\t\t\t\t\t<div class=\"elementor-container elementor-column-gap-default\">\n\t\t\t\t\t<div class=\"elementor-column elementor-col-100 elementor-top-column elementor-element elementor-element-8cc7984\" data-id=\"8cc7984\" data-element_type=\"column\" data-e-type=\"column\">\n\t\t\t<div class=\"elementor-widget-wrap elementor-element-populated\">\n\t\t\t\t\t\t<section class=\"elementor-section elementor-inner-section elementor-element elementor-element-697a8cd elementor-section-boxed elementor-section-height-default elementor-section-height-default\" data-id=\"697a8cd\" data-element_type=\"section\" data-e-type=\"section\">\n\t\t\t\t\t\t<div class=\"elementor-container elementor-column-gap-default\">\n\t\t\t\t\t<div class=\"elementor-column elementor-col-50 elementor-inner-column elementor-element elementor-element-0140ee7\" data-id=\"0140ee7\" data-element_type=\"column\" data-e-type=\"column\">\n\t\t\t<div class=\"elementor-widget-wrap elementor-element-populated\">\n\t\t\t\t\t\t<div class=\"elementor-element elementor-element-2cf35fa elementor-widget elementor-widget-heading\" data-id=\"2cf35fa\" data-element_type=\"widget\" data-e-type=\"widget\" data-widget_type=\"heading.default\">\n\t\t\t\t<div class=\"elementor-widget-container\">\n\t\t\t\t\t<h5 class=\"elementor-heading-title elementor-size-default\">Donn\u00e9es d\u00e9taill\u00e9es<\/h5>\t\t\t\t<\/div>\n\t\t\t\t<\/div>\n\t\t\t\t<div class=\"elementor-element elementor-element-e86712e elementor-widget elementor-widget-text-editor\" data-id=\"e86712e\" data-element_type=\"widget\" data-e-type=\"widget\" data-widget_type=\"text-editor.default\">\n\t\t\t\t<div class=\"elementor-widget-container\">\n\t\t\t\t\t\t\t\t\t<p>Les circonstances de la transmission peuvent \u00eatre d\u00e9crites en d\u00e9tail. La base juridique est \u00e0 chaque fois document\u00e9e.<\/p><div id=\"simple-translate\" class=\"simple-translate-system-theme\"><div><div class=\"simple-translate-button isShow\" style=\"background-image: url('moz-extension:\/\/83606834-a23d-4bfa-a8be-7d280705fdf7\/icons\/512.png'); height: 22px; width: 22px; top: 42px; left: 1px;\">\u00a0<\/div><div class=\"simple-translate-panel\" style=\"width: 300px; height: 200px; top: 0px; left: 0px; font-size: 13px;\"><div class=\"simple-translate-result-wrapper\" style=\"overflow: hidden;\"><div class=\"simple-translate-move\" draggable=\"true\">\u00a0<\/div><div class=\"simple-translate-result-contents\"><p class=\"simple-translate-result\" dir=\"auto\">\u00a0<\/p><p class=\"simple-translate-candidate\" dir=\"auto\">\u00a0<\/p><\/div><\/div><\/div><\/div><\/div>\t\t\t\t\t\t\t\t<\/div>\n\t\t\t\t<\/div>\n\t\t\t\t\t<\/div>\n\t\t<\/div>\n\t\t\t\t<div class=\"elementor-column elementor-col-50 elementor-inner-column elementor-element elementor-element-7854e07\" data-id=\"7854e07\" data-element_type=\"column\" data-e-type=\"column\">\n\t\t\t<div class=\"elementor-widget-wrap elementor-element-populated\">\n\t\t\t\t\t\t<div class=\"elementor-element elementor-element-c238696 elementor-widget elementor-widget-image\" data-id=\"c238696\" data-element_type=\"widget\" data-e-type=\"widget\" data-widget_type=\"image.default\">\n\t\t\t\t<div class=\"elementor-widget-container\">\n\t\t\t\t\t\t\t\t\t\t\t\t<figure class=\"wp-caption\">\n\t\t\t\t\t\t\t\t\t\t<img loading=\"lazy\" decoding=\"async\" width=\"768\" height=\"348\" src=\"https:\/\/buchholz-software.de\/wp-content\/uploads\/2025\/03\/Weitergabe-Detail-768x348.png\" class=\"attachment-medium_large size-medium_large wp-image-1079\" alt=\"Description de la transmission\" srcset=\"https:\/\/buchholz-software.de\/wp-content\/uploads\/2025\/03\/Weitergabe-Detail-768x348.png 768w, https:\/\/buchholz-software.de\/wp-content\/uploads\/2025\/03\/Weitergabe-Detail-300x136.png 300w, https:\/\/buchholz-software.de\/wp-content\/uploads\/2025\/03\/Weitergabe-Detail-18x8.png 18w, https:\/\/buchholz-software.de\/wp-content\/uploads\/2025\/03\/Weitergabe-Detail.png 957w\" sizes=\"auto, (max-width: 768px) 100vw, 768px\" \/>\t\t\t\t\t\t\t\t\t\t\t<figcaption class=\"widget-image-caption wp-caption-text\">Transmission : description<\/figcaption>\n\t\t\t\t\t\t\t\t\t\t<\/figure>\n\t\t\t\t\t\t\t\t\t<\/div>\n\t\t\t\t<\/div>\n\t\t\t\t\t<\/div>\n\t\t<\/div>\n\t\t\t\t\t<\/div>\n\t\t<\/section>\n\t\t\t\t\t<\/div>\n\t\t<\/div>\n\t\t\t\t\t<\/div>\n\t\t<\/section>\n\t\t\t\t<\/div>","protected":false},"excerpt":{"rendered":"<p>Transfert interne et externe Les transferts de donn\u00e9es (\u00e0 l'int\u00e9rieur et \u00e0 l'ext\u00e9rieur de l'UE) peuvent faire l'objet d'une nouvelle documentation ou \u00eatre document\u00e9s \u00e0 l'aide de mod\u00e8les pr\u00eats \u00e0 l'emploi, avec \u00e0 chaque fois une explication et une base juridique. Transfert interne et externe de donn\u00e9es d\u00e9taill\u00e9es Les circonstances du transfert peuvent \u00eatre d\u00e9crites en d\u00e9tail. La base juridique est document\u00e9e dans chaque cas.        Transmission : description<\/p>","protected":false},"author":1,"featured_media":0,"parent":0,"menu_order":0,"comment_status":"closed","ping_status":"closed","template":"","meta":{"footnotes":""},"class_list":["post-1076","page","type-page","status-publish","hentry"],"_links":{"self":[{"href":"https:\/\/buchholz-software.de\/fr\/wp-json\/wp\/v2\/pages\/1076","targetHints":{"allow":["GET"]}}],"collection":[{"href":"https:\/\/buchholz-software.de\/fr\/wp-json\/wp\/v2\/pages"}],"about":[{"href":"https:\/\/buchholz-software.de\/fr\/wp-json\/wp\/v2\/types\/page"}],"author":[{"embeddable":true,"href":"https:\/\/buchholz-software.de\/fr\/wp-json\/wp\/v2\/users\/1"}],"replies":[{"embeddable":true,"href":"https:\/\/buchholz-software.de\/fr\/wp-json\/wp\/v2\/comments?post=1076"}],"version-history":[{"count":4,"href":"https:\/\/buchholz-software.de\/fr\/wp-json\/wp\/v2\/pages\/1076\/revisions"}],"predecessor-version":[{"id":1082,"href":"https:\/\/buchholz-software.de\/fr\/wp-json\/wp\/v2\/pages\/1076\/revisions\/1082"}],"wp:attachment":[{"href":"https:\/\/buchholz-software.de\/fr\/wp-json\/wp\/v2\/media?parent=1076"}],"curies":[{"name":"wp","href":"https:\/\/api.w.org\/{rel}","templated":true}]}}