{"id":1103,"date":"2025-03-20T11:34:43","date_gmt":"2025-03-20T10:34:43","guid":{"rendered":"https:\/\/buchholz-software.de\/?page_id=1103"},"modified":"2025-03-20T11:55:45","modified_gmt":"2025-03-20T10:55:45","slug":"traitement-des-commandes","status":"publish","type":"page","link":"https:\/\/buchholz-software.de\/fr\/auftragsverarbeitung\/","title":{"rendered":"Traitement des commandes"},"content":{"rendered":"<div data-elementor-type=\"wp-page\" data-elementor-id=\"1103\" class=\"elementor elementor-1103\" data-elementor-post-type=\"page\">\n\t\t\t\t\t\t<section class=\"elementor-section elementor-top-section elementor-element elementor-element-f64a2a3 elementor-section-boxed elementor-section-height-default elementor-section-height-default\" data-id=\"f64a2a3\" data-element_type=\"section\" data-e-type=\"section\">\n\t\t\t\t\t\t<div class=\"elementor-container elementor-column-gap-default\">\n\t\t\t\t\t<div class=\"elementor-column elementor-col-100 elementor-top-column elementor-element elementor-element-7a3081f\" data-id=\"7a3081f\" data-element_type=\"column\" data-e-type=\"column\">\n\t\t\t<div class=\"elementor-widget-wrap elementor-element-populated\">\n\t\t\t\t\t\t<div class=\"elementor-element elementor-element-e04a347 elementor-widget elementor-widget-heading\" data-id=\"e04a347\" data-element_type=\"widget\" data-e-type=\"widget\" data-widget_type=\"heading.default\">\n\t\t\t\t<div class=\"elementor-widget-container\">\n\t\t\t\t\t<h2 class=\"elementor-heading-title elementor-size-default\">Traitement des commandes<\/h2>\t\t\t\t<\/div>\n\t\t\t\t<\/div>\n\t\t\t\t\t<\/div>\n\t\t<\/div>\n\t\t\t\t\t<\/div>\n\t\t<\/section>\n\t\t\t\t<section class=\"elementor-section elementor-top-section elementor-element elementor-element-5f3bbc1 elementor-section-boxed elementor-section-height-default elementor-section-height-default\" data-id=\"5f3bbc1\" data-element_type=\"section\" data-e-type=\"section\">\n\t\t\t\t\t\t<div class=\"elementor-container elementor-column-gap-default\">\n\t\t\t\t\t<div class=\"elementor-column elementor-col-100 elementor-top-column elementor-element elementor-element-7f0292c\" data-id=\"7f0292c\" data-element_type=\"column\" data-e-type=\"column\">\n\t\t\t<div class=\"elementor-widget-wrap elementor-element-populated\">\n\t\t\t\t\t\t<section class=\"elementor-section elementor-inner-section elementor-element elementor-element-f3cd8ed elementor-section-boxed elementor-section-height-default elementor-section-height-default\" data-id=\"f3cd8ed\" data-element_type=\"section\" data-e-type=\"section\">\n\t\t\t\t\t\t<div class=\"elementor-container elementor-column-gap-default\">\n\t\t\t\t\t<div class=\"elementor-column elementor-col-100 elementor-inner-column elementor-element elementor-element-7d2be6a\" data-id=\"7d2be6a\" data-element_type=\"column\" data-e-type=\"column\">\n\t\t\t<div class=\"elementor-widget-wrap elementor-element-populated\">\n\t\t\t\t\t\t<div class=\"elementor-element elementor-element-12d8d64 elementor-widget elementor-widget-text-editor\" data-id=\"12d8d64\" data-element_type=\"widget\" data-e-type=\"widget\" data-widget_type=\"text-editor.default\">\n\t\t\t\t<div class=\"elementor-widget-container\">\n\t\t\t\t\t\t\t\t\t<p data-start=\"133\" data-end=\"554\">Le site <strong data-start=\"137\" data-end=\"161\">Traitement des commandes<\/strong> joue un r\u00f4le central dans la gestion de la protection des donn\u00e9es, car les donn\u00e9es \u00e0 caract\u00e8re personnel sont souvent trait\u00e9es non seulement en interne, mais aussi transmises \u00e0 des tiers. <strong data-start=\"294\" data-end=\"319\">prestataires de services externes<\/strong> \u00eatre transmis \u00e0 d'autres. Selon <strong data-start=\"347\" data-end=\"364\">Art. 28 RGPD<\/strong> les responsables doivent s'assurer que leurs sous-traitants prennent des mesures appropri\u00e9es de protection des donn\u00e9es et que le traitement est effectu\u00e9 exclusivement dans le cadre des finalit\u00e9s convenues.<\/p><p data-start=\"556\" data-end=\"921\">Apr\u00e8s <strong data-start=\"561\" data-end=\"578\">Art. 30 RGPD<\/strong> les entreprises sont tenues de documenter toutes les informations pertinentes dans le VVT. Cela vaut en particulier pour les cas o\u00f9 des donn\u00e9es \u00e0 caract\u00e8re personnel concernant des <strong data-start=\"782\" data-end=\"816\">trait\u00e9es par des tiers pour le compte de tiers<\/strong> doivent \u00eatre respect\u00e9es. La documentation des circonstances du traitement de la commande est essentielle pour plusieurs raisons :<\/p><ul><li data-start=\"926\" data-end=\"1143\"><strong data-start=\"926\" data-end=\"957\">Preuve juridique :<\/strong><br data-start=\"957\" data-end=\"960\" \/>Les entreprises doivent \u00eatre en mesure de prouver \u00e0 tout moment aux autorit\u00e9s de contr\u00f4le quels sont les prestataires de services auxquels elles ont fait appel et dans quelles conditions le traitement des donn\u00e9es est effectu\u00e9.<\/li><li data-start=\"1148\" data-end=\"1396\"><strong data-start=\"1148\" data-end=\"1178\">Transparence et contr\u00f4le :<\/strong><br data-start=\"1178\" data-end=\"1181\" \/>Une documentation claire dans le VVT garantit que les responsables gardent toujours une vue d'ensemble des transformateurs externes et que leurs <strong data-start=\"1316\" data-end=\"1364\">Conformit\u00e9 au contrat et mesures de s\u00e9curit\u00e9<\/strong> pouvoir v\u00e9rifier r\u00e9guli\u00e8rement.<\/li><li data-start=\"1401\" data-end=\"1725\"><strong data-start=\"1401\" data-end=\"1452\">minimiser les risques en mati\u00e8re de protection des donn\u00e9es et de s\u00e9curit\u00e9<\/strong><br data-start=\"1452\" data-end=\"1455\" \/>L'enregistrement syst\u00e9matique du traitement des commandes permet d'identifier les risques potentiels. <strong data-start=\"1537\" data-end=\"1567\">Des risques identifi\u00e9s \u00e0 temps<\/strong> les mesures de s\u00e9curit\u00e9 insuffisantes du prestataire de services ou le traitement dans un pays tiers ne garantissant pas un niveau de protection ad\u00e9quat.<\/li><li data-start=\"1730\" data-end=\"2029\"><strong data-start=\"1730\" data-end=\"1770\">Respect de l'obligation de rendre compte :<\/strong><br data-start=\"1770\" data-end=\"1773\" \/>Les entreprises doivent d\u00e9montrer qu'elles remplissent leurs obligations en vertu du RGPD. Cela implique de conclure un accord avec chaque sous-traitant. <strong data-start=\"1915\" data-end=\"1953\">Contrat de traitement des commandes (CAT)<\/strong> qui r\u00e9git les exigences en mati\u00e8re de protection des donn\u00e9es.<\/li><li data-start=\"2034\" data-end=\"2392\"><strong data-start=\"2034\" data-end=\"2071\">la s\u00e9curit\u00e9 des droits des personnes concern\u00e9es :<\/strong><br data-start=\"2071\" data-end=\"2074\" \/>Les personnes dont les donn\u00e9es sont trait\u00e9es ont diff\u00e9rents droits en vertu du RGPD (par exemple, l'acc\u00e8s, l'effacement). La documentation du traitement des commandes aide \u00e0 r\u00e9pondre \u00e0 ces demandes. <strong data-start=\"2253\" data-end=\"2291\">r\u00e9pondre rapidement et pr\u00e9cis\u00e9ment<\/strong>, Les responsables savent quels prestataires de services sont impliqu\u00e9s et o\u00f9 se trouvent les donn\u00e9es.<\/li><\/ul><p data-start=\"2394\" data-end=\"2718\" data-is-last-node=\"\" data-is-only-node=\"\">Anyva facilite la gestion du traitement des commandes gr\u00e2ce \u00e0 une documentation compl\u00e8te des prestataires de services impliqu\u00e9s, de leurs mesures de s\u00e9curit\u00e9 et de leur cadre contractuel. La v\u00e9rification int\u00e9gr\u00e9e des contrats facilite l'audit des contrats propres et envoy\u00e9s quant \u00e0 leur exhaustivit\u00e9 et aux \u201epi\u00e8ges\u201c juridiques.<\/p><p>Les audits peuvent \u00eatre r\u00e9p\u00e9t\u00e9s et document\u00e9s r\u00e9guli\u00e8rement (PDCA).<\/p>\t\t\t\t\t\t\t\t<\/div>\n\t\t\t\t<\/div>\n\t\t\t\t\t<\/div>\n\t\t<\/div>\n\t\t\t\t\t<\/div>\n\t\t<\/section>\n\t\t\t\t\t<\/div>\n\t\t<\/div>\n\t\t\t\t\t<\/div>\n\t\t<\/section>\n\t\t\t\t<section class=\"elementor-section elementor-top-section elementor-element elementor-element-c1446e7 elementor-section-boxed elementor-section-height-default elementor-section-height-default\" data-id=\"c1446e7\" data-element_type=\"section\" data-e-type=\"section\">\n\t\t\t\t\t\t<div class=\"elementor-container elementor-column-gap-default\">\n\t\t\t\t\t<div class=\"elementor-column elementor-col-100 elementor-top-column elementor-element elementor-element-e56a0f3\" data-id=\"e56a0f3\" data-element_type=\"column\" data-e-type=\"column\">\n\t\t\t<div class=\"elementor-widget-wrap elementor-element-populated\">\n\t\t\t\t\t\t<section class=\"elementor-section elementor-inner-section elementor-element elementor-element-234a63f elementor-section-boxed elementor-section-height-default elementor-section-height-default\" data-id=\"234a63f\" data-element_type=\"section\" data-e-type=\"section\">\n\t\t\t\t\t\t<div class=\"elementor-container elementor-column-gap-default\">\n\t\t\t\t\t<div class=\"elementor-column elementor-col-50 elementor-inner-column elementor-element elementor-element-b348324\" data-id=\"b348324\" data-element_type=\"column\" data-e-type=\"column\">\n\t\t\t<div class=\"elementor-widget-wrap elementor-element-populated\">\n\t\t\t\t\t\t<div class=\"elementor-element elementor-element-3365051 elementor-widget elementor-widget-heading\" data-id=\"3365051\" data-element_type=\"widget\" data-e-type=\"widget\" data-widget_type=\"heading.default\">\n\t\t\t\t<div class=\"elementor-widget-container\">\n\t\t\t\t\t<h5 class=\"elementor-heading-title elementor-size-default\">Aper\u00e7u : statut du traitement des commandes<\/h5>\t\t\t\t<\/div>\n\t\t\t\t<\/div>\n\t\t\t\t<div class=\"elementor-element elementor-element-65531f1 elementor-widget elementor-widget-text-editor\" data-id=\"65531f1\" data-element_type=\"widget\" data-e-type=\"widget\" data-widget_type=\"text-editor.default\">\n\t\t\t\t<div class=\"elementor-widget-container\">\n\t\t\t\t\t\t\t\t\t<p>Anyva documente le(s) type(s) de traitement de commande dans le contexte d'une activit\u00e9 de traitement, les sous-traitants et les contrats de traitement de commande correspondants.<\/p>\t\t\t\t\t\t\t\t<\/div>\n\t\t\t\t<\/div>\n\t\t\t\t\t<\/div>\n\t\t<\/div>\n\t\t\t\t<div class=\"elementor-column elementor-col-50 elementor-inner-column elementor-element elementor-element-76a3a72\" data-id=\"76a3a72\" data-element_type=\"column\" data-e-type=\"column\">\n\t\t\t<div class=\"elementor-widget-wrap elementor-element-populated\">\n\t\t\t\t\t\t<div class=\"elementor-element elementor-element-e0efad3 elementor-widget elementor-widget-image\" data-id=\"e0efad3\" data-element_type=\"widget\" data-e-type=\"widget\" data-widget_type=\"image.default\">\n\t\t\t\t<div class=\"elementor-widget-container\">\n\t\t\t\t\t\t\t\t\t\t\t\t\t\t\t<img loading=\"lazy\" decoding=\"async\" width=\"768\" height=\"446\" src=\"https:\/\/buchholz-software.de\/wp-content\/uploads\/2025\/03\/VVT-AVV-768x446.png\" class=\"attachment-medium_large size-medium_large wp-image-1105\" alt=\"Traitement des commandes\" srcset=\"https:\/\/buchholz-software.de\/wp-content\/uploads\/2025\/03\/VVT-AVV-768x446.png 768w, https:\/\/buchholz-software.de\/wp-content\/uploads\/2025\/03\/VVT-AVV-300x174.png 300w, https:\/\/buchholz-software.de\/wp-content\/uploads\/2025\/03\/VVT-AVV-1024x594.png 1024w, https:\/\/buchholz-software.de\/wp-content\/uploads\/2025\/03\/VVT-AVV-18x10.png 18w, https:\/\/buchholz-software.de\/wp-content\/uploads\/2025\/03\/VVT-AVV.png 1199w\" sizes=\"auto, (max-width: 768px) 100vw, 768px\" \/>\t\t\t\t\t\t\t\t\t\t\t\t\t\t\t<\/div>\n\t\t\t\t<\/div>\n\t\t\t\t\t<\/div>\n\t\t<\/div>\n\t\t\t\t\t<\/div>\n\t\t<\/section>\n\t\t\t\t\t<\/div>\n\t\t<\/div>\n\t\t\t\t\t<\/div>\n\t\t<\/section>\n\t\t\t\t<section class=\"elementor-section elementor-top-section elementor-element elementor-element-b7c404f elementor-section-boxed elementor-section-height-default elementor-section-height-default\" data-id=\"b7c404f\" data-element_type=\"section\" data-e-type=\"section\">\n\t\t\t\t\t\t<div class=\"elementor-container elementor-column-gap-default\">\n\t\t\t\t\t<div class=\"elementor-column elementor-col-100 elementor-top-column elementor-element elementor-element-204f17b\" data-id=\"204f17b\" data-element_type=\"column\" data-e-type=\"column\">\n\t\t\t<div class=\"elementor-widget-wrap elementor-element-populated\">\n\t\t\t\t\t\t<section class=\"elementor-section elementor-inner-section elementor-element elementor-element-a047408 elementor-section-boxed elementor-section-height-default elementor-section-height-default\" data-id=\"a047408\" data-element_type=\"section\" data-e-type=\"section\">\n\t\t\t\t\t\t<div class=\"elementor-container elementor-column-gap-default\">\n\t\t\t\t\t<div class=\"elementor-column elementor-col-50 elementor-inner-column elementor-element elementor-element-8ee5e24\" data-id=\"8ee5e24\" data-element_type=\"column\" data-e-type=\"column\">\n\t\t\t<div class=\"elementor-widget-wrap elementor-element-populated\">\n\t\t\t\t\t\t<div class=\"elementor-element elementor-element-3664494 elementor-widget elementor-widget-heading\" data-id=\"3664494\" data-element_type=\"widget\" data-e-type=\"widget\" data-widget_type=\"heading.default\">\n\t\t\t\t<div class=\"elementor-widget-container\">\n\t\t\t\t\t<h5 class=\"elementor-heading-title elementor-size-default\">Exemple : contrat de sous-traitance<\/h5>\t\t\t\t<\/div>\n\t\t\t\t<\/div>\n\t\t\t\t<div class=\"elementor-element elementor-element-f4b370b elementor-widget elementor-widget-text-editor\" data-id=\"f4b370b\" data-element_type=\"widget\" data-e-type=\"widget\" data-widget_type=\"text-editor.default\">\n\t\t\t\t<div class=\"elementor-widget-container\">\n\t\t\t\t\t\t\t\t\t<p>Comme tous les contrats dans Anyva, les contrats de sous-traitance sont g\u00e9r\u00e9s dans le module de gestion des contrats et peuvent \u00eatre li\u00e9s aux activit\u00e9s de traitement si n\u00e9cessaire.<\/p><div id=\"simple-translate\" class=\"simple-translate-system-theme\"><div><div class=\"simple-translate-button isShow\" style=\"background-image: url('moz-extension:\/\/83606834-a23d-4bfa-a8be-7d280705fdf7\/icons\/512.png'); height: 22px; width: 22px; top: 43px; left: 17px;\">\u00a0<\/div><div class=\"simple-translate-panel\" style=\"width: 300px; height: 200px; top: 0px; left: 0px; font-size: 13px;\"><div class=\"simple-translate-result-wrapper\" style=\"overflow: hidden;\"><div class=\"simple-translate-move\" draggable=\"true\">\u00a0<\/div><div class=\"simple-translate-result-contents\"><p class=\"simple-translate-result\" dir=\"auto\">\u00a0<\/p><p class=\"simple-translate-candidate\" dir=\"auto\">\u00a0<\/p><\/div><\/div><\/div><\/div><\/div>\t\t\t\t\t\t\t\t<\/div>\n\t\t\t\t<\/div>\n\t\t\t\t\t<\/div>\n\t\t<\/div>\n\t\t\t\t<div class=\"elementor-column elementor-col-50 elementor-inner-column elementor-element elementor-element-78f2c95\" data-id=\"78f2c95\" data-element_type=\"column\" data-e-type=\"column\">\n\t\t\t<div class=\"elementor-widget-wrap elementor-element-populated\">\n\t\t\t\t\t\t<div class=\"elementor-element elementor-element-7db4273 elementor-widget elementor-widget-image\" data-id=\"7db4273\" data-element_type=\"widget\" data-e-type=\"widget\" data-widget_type=\"image.default\">\n\t\t\t\t<div class=\"elementor-widget-container\">\n\t\t\t\t\t\t\t\t\t\t\t\t<figure class=\"wp-caption\">\n\t\t\t\t\t\t\t\t\t\t<img loading=\"lazy\" decoding=\"async\" width=\"768\" height=\"1012\" src=\"https:\/\/buchholz-software.de\/wp-content\/uploads\/2025\/03\/Vertrag-768x1012.png\" class=\"attachment-medium_large size-medium_large wp-image-1110\" alt=\"Contrat de traitement des commandes\" srcset=\"https:\/\/buchholz-software.de\/wp-content\/uploads\/2025\/03\/Vertrag-768x1012.png 768w, https:\/\/buchholz-software.de\/wp-content\/uploads\/2025\/03\/Vertrag-228x300.png 228w, https:\/\/buchholz-software.de\/wp-content\/uploads\/2025\/03\/Vertrag-777x1024.png 777w, https:\/\/buchholz-software.de\/wp-content\/uploads\/2025\/03\/Vertrag-9x12.png 9w, https:\/\/buchholz-software.de\/wp-content\/uploads\/2025\/03\/Vertrag.png 791w\" sizes=\"auto, (max-width: 768px) 100vw, 768px\" \/>\t\t\t\t\t\t\t\t\t\t\t<figcaption class=\"widget-image-caption wp-caption-text\">Contrat de traitement des commandes<\/figcaption>\n\t\t\t\t\t\t\t\t\t\t<\/figure>\n\t\t\t\t\t\t\t\t\t<\/div>\n\t\t\t\t<\/div>\n\t\t\t\t\t<\/div>\n\t\t<\/div>\n\t\t\t\t\t<\/div>\n\t\t<\/section>\n\t\t\t\t\t<\/div>\n\t\t<\/div>\n\t\t\t\t\t<\/div>\n\t\t<\/section>\n\t\t\t\t<section class=\"elementor-section elementor-top-section elementor-element elementor-element-396915b elementor-section-boxed elementor-section-height-default elementor-section-height-default\" data-id=\"396915b\" data-element_type=\"section\" data-e-type=\"section\">\n\t\t\t\t\t\t<div class=\"elementor-container elementor-column-gap-default\">\n\t\t\t\t\t<div class=\"elementor-column elementor-col-33 elementor-top-column elementor-element elementor-element-5c3f225\" data-id=\"5c3f225\" data-element_type=\"column\" data-e-type=\"column\">\n\t\t\t<div class=\"elementor-widget-wrap elementor-element-populated\">\n\t\t\t\t\t\t<div class=\"elementor-element elementor-element-0c9a2d7 elementor-widget elementor-widget-heading\" data-id=\"0c9a2d7\" data-element_type=\"widget\" data-e-type=\"widget\" data-widget_type=\"heading.default\">\n\t\t\t\t<div class=\"elementor-widget-container\">\n\t\t\t\t\t<h5 class=\"elementor-heading-title elementor-size-default\">Audit contractuel<\/h5>\t\t\t\t<\/div>\n\t\t\t\t<\/div>\n\t\t\t\t<div class=\"elementor-element elementor-element-288ad6e elementor-widget elementor-widget-text-editor\" data-id=\"288ad6e\" data-element_type=\"widget\" data-e-type=\"widget\" data-widget_type=\"text-editor.default\">\n\t\t\t\t<div class=\"elementor-widget-container\">\n\t\t\t\t\t\t\t\t\t<p>Les CUU peuvent \u00eatre facilement contr\u00f4l\u00e9s pour v\u00e9rifier leur conformit\u00e9 aux exigences l\u00e9gales<\/p>\t\t\t\t\t\t\t\t<\/div>\n\t\t\t\t<\/div>\n\t\t\t\t\t<\/div>\n\t\t<\/div>\n\t\t\t\t<div class=\"elementor-column elementor-col-66 elementor-top-column elementor-element elementor-element-f9134df\" data-id=\"f9134df\" data-element_type=\"column\" data-e-type=\"column\">\n\t\t\t<div class=\"elementor-widget-wrap elementor-element-populated\">\n\t\t\t\t\t\t<div class=\"elementor-element elementor-element-dda6393 elementor-widget elementor-widget-image\" data-id=\"dda6393\" data-element_type=\"widget\" data-e-type=\"widget\" data-widget_type=\"image.default\">\n\t\t\t\t<div class=\"elementor-widget-container\">\n\t\t\t\t\t\t\t\t\t\t\t\t<figure class=\"wp-caption\">\n\t\t\t\t\t\t\t\t\t\t\t<a href=\"https:\/\/buchholz-software.de\/wp-content\/uploads\/2025\/03\/AVV.Pruefung.png\" data-elementor-open-lightbox=\"yes\" data-elementor-lightbox-title=\"AVV.Pr\u00fcfung\" data-e-action-hash=\"#elementor-action%3Aaction%3Dlightbox%26settings%3DeyJpZCI6MTExMSwidXJsIjoiaHR0cHM6XC9cL2J1Y2hob2x6LXNvZnR3YXJlLmRlXC93cC1jb250ZW50XC91cGxvYWRzXC8yMDI1XC8wM1wvQVZWLlBydWVmdW5nLnBuZyJ9\">\n\t\t\t\t\t\t\t<img loading=\"lazy\" decoding=\"async\" width=\"171\" height=\"300\" src=\"https:\/\/buchholz-software.de\/wp-content\/uploads\/2025\/03\/AVV.Pruefung-171x300.png\" class=\"attachment-medium size-medium wp-image-1111\" alt=\"Audit du CUU\" srcset=\"https:\/\/buchholz-software.de\/wp-content\/uploads\/2025\/03\/AVV.Pruefung-171x300.png 171w, https:\/\/buchholz-software.de\/wp-content\/uploads\/2025\/03\/AVV.Pruefung-583x1024.png 583w, https:\/\/buchholz-software.de\/wp-content\/uploads\/2025\/03\/AVV.Pruefung-7x12.png 7w, https:\/\/buchholz-software.de\/wp-content\/uploads\/2025\/03\/AVV.Pruefung.png 631w\" sizes=\"auto, (max-width: 171px) 100vw, 171px\" \/>\t\t\t\t\t\t\t\t<\/a>\n\t\t\t\t\t\t\t\t\t\t\t<figcaption class=\"widget-image-caption wp-caption-text\">Audit du CUU<\/figcaption>\n\t\t\t\t\t\t\t\t\t\t<\/figure>\n\t\t\t\t\t\t\t\t\t<\/div>\n\t\t\t\t<\/div>\n\t\t\t\t\t<\/div>\n\t\t<\/div>\n\t\t\t\t\t<\/div>\n\t\t<\/section>\n\t\t\t\t<\/div>","protected":false},"excerpt":{"rendered":"<p>Auftragsverarbeitung Die Auftragsverarbeitung spielt eine zentrale Rolle im Datenschutzmanagement, da personenbezogene Daten h\u00e4ufig nicht nur intern verarbeitet, sondern auch an externe Dienstleister weitergegeben werden. Nach Art. 28 DSGVO m\u00fcssen Verantwortliche sicherstellen, dass ihre Auftragsverarbeiter geeignete Datenschutzma\u00dfnahmen ergreifen und die Verarbeitung ausschlie\u00dflich im Rahmen der vereinbarten Zwecke erfolgt. Nach Art. 30 DSGVO sind Unternehmen verpflichtet, im [&hellip;]<\/p>\n","protected":false},"author":1,"featured_media":0,"parent":0,"menu_order":0,"comment_status":"closed","ping_status":"closed","template":"","meta":{"footnotes":""},"class_list":["post-1103","page","type-page","status-publish","hentry"],"_links":{"self":[{"href":"https:\/\/buchholz-software.de\/fr\/wp-json\/wp\/v2\/pages\/1103","targetHints":{"allow":["GET"]}}],"collection":[{"href":"https:\/\/buchholz-software.de\/fr\/wp-json\/wp\/v2\/pages"}],"about":[{"href":"https:\/\/buchholz-software.de\/fr\/wp-json\/wp\/v2\/types\/page"}],"author":[{"embeddable":true,"href":"https:\/\/buchholz-software.de\/fr\/wp-json\/wp\/v2\/users\/1"}],"replies":[{"embeddable":true,"href":"https:\/\/buchholz-software.de\/fr\/wp-json\/wp\/v2\/comments?post=1103"}],"version-history":[{"count":10,"href":"https:\/\/buchholz-software.de\/fr\/wp-json\/wp\/v2\/pages\/1103\/revisions"}],"predecessor-version":[{"id":1118,"href":"https:\/\/buchholz-software.de\/fr\/wp-json\/wp\/v2\/pages\/1103\/revisions\/1118"}],"wp:attachment":[{"href":"https:\/\/buchholz-software.de\/fr\/wp-json\/wp\/v2\/media?parent=1103"}],"curies":[{"name":"wp","href":"https:\/\/api.w.org\/{rel}","templated":true}]}}