{"id":1136,"date":"2025-03-21T10:11:20","date_gmt":"2025-03-21T09:11:20","guid":{"rendered":"https:\/\/buchholz-software.de\/?page_id=1136"},"modified":"2025-03-28T16:15:53","modified_gmt":"2025-03-28T15:15:53","slug":"conservation-et-effacement","status":"publish","type":"page","link":"https:\/\/buchholz-software.de\/fr\/aufbewahrung-und-loeschung\/","title":{"rendered":"Conservation et suppression"},"content":{"rendered":"<div data-elementor-type=\"wp-page\" data-elementor-id=\"1136\" class=\"elementor elementor-1136\" data-elementor-post-type=\"page\">\n\t\t\t\t\t\t<section class=\"elementor-section elementor-top-section elementor-element elementor-element-ce9020d elementor-section-boxed elementor-section-height-default elementor-section-height-default\" data-id=\"ce9020d\" data-element_type=\"section\" data-e-type=\"section\">\n\t\t\t\t\t\t<div class=\"elementor-container elementor-column-gap-default\">\n\t\t\t\t\t<div class=\"elementor-column elementor-col-100 elementor-top-column elementor-element elementor-element-c39342a\" data-id=\"c39342a\" data-element_type=\"column\" data-e-type=\"column\">\n\t\t\t<div class=\"elementor-widget-wrap elementor-element-populated\">\n\t\t\t\t\t\t<div class=\"elementor-element elementor-element-774049c elementor-widget elementor-widget-heading\" data-id=\"774049c\" data-element_type=\"widget\" data-e-type=\"widget\" data-widget_type=\"heading.default\">\n\t\t\t\t<div class=\"elementor-widget-container\">\n\t\t\t\t\t<h2 class=\"elementor-heading-title elementor-size-default\">Conservation et suppression<\/h2>\t\t\t\t<\/div>\n\t\t\t\t<\/div>\n\t\t\t\t\t<\/div>\n\t\t<\/div>\n\t\t\t\t\t<\/div>\n\t\t<\/section>\n\t\t\t\t<section class=\"elementor-section elementor-top-section elementor-element elementor-element-7e864ce elementor-section-boxed elementor-section-height-default elementor-section-height-default\" data-id=\"7e864ce\" data-element_type=\"section\" data-e-type=\"section\">\n\t\t\t\t\t\t<div class=\"elementor-container elementor-column-gap-default\">\n\t\t\t\t\t<div class=\"elementor-column elementor-col-100 elementor-top-column elementor-element elementor-element-2480a6d\" data-id=\"2480a6d\" data-element_type=\"column\" data-e-type=\"column\">\n\t\t\t<div class=\"elementor-widget-wrap elementor-element-populated\">\n\t\t\t\t\t\t<section class=\"elementor-section elementor-inner-section elementor-element elementor-element-3ed8fdb elementor-section-boxed elementor-section-height-default elementor-section-height-default\" data-id=\"3ed8fdb\" data-element_type=\"section\" data-e-type=\"section\">\n\t\t\t\t\t\t<div class=\"elementor-container elementor-column-gap-default\">\n\t\t\t\t\t<div class=\"elementor-column elementor-col-100 elementor-inner-column elementor-element elementor-element-fbe35af\" data-id=\"fbe35af\" data-element_type=\"column\" data-e-type=\"column\">\n\t\t\t<div class=\"elementor-widget-wrap elementor-element-populated\">\n\t\t\t\t\t\t<div class=\"elementor-element elementor-element-82e3412 elementor-widget elementor-widget-text-editor\" data-id=\"82e3412\" data-element_type=\"widget\" data-e-type=\"widget\" data-widget_type=\"text-editor.default\">\n\t\t\t\t<div class=\"elementor-widget-container\">\n\t\t\t\t\t\t\t\t\t<p>D\u00e9finissez quelles donn\u00e9es doivent \u00eatre conserv\u00e9es dans le contexte de l'activit\u00e9 de traitement et pendant combien de temps :<\/p>\t\t\t\t\t\t\t\t<\/div>\n\t\t\t\t<\/div>\n\t\t\t\t\t<\/div>\n\t\t<\/div>\n\t\t\t\t\t<\/div>\n\t\t<\/section>\n\t\t\t\t<div class=\"elementor-element elementor-element-81b1f5a elementor-widget elementor-widget-image\" data-id=\"81b1f5a\" data-element_type=\"widget\" data-e-type=\"widget\" data-widget_type=\"image.default\">\n\t\t\t\t<div class=\"elementor-widget-container\">\n\t\t\t\t\t\t\t\t\t\t\t\t<figure class=\"wp-caption\">\n\t\t\t\t\t\t\t\t\t\t<img loading=\"lazy\" decoding=\"async\" width=\"800\" height=\"255\" src=\"https:\/\/buchholz-software.de\/wp-content\/uploads\/2025\/03\/Loeschung-1024x326.png\" class=\"attachment-large size-large wp-image-1138\" alt=\"R\u00e8gles de suppression\" srcset=\"https:\/\/buchholz-software.de\/wp-content\/uploads\/2025\/03\/Loeschung-1024x326.png 1024w, https:\/\/buchholz-software.de\/wp-content\/uploads\/2025\/03\/Loeschung-300x95.png 300w, https:\/\/buchholz-software.de\/wp-content\/uploads\/2025\/03\/Loeschung-768x244.png 768w, https:\/\/buchholz-software.de\/wp-content\/uploads\/2025\/03\/Loeschung-18x6.png 18w, https:\/\/buchholz-software.de\/wp-content\/uploads\/2025\/03\/Loeschung.png 1213w\" sizes=\"auto, (max-width: 800px) 100vw, 800px\" \/>\t\t\t\t\t\t\t\t\t\t\t<figcaption class=\"widget-image-caption wp-caption-text\">R\u00e8gles de suppression<\/figcaption>\n\t\t\t\t\t\t\t\t\t\t<\/figure>\n\t\t\t\t\t\t\t\t\t<\/div>\n\t\t\t\t<\/div>\n\t\t\t\t\t<\/div>\n\t\t<\/div>\n\t\t\t\t\t<\/div>\n\t\t<\/section>\n\t\t\t\t<section class=\"elementor-section elementor-top-section elementor-element elementor-element-96416f8 elementor-section-boxed elementor-section-height-default elementor-section-height-default\" data-id=\"96416f8\" data-element_type=\"section\" data-e-type=\"section\">\n\t\t\t\t\t\t<div class=\"elementor-container elementor-column-gap-default\">\n\t\t\t\t\t<div class=\"elementor-column elementor-col-100 elementor-top-column elementor-element elementor-element-56f12c0\" data-id=\"56f12c0\" data-element_type=\"column\" data-e-type=\"column\">\n\t\t\t<div class=\"elementor-widget-wrap elementor-element-populated\">\n\t\t\t\t\t\t<div class=\"elementor-element elementor-element-44cb3e0 elementor-widget elementor-widget-heading\" data-id=\"44cb3e0\" data-element_type=\"widget\" data-e-type=\"widget\" data-widget_type=\"heading.default\">\n\t\t\t\t<div class=\"elementor-widget-container\">\n\t\t\t\t\t<h5 class=\"elementor-heading-title elementor-size-default\">Donn\u00e9es d\u00e9taill\u00e9es<\/h5>\t\t\t\t<\/div>\n\t\t\t\t<\/div>\n\t\t\t\t<div class=\"elementor-element elementor-element-926ac52 elementor-widget elementor-widget-text-editor\" data-id=\"926ac52\" data-element_type=\"widget\" data-e-type=\"widget\" data-widget_type=\"text-editor.default\">\n\t\t\t\t<div class=\"elementor-widget-container\">\n\t\t\t\t\t\t\t\t\t<p>Des mod\u00e8les pr\u00eats \u00e0 l'emploi sont \u00e9galement disponibles pour les r\u00e8gles de suppression. Si vous souhaitez d\u00e9finir une nouvelle r\u00e8gle de suppression, les cat\u00e9gories de donn\u00e9es de l'activit\u00e9 de traitement actuelle vous sont propos\u00e9es.<\/p>\t\t\t\t\t\t\t\t<\/div>\n\t\t\t\t<\/div>\n\t\t\t\t\t<\/div>\n\t\t<\/div>\n\t\t\t\t\t<\/div>\n\t\t<\/section>\n\t\t\t\t<section class=\"elementor-section elementor-top-section elementor-element elementor-element-610ec59 elementor-section-boxed elementor-section-height-default elementor-section-height-default\" data-id=\"610ec59\" data-element_type=\"section\" data-e-type=\"section\">\n\t\t\t\t\t\t<div class=\"elementor-container elementor-column-gap-default\">\n\t\t\t\t\t<div class=\"elementor-column elementor-col-100 elementor-top-column elementor-element elementor-element-36e3da1\" data-id=\"36e3da1\" data-element_type=\"column\" data-e-type=\"column\">\n\t\t\t<div class=\"elementor-widget-wrap elementor-element-populated\">\n\t\t\t\t\t\t<div class=\"elementor-element elementor-element-f58778f elementor-widget elementor-widget-image\" data-id=\"f58778f\" data-element_type=\"widget\" data-e-type=\"widget\" data-widget_type=\"image.default\">\n\t\t\t\t<div class=\"elementor-widget-container\">\n\t\t\t\t\t\t\t\t\t\t\t\t<figure class=\"wp-caption\">\n\t\t\t\t\t\t\t\t\t\t<img loading=\"lazy\" decoding=\"async\" width=\"768\" height=\"856\" src=\"https:\/\/buchholz-software.de\/wp-content\/uploads\/2025\/03\/Loeschregel-768x856.png\" class=\"attachment-medium_large size-medium_large wp-image-1139\" alt=\"\" srcset=\"https:\/\/buchholz-software.de\/wp-content\/uploads\/2025\/03\/Loeschregel-768x856.png 768w, https:\/\/buchholz-software.de\/wp-content\/uploads\/2025\/03\/Loeschregel-269x300.png 269w, https:\/\/buchholz-software.de\/wp-content\/uploads\/2025\/03\/Loeschregel-11x12.png 11w, https:\/\/buchholz-software.de\/wp-content\/uploads\/2025\/03\/Loeschregel.png 796w\" sizes=\"auto, (max-width: 768px) 100vw, 768px\" \/>\t\t\t\t\t\t\t\t\t\t\t<figcaption class=\"widget-image-caption wp-caption-text\"><\/figcaption>\n\t\t\t\t\t\t\t\t\t\t<\/figure>\n\t\t\t\t\t\t\t\t\t<\/div>\n\t\t\t\t<\/div>\n\t\t\t\t\t<\/div>\n\t\t<\/div>\n\t\t\t\t\t<\/div>\n\t\t<\/section>\n\t\t\t\t<\/div>","protected":false},"excerpt":{"rendered":"<p>Conservation et effacement D\u00e9terminez quelles donn\u00e9es doivent \u00eatre conserv\u00e9es dans le contexte de l'activit\u00e9 de traitement et pendant combien de temps : R\u00e8gles de suppression Donn\u00e9es d\u00e9taill\u00e9es Des mod\u00e8les pr\u00eats \u00e0 l'emploi sont \u00e9galement disponibles pour les r\u00e8gles de suppression. Si vous souhaitez d\u00e9finir une nouvelle r\u00e8gle de suppression, les cat\u00e9gories de donn\u00e9es de l'activit\u00e9 de traitement actuelle vous sont propos\u00e9es.<\/p>","protected":false},"author":1,"featured_media":0,"parent":0,"menu_order":0,"comment_status":"closed","ping_status":"closed","template":"","meta":{"footnotes":""},"class_list":["post-1136","page","type-page","status-publish","hentry"],"_links":{"self":[{"href":"https:\/\/buchholz-software.de\/fr\/wp-json\/wp\/v2\/pages\/1136","targetHints":{"allow":["GET"]}}],"collection":[{"href":"https:\/\/buchholz-software.de\/fr\/wp-json\/wp\/v2\/pages"}],"about":[{"href":"https:\/\/buchholz-software.de\/fr\/wp-json\/wp\/v2\/types\/page"}],"author":[{"embeddable":true,"href":"https:\/\/buchholz-software.de\/fr\/wp-json\/wp\/v2\/users\/1"}],"replies":[{"embeddable":true,"href":"https:\/\/buchholz-software.de\/fr\/wp-json\/wp\/v2\/comments?post=1136"}],"version-history":[{"count":7,"href":"https:\/\/buchholz-software.de\/fr\/wp-json\/wp\/v2\/pages\/1136\/revisions"}],"predecessor-version":[{"id":1233,"href":"https:\/\/buchholz-software.de\/fr\/wp-json\/wp\/v2\/pages\/1136\/revisions\/1233"}],"wp:attachment":[{"href":"https:\/\/buchholz-software.de\/fr\/wp-json\/wp\/v2\/media?parent=1136"}],"curies":[{"name":"wp","href":"https:\/\/api.w.org\/{rel}","templated":true}]}}