{"id":1152,"date":"2025-03-21T15:31:47","date_gmt":"2025-03-21T14:31:47","guid":{"rendered":"https:\/\/buchholz-software.de\/?page_id=1152"},"modified":"2025-03-22T13:26:55","modified_gmt":"2025-03-22T12:26:55","slug":"dsfa","status":"publish","type":"page","link":"https:\/\/buchholz-software.de\/fr\/dsfa\/","title":{"rendered":"DSFA"},"content":{"rendered":"<div data-elementor-type=\"wp-page\" data-elementor-id=\"1152\" class=\"elementor elementor-1152\" data-elementor-post-type=\"page\">\n\t\t\t\t\t\t<section class=\"elementor-section elementor-top-section elementor-element elementor-element-1695e12 elementor-section-boxed elementor-section-height-default elementor-section-height-default\" data-id=\"1695e12\" data-element_type=\"section\" data-e-type=\"section\">\n\t\t\t\t\t\t<div class=\"elementor-container elementor-column-gap-default\">\n\t\t\t\t\t<div class=\"elementor-column elementor-col-100 elementor-top-column elementor-element elementor-element-39c64e4\" data-id=\"39c64e4\" data-element_type=\"column\" data-e-type=\"column\">\n\t\t\t<div class=\"elementor-widget-wrap elementor-element-populated\">\n\t\t\t\t\t\t<div class=\"elementor-element elementor-element-805c9e0 elementor-widget elementor-widget-heading\" data-id=\"805c9e0\" data-element_type=\"widget\" data-e-type=\"widget\" data-widget_type=\"heading.default\">\n\t\t\t\t<div class=\"elementor-widget-container\">\n\t\t\t\t\t<h2 class=\"elementor-heading-title elementor-size-default\">\u00c9valuations d'impact sur la protection des donn\u00e9es (DSFA)<\/h2>\t\t\t\t<\/div>\n\t\t\t\t<\/div>\n\t\t\t\t\t<\/div>\n\t\t<\/div>\n\t\t\t\t\t<\/div>\n\t\t<\/section>\n\t\t\t\t<section class=\"elementor-section elementor-top-section elementor-element elementor-element-0404668 elementor-section-boxed elementor-section-height-default elementor-section-height-default\" data-id=\"0404668\" data-element_type=\"section\" data-e-type=\"section\">\n\t\t\t\t\t\t<div class=\"elementor-container elementor-column-gap-default\">\n\t\t\t\t\t<div class=\"elementor-column elementor-col-100 elementor-top-column elementor-element elementor-element-3c7959b\" data-id=\"3c7959b\" data-element_type=\"column\" data-e-type=\"column\">\n\t\t\t<div class=\"elementor-widget-wrap elementor-element-populated\">\n\t\t\t\t\t\t<div class=\"elementor-element elementor-element-7a4c341 elementor-widget elementor-widget-text-editor\" data-id=\"7a4c341\" data-element_type=\"widget\" data-e-type=\"widget\" data-widget_type=\"text-editor.default\">\n\t\t\t\t<div class=\"elementor-widget-container\">\n\t\t\t\t\t\t\t\t\t<h5 data-start=\"270\" data-end=\"359\">Analyse d'impact sur la protection des donn\u00e9es (AIPD) avec Anyva - compr\u00e9hensible, fond\u00e9e et pratique<\/h5><p data-start=\"361\" data-end=\"735\">La r\u00e9alisation d'une analyse d'impact sur la protection des donn\u00e9es (AIPD) est un d\u00e9fi pour de nombreuses organisations - complexe sur le plan juridique, exigeante sur le plan technique et souvent difficile \u00e0 saisir pour les non-sp\u00e9cialistes. <strong data-start=\"561\" data-end=\"570\">Anyva<\/strong> change fondamentalement la donne : gr\u00e2ce \u00e0 une approche modulaire innovante, Anyva rend la DSFA compr\u00e9hensible, reproductible et r\u00e9alisable m\u00eame par des profanes en mati\u00e8re de protection des donn\u00e9es.<\/p><p data-start=\"361\" data-end=\"735\"><span style=\"color: #008000;\"><strong>Anyva est l'un des rares syst\u00e8mes de gestion de la protection des donn\u00e9es sur le march\u00e9 \u00e0 proposer une analyse classique des risques li\u00e9s \u00e0 la protection des donn\u00e9es.<\/strong><\/span><\/p><p data-start=\"737\" data-end=\"781\"><strong data-start=\"737\" data-end=\"781\">Vos avantages avec Anyva en un coup d'\u0153il :<\/strong><\/p><ul data-start=\"783\" data-end=\"2232\"><li data-start=\"783\" data-end=\"974\"><strong data-start=\"785\" data-end=\"821\">Int\u00e9gration parfaite avec le VVT<\/strong>Reprendre les activit\u00e9s de traitement directement \u00e0 partir de l'annuaire, y compris la finalit\u00e9, le processus, l'\u00e9quipe DSFA, les syst\u00e8mes impliqu\u00e9s et la base juridique.<\/li><li data-start=\"975\" data-end=\"1175\"><strong data-start=\"977\" data-end=\"1003\">Analyse modulaire des risques<\/strong>Choisissez parmi des modules d'exigences pr\u00eats \u00e0 l'emploi et test\u00e9s dans la pratique - des dossiers papier aux supports de donn\u00e9es mobiles, en passant par des objectifs abstraits tels que la confidentialit\u00e9 ou la limitation des objectifs.<\/li><li data-start=\"1176\" data-end=\"1369\"><strong data-start=\"1178\" data-end=\"1204\">Langage technique traduit<\/strong>Les exigences juridiques sont traduites de mani\u00e8re compr\u00e9hensible en mesures concr\u00e8tes - par exemple, le risque li\u00e9 aux dossiers papier est abord\u00e9 par des armoires de classement verrouillables.<\/li><li data-start=\"1370\" data-end=\"1539\"><strong data-start=\"1372\" data-end=\"1418\">\u00c9valuation int\u00e9gr\u00e9e des risques et des mesures<\/strong>Chaque module contient des risques typiques, des mesures techniques et organisationnelles (TOM) appropri\u00e9es et des conseils de mise en \u0153uvre.<\/li><li data-start=\"1540\" data-end=\"1697\"><strong data-start=\"1542\" data-end=\"1577\">DSFA plausible et complet<\/strong>Gr\u00e2ce \u00e0 la structure modulaire, vos DSFA sont structur\u00e9s de mani\u00e8re logique, document\u00e9s de mani\u00e8re l\u00e9gale et compr\u00e9hensibles \u00e0 tout moment.<\/li><li data-start=\"1698\" data-end=\"1902\"><strong data-start=\"1700\" data-end=\"1741\">Pr\u00e9configur\u00e9 et rapidement pr\u00eat \u00e0 l'emploi<\/strong>Les modules sont fournis et ne n\u00e9cessitent qu'une adaptation individuelle - id\u00e9al pour les responsables de la protection des donn\u00e9es sans connaissances juridiques ou techniques sp\u00e9cifiques.<\/li><li data-start=\"1903\" data-end=\"2062\"><strong data-start=\"1905\" data-end=\"1954\">Une DSFA vivante gr\u00e2ce \u00e0 la gestion des vuln\u00e9rabilit\u00e9s<\/strong>: le statut de risque reste \u00e0 jour - les vuln\u00e9rabilit\u00e9s non trait\u00e9es augmentent automatiquement le risque restant.<\/li><li data-start=\"2063\" data-end=\"2232\"><strong data-start=\"2065\" data-end=\"2103\">Une gestion des risques compr\u00e9hensible<\/strong>Les risques initiaux, les effets des TOM et les risques r\u00e9siduels sont d\u00e9crits de mani\u00e8re fond\u00e9e et justifi\u00e9s de mani\u00e8re compr\u00e9hensible sur la base de la GDS.<\/li><\/ul><p data-start=\"2234\" data-end=\"2353\"><strong data-start=\"2234\" data-end=\"2353\">Anyva apporte structure et intelligibilit\u00e9 \u00e0 votre DSFA - pour plus de protection des donn\u00e9es, plus de s\u00e9curit\u00e9 et plus de confiance.<\/strong><\/p><p data-start=\"2234\" data-end=\"2353\">\u00a0<\/p>\t\t\t\t\t\t\t\t<\/div>\n\t\t\t\t<\/div>\n\t\t\t\t\t<\/div>\n\t\t<\/div>\n\t\t\t\t\t<\/div>\n\t\t<\/section>\n\t\t\t\t<section class=\"elementor-section elementor-top-section elementor-element elementor-element-c89eff5 elementor-section-boxed elementor-section-height-default elementor-section-height-default\" data-id=\"c89eff5\" data-element_type=\"section\" data-e-type=\"section\">\n\t\t\t\t\t\t<div class=\"elementor-container elementor-column-gap-default\">\n\t\t\t\t\t<div class=\"elementor-column elementor-col-100 elementor-top-column elementor-element elementor-element-a91bb46\" data-id=\"a91bb46\" data-element_type=\"column\" data-e-type=\"column\">\n\t\t\t<div class=\"elementor-widget-wrap elementor-element-populated\">\n\t\t\t\t\t\t<div class=\"elementor-element elementor-element-5493905 elementor-widget elementor-widget-image\" data-id=\"5493905\" data-element_type=\"widget\" data-e-type=\"widget\" data-widget_type=\"image.default\">\n\t\t\t\t<div class=\"elementor-widget-container\">\n\t\t\t\t\t\t\t\t\t\t\t\t<figure class=\"wp-caption\">\n\t\t\t\t\t\t\t\t\t\t<img loading=\"lazy\" decoding=\"async\" width=\"768\" height=\"259\" src=\"https:\/\/buchholz-software.de\/wp-content\/uploads\/2025\/03\/DSFA-768x259.png\" class=\"attachment-medium_large size-medium_large wp-image-1158\" alt=\"DSFA\" srcset=\"https:\/\/buchholz-software.de\/wp-content\/uploads\/2025\/03\/DSFA-768x259.png 768w, https:\/\/buchholz-software.de\/wp-content\/uploads\/2025\/03\/DSFA-300x101.png 300w, https:\/\/buchholz-software.de\/wp-content\/uploads\/2025\/03\/DSFA-1024x345.png 1024w, https:\/\/buchholz-software.de\/wp-content\/uploads\/2025\/03\/DSFA-18x6.png 18w, https:\/\/buchholz-software.de\/wp-content\/uploads\/2025\/03\/DSFA.png 1503w\" sizes=\"auto, (max-width: 768px) 100vw, 768px\" \/>\t\t\t\t\t\t\t\t\t\t\t<figcaption class=\"widget-image-caption wp-caption-text\">Liste des \u00e9valuations d'impact sur la protection des donn\u00e9es effectu\u00e9es<\/figcaption>\n\t\t\t\t\t\t\t\t\t\t<\/figure>\n\t\t\t\t\t\t\t\t\t<\/div>\n\t\t\t\t<\/div>\n\t\t\t\t\t<\/div>\n\t\t<\/div>\n\t\t\t\t\t<\/div>\n\t\t<\/section>\n\t\t\t\t<section class=\"elementor-section elementor-top-section elementor-element elementor-element-f3461cc elementor-section-boxed elementor-section-height-default elementor-section-height-default\" data-id=\"f3461cc\" data-element_type=\"section\" data-e-type=\"section\">\n\t\t\t\t\t\t<div class=\"elementor-container elementor-column-gap-default\">\n\t\t\t\t\t<div class=\"elementor-column elementor-col-100 elementor-top-column elementor-element elementor-element-0b3d55c\" data-id=\"0b3d55c\" data-element_type=\"column\" data-e-type=\"column\">\n\t\t\t<div class=\"elementor-widget-wrap elementor-element-populated\">\n\t\t\t\t\t\t<div class=\"elementor-element elementor-element-0fc6cd6 elementor-widget elementor-widget-text-editor\" data-id=\"0fc6cd6\" data-element_type=\"widget\" data-e-type=\"widget\" data-widget_type=\"text-editor.default\">\n\t\t\t\t<div class=\"elementor-widget-container\">\n\t\t\t\t\t\t\t\t\t<p>DSFA peuvent \u00eatre d\u00e9crites en d\u00e9tail. Toutes les donn\u00e9es pertinentes peuvent \u00eatre reprises de l'activit\u00e9 de proc\u00e9dure correspondante. Gr\u00e2ce \u00e0 l'int\u00e9gration dans les processus PDCA, chaque DSFA reste \u201evivant\u201c et ne dispara\u00eet pas dans un tiroir sans avoir \u00e9t\u00e9 utilis\u00e9.<br><br>Le risque r\u00e9siduel affich\u00e9 ici r\u00e9sulte des risques individuels des modules d'exigences attribu\u00e9s.<\/p>\t\t\t\t\t\t\t\t<\/div>\n\t\t\t\t<\/div>\n\t\t\t\t<div class=\"elementor-element elementor-element-500d1c2 elementor-widget elementor-widget-image\" data-id=\"500d1c2\" data-element_type=\"widget\" data-e-type=\"widget\" data-widget_type=\"image.default\">\n\t\t\t\t<div class=\"elementor-widget-container\">\n\t\t\t\t\t\t\t\t\t\t\t\t<figure class=\"wp-caption\">\n\t\t\t\t\t\t\t\t\t\t<img loading=\"lazy\" decoding=\"async\" width=\"768\" height=\"631\" src=\"https:\/\/buchholz-software.de\/wp-content\/uploads\/2025\/03\/DSFA-Detail-768x631.png\" class=\"attachment-medium_large size-medium_large wp-image-1164\" alt=\"Jeu : DSFA\" srcset=\"https:\/\/buchholz-software.de\/wp-content\/uploads\/2025\/03\/DSFA-Detail-768x631.png 768w, https:\/\/buchholz-software.de\/wp-content\/uploads\/2025\/03\/DSFA-Detail-300x247.png 300w, https:\/\/buchholz-software.de\/wp-content\/uploads\/2025\/03\/DSFA-Detail-1024x841.png 1024w, https:\/\/buchholz-software.de\/wp-content\/uploads\/2025\/03\/DSFA-Detail-15x12.png 15w, https:\/\/buchholz-software.de\/wp-content\/uploads\/2025\/03\/DSFA-Detail.png 1234w\" sizes=\"auto, (max-width: 768px) 100vw, 768px\" \/>\t\t\t\t\t\t\t\t\t\t\t<figcaption class=\"widget-image-caption wp-caption-text\">Exemple de DSFA<\/figcaption>\n\t\t\t\t\t\t\t\t\t\t<\/figure>\n\t\t\t\t\t\t\t\t\t<\/div>\n\t\t\t\t<\/div>\n\t\t\t\t\t<\/div>\n\t\t<\/div>\n\t\t\t\t\t<\/div>\n\t\t<\/section>\n\t\t\t\t<\/div>","protected":false},"excerpt":{"rendered":"<p>Datenschutzfolgenabsch\u00e4tzungen (DSFA) Datenschutz-Folgenabsch\u00e4tzung (DSFA) mit Anyva \u2013 verst\u00e4ndlich, fundiert und praxisnah Die Durchf\u00fchrung einer Datenschutz-Folgenabsch\u00e4tzung (DSFA) ist f\u00fcr viele Organisationen eine Herausforderung \u2013 juristisch komplex, technisch anspruchsvoll und oft schwer greifbar f\u00fcr Nichtfachleute. Anyva ver\u00e4ndert das grundlegend: Mit einem innovativen, modularen Ansatz macht Anyva die DSFA nachvollziehbar, reproduzierbar und auch f\u00fcr Datenschutz-Laien durchf\u00fchrbar. Anyva ist [&hellip;]<\/p>\n","protected":false},"author":1,"featured_media":0,"parent":0,"menu_order":0,"comment_status":"closed","ping_status":"closed","template":"","meta":{"footnotes":""},"class_list":["post-1152","page","type-page","status-publish","hentry"],"_links":{"self":[{"href":"https:\/\/buchholz-software.de\/fr\/wp-json\/wp\/v2\/pages\/1152","targetHints":{"allow":["GET"]}}],"collection":[{"href":"https:\/\/buchholz-software.de\/fr\/wp-json\/wp\/v2\/pages"}],"about":[{"href":"https:\/\/buchholz-software.de\/fr\/wp-json\/wp\/v2\/types\/page"}],"author":[{"embeddable":true,"href":"https:\/\/buchholz-software.de\/fr\/wp-json\/wp\/v2\/users\/1"}],"replies":[{"embeddable":true,"href":"https:\/\/buchholz-software.de\/fr\/wp-json\/wp\/v2\/comments?post=1152"}],"version-history":[{"count":10,"href":"https:\/\/buchholz-software.de\/fr\/wp-json\/wp\/v2\/pages\/1152\/revisions"}],"predecessor-version":[{"id":1167,"href":"https:\/\/buchholz-software.de\/fr\/wp-json\/wp\/v2\/pages\/1152\/revisions\/1167"}],"wp:attachment":[{"href":"https:\/\/buchholz-software.de\/fr\/wp-json\/wp\/v2\/media?parent=1152"}],"curies":[{"name":"wp","href":"https:\/\/api.w.org\/{rel}","templated":true}]}}