{"id":1179,"date":"2025-03-22T13:58:32","date_gmt":"2025-03-22T12:58:32","guid":{"rendered":"https:\/\/buchholz-software.de\/?page_id=1179"},"modified":"2025-03-22T14:10:03","modified_gmt":"2025-03-22T13:10:03","slug":"rapport-de-la-dsfa","status":"publish","type":"page","link":"https:\/\/buchholz-software.de\/fr\/dsfa-bericht\/","title":{"rendered":"Rapport DSFA"},"content":{"rendered":"<div data-elementor-type=\"wp-page\" data-elementor-id=\"1179\" class=\"elementor elementor-1179\" data-elementor-post-type=\"page\">\n\t\t\t\t\t\t<section class=\"elementor-section elementor-top-section elementor-element elementor-element-13a11a0 elementor-section-boxed elementor-section-height-default elementor-section-height-default\" data-id=\"13a11a0\" data-element_type=\"section\" data-e-type=\"section\">\n\t\t\t\t\t\t<div class=\"elementor-container elementor-column-gap-default\">\n\t\t\t\t\t<div class=\"elementor-column elementor-col-100 elementor-top-column elementor-element elementor-element-a1d287b\" data-id=\"a1d287b\" data-element_type=\"column\" data-e-type=\"column\">\n\t\t\t<div class=\"elementor-widget-wrap elementor-element-populated\">\n\t\t\t\t\t\t<div class=\"elementor-element elementor-element-04f921e elementor-widget elementor-widget-heading\" data-id=\"04f921e\" data-element_type=\"widget\" data-e-type=\"widget\" data-widget_type=\"heading.default\">\n\t\t\t\t<div class=\"elementor-widget-container\">\n\t\t\t\t\t<h2 class=\"elementor-heading-title elementor-size-default\">Rapport DSFA<\/h2>\t\t\t\t<\/div>\n\t\t\t\t<\/div>\n\t\t\t\t\t<\/div>\n\t\t<\/div>\n\t\t\t\t\t<\/div>\n\t\t<\/section>\n\t\t\t\t<section class=\"elementor-section elementor-top-section elementor-element elementor-element-c1fb169 elementor-section-boxed elementor-section-height-default elementor-section-height-default\" data-id=\"c1fb169\" data-element_type=\"section\" data-e-type=\"section\">\n\t\t\t\t\t\t<div class=\"elementor-container elementor-column-gap-default\">\n\t\t\t\t\t<div class=\"elementor-column elementor-col-100 elementor-top-column elementor-element elementor-element-cfdd172\" data-id=\"cfdd172\" data-element_type=\"column\" data-e-type=\"column\">\n\t\t\t<div class=\"elementor-widget-wrap elementor-element-populated\">\n\t\t\t\t\t\t<div class=\"elementor-element elementor-element-55f3f38 elementor-widget elementor-widget-text-editor\" data-id=\"55f3f38\" data-element_type=\"widget\" data-e-type=\"widget\" data-widget_type=\"text-editor.default\">\n\t\t\t\t<div class=\"elementor-widget-container\">\n\t\t\t\t\t\t\t\t\t<p>Le rapport DSFA est g\u00e9n\u00e9r\u00e9 automatiquement et contient \u00e0 la fois tous les contenus saisis de la DSFA et une pr\u00e9sentation d\u00e9taill\u00e9e et plausible de l'identification des risques \u00e0 partir de tous les modules d'exigences.<br \/><br \/>Bien entendu, le rapport peut \u00eatre export\u00e9 dans diff\u00e9rents formats de donn\u00e9es (DOCX, PDF, XLSX, CSV, ...).<\/p>\t\t\t\t\t\t\t\t<\/div>\n\t\t\t\t<\/div>\n\t\t\t\t\t<\/div>\n\t\t<\/div>\n\t\t\t\t\t<\/div>\n\t\t<\/section>\n\t\t\t\t<section class=\"elementor-section elementor-top-section elementor-element elementor-element-ec6f079 elementor-section-boxed elementor-section-height-default elementor-section-height-default\" data-id=\"ec6f079\" data-element_type=\"section\" data-e-type=\"section\">\n\t\t\t\t\t\t<div class=\"elementor-container elementor-column-gap-default\">\n\t\t\t\t\t<div class=\"elementor-column elementor-col-100 elementor-top-column elementor-element elementor-element-d34dce4\" data-id=\"d34dce4\" data-element_type=\"column\" data-e-type=\"column\">\n\t\t\t<div class=\"elementor-widget-wrap elementor-element-populated\">\n\t\t\t\t\t\t<div class=\"elementor-element elementor-element-3fb07ef elementor-widget elementor-widget-image\" data-id=\"3fb07ef\" data-element_type=\"widget\" data-e-type=\"widget\" data-widget_type=\"image.default\">\n\t\t\t\t<div class=\"elementor-widget-container\">\n\t\t\t\t\t\t\t\t\t\t\t\t<figure class=\"wp-caption\">\n\t\t\t\t\t\t\t\t\t\t<img loading=\"lazy\" decoding=\"async\" width=\"768\" height=\"671\" src=\"https:\/\/buchholz-software.de\/wp-content\/uploads\/2025\/03\/DSFA-Bericht-768x671.png\" class=\"attachment-medium_large size-medium_large wp-image-1181\" alt=\"Rapport DSFA\" srcset=\"https:\/\/buchholz-software.de\/wp-content\/uploads\/2025\/03\/DSFA-Bericht-768x671.png 768w, https:\/\/buchholz-software.de\/wp-content\/uploads\/2025\/03\/DSFA-Bericht-300x262.png 300w, https:\/\/buchholz-software.de\/wp-content\/uploads\/2025\/03\/DSFA-Bericht-14x12.png 14w, https:\/\/buchholz-software.de\/wp-content\/uploads\/2025\/03\/DSFA-Bericht.png 883w\" sizes=\"auto, (max-width: 768px) 100vw, 768px\" \/>\t\t\t\t\t\t\t\t\t\t\t<figcaption class=\"widget-image-caption wp-caption-text\">Rapport DSFA<\/figcaption>\n\t\t\t\t\t\t\t\t\t\t<\/figure>\n\t\t\t\t\t\t\t\t\t<\/div>\n\t\t\t\t<\/div>\n\t\t\t\t\t<\/div>\n\t\t<\/div>\n\t\t\t\t\t<\/div>\n\t\t<\/section>\n\t\t\t\t<section class=\"elementor-section elementor-top-section elementor-element elementor-element-d826f42 elementor-section-boxed elementor-section-height-default elementor-section-height-default\" data-id=\"d826f42\" data-element_type=\"section\" data-e-type=\"section\">\n\t\t\t\t\t\t<div class=\"elementor-container elementor-column-gap-default\">\n\t\t\t\t\t<div class=\"elementor-column elementor-col-100 elementor-top-column elementor-element elementor-element-625377f\" data-id=\"625377f\" data-element_type=\"column\" data-e-type=\"column\">\n\t\t\t<div class=\"elementor-widget-wrap elementor-element-populated\">\n\t\t\t\t\t\t<div class=\"elementor-element elementor-element-e6875d2 elementor-widget elementor-widget-text-editor\" data-id=\"e6875d2\" data-element_type=\"widget\" data-e-type=\"widget\" data-widget_type=\"text-editor.default\">\n\t\t\t\t<div class=\"elementor-widget-container\">\n\t\t\t\t\t\t\t\t\t<p>Les \u00e9l\u00e9ments du rapport DSFA sont pr\u00e9sent\u00e9s de mani\u00e8re claire dans une table des mati\u00e8res. Un clic de souris sur une entr\u00e9e vous permet de passer directement \u00e0 l'article correspondant.<\/p>\t\t\t\t\t\t\t\t<\/div>\n\t\t\t\t<\/div>\n\t\t\t\t<div class=\"elementor-element elementor-element-ad7d2bc elementor-widget elementor-widget-image\" data-id=\"ad7d2bc\" data-element_type=\"widget\" data-e-type=\"widget\" data-widget_type=\"image.default\">\n\t\t\t\t<div class=\"elementor-widget-container\">\n\t\t\t\t\t\t\t\t\t\t\t\t<figure class=\"wp-caption\">\n\t\t\t\t\t\t\t\t\t\t<img loading=\"lazy\" decoding=\"async\" width=\"768\" height=\"597\" src=\"https:\/\/buchholz-software.de\/wp-content\/uploads\/2025\/03\/DSFA-Bericht-2-768x597.png\" class=\"attachment-medium_large size-medium_large wp-image-1182\" alt=\"Rapport DSFA : contenu\" srcset=\"https:\/\/buchholz-software.de\/wp-content\/uploads\/2025\/03\/DSFA-Bericht-2-768x597.png 768w, https:\/\/buchholz-software.de\/wp-content\/uploads\/2025\/03\/DSFA-Bericht-2-300x233.png 300w, https:\/\/buchholz-software.de\/wp-content\/uploads\/2025\/03\/DSFA-Bericht-2-15x12.png 15w, https:\/\/buchholz-software.de\/wp-content\/uploads\/2025\/03\/DSFA-Bericht-2.png 831w\" sizes=\"auto, (max-width: 768px) 100vw, 768px\" \/>\t\t\t\t\t\t\t\t\t\t\t<figcaption class=\"widget-image-caption wp-caption-text\">Rapport DSFA : contenu<\/figcaption>\n\t\t\t\t\t\t\t\t\t\t<\/figure>\n\t\t\t\t\t\t\t\t\t<\/div>\n\t\t\t\t<\/div>\n\t\t\t\t\t<\/div>\n\t\t<\/div>\n\t\t\t\t\t<\/div>\n\t\t<\/section>\n\t\t\t\t<section class=\"elementor-section elementor-top-section elementor-element elementor-element-f86ec17 elementor-section-boxed elementor-section-height-default elementor-section-height-default\" data-id=\"f86ec17\" data-element_type=\"section\" data-e-type=\"section\">\n\t\t\t\t\t\t<div class=\"elementor-container elementor-column-gap-default\">\n\t\t\t\t\t<div class=\"elementor-column elementor-col-100 elementor-top-column elementor-element elementor-element-a1bf55d\" data-id=\"a1bf55d\" data-element_type=\"column\" data-e-type=\"column\">\n\t\t\t<div class=\"elementor-widget-wrap elementor-element-populated\">\n\t\t\t\t\t\t<div class=\"elementor-element elementor-element-c53ceca elementor-widget elementor-widget-text-editor\" data-id=\"c53ceca\" data-element_type=\"widget\" data-e-type=\"widget\" data-widget_type=\"text-editor.default\">\n\t\t\t\t<div class=\"elementor-widget-container\">\n\t\t\t\t\t\t\t\t\t<p>Le risque r\u00e9siduel est d\u00e9termin\u00e9 et document\u00e9 de mani\u00e8re compr\u00e9hensible :<\/p>\t\t\t\t\t\t\t\t<\/div>\n\t\t\t\t<\/div>\n\t\t\t\t<div class=\"elementor-element elementor-element-ffb86aa elementor-widget elementor-widget-image\" data-id=\"ffb86aa\" data-element_type=\"widget\" data-e-type=\"widget\" data-widget_type=\"image.default\">\n\t\t\t\t<div class=\"elementor-widget-container\">\n\t\t\t\t\t\t\t\t\t\t\t\t<figure class=\"wp-caption\">\n\t\t\t\t\t\t\t\t\t\t<img loading=\"lazy\" decoding=\"async\" width=\"272\" height=\"300\" src=\"https:\/\/buchholz-software.de\/wp-content\/uploads\/2025\/03\/DSFA-Bericht-3-272x300.png\" class=\"attachment-medium size-medium wp-image-1183\" alt=\"Rapport DSFA Risque r\u00e9siduel\" srcset=\"https:\/\/buchholz-software.de\/wp-content\/uploads\/2025\/03\/DSFA-Bericht-3-272x300.png 272w, https:\/\/buchholz-software.de\/wp-content\/uploads\/2025\/03\/DSFA-Bericht-3-11x12.png 11w, https:\/\/buchholz-software.de\/wp-content\/uploads\/2025\/03\/DSFA-Bericht-3.png 641w\" sizes=\"auto, (max-width: 272px) 100vw, 272px\" \/>\t\t\t\t\t\t\t\t\t\t\t<figcaption class=\"widget-image-caption wp-caption-text\">Rapport DSFA Risque r\u00e9siduel<\/figcaption>\n\t\t\t\t\t\t\t\t\t\t<\/figure>\n\t\t\t\t\t\t\t\t\t<\/div>\n\t\t\t\t<\/div>\n\t\t\t\t\t<\/div>\n\t\t<\/div>\n\t\t\t\t\t<\/div>\n\t\t<\/section>\n\t\t\t\t<\/div>","protected":false},"excerpt":{"rendered":"<p>DSFA Bericht Der DSFA Bericht wird automatisch erstellt und enth\u00e4lt sowohl alle erfassten Inhalte der DSFA als auch eine ausf\u00fchrliche und plausible Darstellung der Risikoermittlung aus allen Anforderungsmodulen. Selbstverst\u00e4ndlich kann der Bericht in verschiedene Datenformate (DOCX, PDF, XLSX, CSV, &#8230;) exportiert werden. DSFA Bericht Die Bestandteile des DSFA-Berichts werden \u00fcbersichtlich in einem Inhaltsverzeichnis dargestellt. Mit [&hellip;]<\/p>\n","protected":false},"author":1,"featured_media":0,"parent":0,"menu_order":0,"comment_status":"closed","ping_status":"closed","template":"","meta":{"footnotes":""},"class_list":["post-1179","page","type-page","status-publish","hentry"],"_links":{"self":[{"href":"https:\/\/buchholz-software.de\/fr\/wp-json\/wp\/v2\/pages\/1179","targetHints":{"allow":["GET"]}}],"collection":[{"href":"https:\/\/buchholz-software.de\/fr\/wp-json\/wp\/v2\/pages"}],"about":[{"href":"https:\/\/buchholz-software.de\/fr\/wp-json\/wp\/v2\/types\/page"}],"author":[{"embeddable":true,"href":"https:\/\/buchholz-software.de\/fr\/wp-json\/wp\/v2\/users\/1"}],"replies":[{"embeddable":true,"href":"https:\/\/buchholz-software.de\/fr\/wp-json\/wp\/v2\/comments?post=1179"}],"version-history":[{"count":4,"href":"https:\/\/buchholz-software.de\/fr\/wp-json\/wp\/v2\/pages\/1179\/revisions"}],"predecessor-version":[{"id":1186,"href":"https:\/\/buchholz-software.de\/fr\/wp-json\/wp\/v2\/pages\/1179\/revisions\/1186"}],"wp:attachment":[{"href":"https:\/\/buchholz-software.de\/fr\/wp-json\/wp\/v2\/media?parent=1179"}],"curies":[{"name":"wp","href":"https:\/\/api.w.org\/{rel}","templated":true}]}}