{"id":1211,"date":"2025-03-23T16:08:57","date_gmt":"2025-03-23T15:08:57","guid":{"rendered":"https:\/\/buchholz-software.de\/?page_id=1211"},"modified":"2025-03-23T16:11:36","modified_gmt":"2025-03-23T15:11:36","slug":"formations","status":"publish","type":"page","link":"https:\/\/buchholz-software.de\/fr\/schulungen\/","title":{"rendered":"Formations"},"content":{"rendered":"<div data-elementor-type=\"wp-page\" data-elementor-id=\"1211\" class=\"elementor elementor-1211\" data-elementor-post-type=\"page\">\n\t\t\t\t\t\t<section class=\"elementor-section elementor-top-section elementor-element elementor-element-d60b6de elementor-section-boxed elementor-section-height-default elementor-section-height-default\" data-id=\"d60b6de\" data-element_type=\"section\" data-e-type=\"section\">\n\t\t\t\t\t\t<div class=\"elementor-container elementor-column-gap-default\">\n\t\t\t\t\t<div class=\"elementor-column elementor-col-100 elementor-top-column elementor-element elementor-element-f83b75c\" data-id=\"f83b75c\" data-element_type=\"column\" data-e-type=\"column\">\n\t\t\t<div class=\"elementor-widget-wrap elementor-element-populated\">\n\t\t\t\t\t\t<div class=\"elementor-element elementor-element-5b26891 elementor-widget elementor-widget-heading\" data-id=\"5b26891\" data-element_type=\"widget\" data-e-type=\"widget\" data-widget_type=\"heading.default\">\n\t\t\t\t<div class=\"elementor-widget-container\">\n\t\t\t\t\t<h2 class=\"elementor-heading-title elementor-size-default\">Formations<\/h2>\t\t\t\t<\/div>\n\t\t\t\t<\/div>\n\t\t\t\t\t<\/div>\n\t\t<\/div>\n\t\t\t\t\t<\/div>\n\t\t<\/section>\n\t\t\t\t<section class=\"elementor-section elementor-top-section elementor-element elementor-element-c4fd9ef elementor-section-boxed elementor-section-height-default elementor-section-height-default\" data-id=\"c4fd9ef\" data-element_type=\"section\" data-e-type=\"section\">\n\t\t\t\t\t\t<div class=\"elementor-container elementor-column-gap-default\">\n\t\t\t\t\t<div class=\"elementor-column elementor-col-100 elementor-top-column elementor-element elementor-element-67380df\" data-id=\"67380df\" data-element_type=\"column\" data-e-type=\"column\">\n\t\t\t<div class=\"elementor-widget-wrap elementor-element-populated\">\n\t\t\t\t\t\t<div class=\"elementor-element elementor-element-305120c elementor-widget elementor-widget-text-editor\" data-id=\"305120c\" data-element_type=\"widget\" data-e-type=\"widget\" data-widget_type=\"text-editor.default\">\n\t\t\t\t<div class=\"elementor-widget-container\">\n\t\t\t\t\t\t\t\t\t<p class=\"\" data-start=\"247\" data-end=\"678\">Le module <strong data-start=\"257\" data-end=\"282\">\u201eGestion de la formation\u201c<\/strong> dans <strong data-start=\"286\" data-end=\"295\">Anyva<\/strong> vous aide \u00e0 planifier, \u00e0 r\u00e9aliser et \u00e0 suivre de mani\u00e8re cibl\u00e9e des formations dans le domaine de la protection des donn\u00e9es, de la s\u00e9curit\u00e9 de l'information et de la conformit\u00e9. Il garantit que toutes les personnes concern\u00e9es sont inform\u00e9es de leurs obligations, des risques et des r\u00e8gles de conduite - et que cela soit toujours le cas. <strong data-start=\"613\" data-end=\"665\">document\u00e9 de mani\u00e8re compr\u00e9hensible et conforme aux exigences de r\u00e9vision<\/strong> peut \u00eatre.<\/p><p class=\"\" data-start=\"680\" data-end=\"1007\">Un objectif central est la <strong data-start=\"707\" data-end=\"766\">Efficacit\u00e9 des mesures techniques et organisationnelles<\/strong> au sens de l'article 32 du RGPD. En effet, les mesures de protection ne peuvent \u00eatre efficaces que si les collaborateurs sont suffisamment sensibilis\u00e9s. La formation n'est donc pas seulement une obligation, mais un \u00e9l\u00e9ment essentiel d'une culture de la s\u00e9curit\u00e9 v\u00e9cue au quotidien.<\/p><p class=\"\" data-start=\"1009\" data-end=\"1026\">Le module offre :<\/p><ul data-start=\"1027\" data-end=\"1626\"><li class=\"\" data-start=\"1027\" data-end=\"1143\"><p class=\"\" data-start=\"1029\" data-end=\"1143\"><strong data-start=\"1029\" data-end=\"1078\">Attribution individuelle des obligations de formation<\/strong> selon le r\u00f4le, l'unit\u00e9 organisationnelle ou l'activit\u00e9 de traitement.<\/p><\/li><li class=\"\" data-start=\"1144\" data-end=\"1224\"><p class=\"\" data-start=\"1146\" data-end=\"1224\"><strong data-start=\"1146\" data-end=\"1223\">Planification et r\u00e9alisation de formations en pr\u00e9sentiel, en e-learning ou hybrides<\/strong>.<\/p><\/li><li class=\"\" data-start=\"1339\" data-end=\"1498\"><p class=\"\" data-start=\"1341\" data-end=\"1498\"><strong data-start=\"1341\" data-end=\"1411\">Suivi des participants, documentation des r\u00e9sultats et possibilit\u00e9s d'exportation<\/strong> pour les audits internes ou les preuves externes (par exemple, certifications, autorit\u00e9s de surveillance).<\/p><\/li><li class=\"\" data-start=\"1499\" data-end=\"1626\"><p class=\"\" data-start=\"1501\" data-end=\"1626\"><strong data-start=\"1501\" data-end=\"1550\">Lien avec les incidents ou les vuln\u00e9rabilit\u00e9s<\/strong>, Le manque de connaissances est un facteur de risque.<\/p><\/li><\/ul><p class=\"\" data-start=\"1628\" data-end=\"2018\">Gr\u00e2ce \u00e0 l'int\u00e9gration dans le syst\u00e8me global d'Anyva, la gestion de la formation peut \u00eatre combin\u00e9e avec d'autres modules tels que le registre des activit\u00e9s de traitement, la DSFA ou la gestion des vuln\u00e9rabilit\u00e9s. On obtient ainsi une vue d'ensemble globale permettant de savoir si les personnes sont suffisamment form\u00e9es pour assumer de mani\u00e8re responsable leur r\u00f4le dans la protection des donn\u00e9es et la s\u00e9curit\u00e9 de l'information.<\/p>\t\t\t\t\t\t\t\t<\/div>\n\t\t\t\t<\/div>\n\t\t\t\t<div class=\"elementor-element elementor-element-5f92196 elementor-widget elementor-widget-image\" data-id=\"5f92196\" data-element_type=\"widget\" data-e-type=\"widget\" data-widget_type=\"image.default\">\n\t\t\t\t<div class=\"elementor-widget-container\">\n\t\t\t\t\t\t\t\t\t\t\t\t<figure class=\"wp-caption\">\n\t\t\t\t\t\t\t\t\t\t<img loading=\"lazy\" decoding=\"async\" width=\"800\" height=\"581\" src=\"https:\/\/buchholz-software.de\/wp-content\/uploads\/2025\/03\/Schulung-1024x744.png\" class=\"attachment-large size-large wp-image-1213\" alt=\"Gestion de la formation\" srcset=\"https:\/\/buchholz-software.de\/wp-content\/uploads\/2025\/03\/Schulung-1024x744.png 1024w, https:\/\/buchholz-software.de\/wp-content\/uploads\/2025\/03\/Schulung-300x218.png 300w, https:\/\/buchholz-software.de\/wp-content\/uploads\/2025\/03\/Schulung-768x558.png 768w, https:\/\/buchholz-software.de\/wp-content\/uploads\/2025\/03\/Schulung-18x12.png 18w, https:\/\/buchholz-software.de\/wp-content\/uploads\/2025\/03\/Schulung.png 1236w\" sizes=\"auto, (max-width: 800px) 100vw, 800px\" \/>\t\t\t\t\t\t\t\t\t\t\t<figcaption class=\"widget-image-caption wp-caption-text\">Gestion de la formation<\/figcaption>\n\t\t\t\t\t\t\t\t\t\t<\/figure>\n\t\t\t\t\t\t\t\t\t<\/div>\n\t\t\t\t<\/div>\n\t\t\t\t\t<\/div>\n\t\t<\/div>\n\t\t\t\t\t<\/div>\n\t\t<\/section>\n\t\t\t\t<\/div>","protected":false},"excerpt":{"rendered":"<p>Schulungen Das Modul \u201eSchulungsmanagement\u201c in Anyva unterst\u00fctzt Sie dabei, Schulungen im Bereich Datenschutz, Informationssicherheit und Compliance gezielt zu planen, durchzuf\u00fchren und nachzuverfolgen. Es stellt sicher, dass alle relevanten Personen \u00fcber ihre Pflichten, Risiken und Verhaltensregeln informiert sind \u2013 und dass dies jederzeit nachvollziehbar und revisionssicher dokumentiert werden kann. Ein zentrales Ziel ist die Wirksamkeit technischer [&hellip;]<\/p>\n","protected":false},"author":1,"featured_media":0,"parent":0,"menu_order":0,"comment_status":"closed","ping_status":"closed","template":"","meta":{"footnotes":""},"class_list":["post-1211","page","type-page","status-publish","hentry"],"_links":{"self":[{"href":"https:\/\/buchholz-software.de\/fr\/wp-json\/wp\/v2\/pages\/1211","targetHints":{"allow":["GET"]}}],"collection":[{"href":"https:\/\/buchholz-software.de\/fr\/wp-json\/wp\/v2\/pages"}],"about":[{"href":"https:\/\/buchholz-software.de\/fr\/wp-json\/wp\/v2\/types\/page"}],"author":[{"embeddable":true,"href":"https:\/\/buchholz-software.de\/fr\/wp-json\/wp\/v2\/users\/1"}],"replies":[{"embeddable":true,"href":"https:\/\/buchholz-software.de\/fr\/wp-json\/wp\/v2\/comments?post=1211"}],"version-history":[{"count":4,"href":"https:\/\/buchholz-software.de\/fr\/wp-json\/wp\/v2\/pages\/1211\/revisions"}],"predecessor-version":[{"id":1216,"href":"https:\/\/buchholz-software.de\/fr\/wp-json\/wp\/v2\/pages\/1211\/revisions\/1216"}],"wp:attachment":[{"href":"https:\/\/buchholz-software.de\/fr\/wp-json\/wp\/v2\/media?parent=1211"}],"curies":[{"name":"wp","href":"https:\/\/api.w.org\/{rel}","templated":true}]}}