{"id":1219,"date":"2025-03-24T11:44:37","date_gmt":"2025-03-24T10:44:37","guid":{"rendered":"https:\/\/buchholz-software.de\/?page_id=1219"},"modified":"2025-12-08T17:31:50","modified_gmt":"2025-12-08T16:31:50","slug":"a","status":"publish","type":"page","link":"https:\/\/buchholz-software.de\/fr\/a\/","title":{"rendered":"Gestion des audits"},"content":{"rendered":"<div data-elementor-type=\"wp-page\" data-elementor-id=\"1219\" class=\"elementor elementor-1219\" data-elementor-post-type=\"page\">\n\t\t\t\t\t\t<section class=\"elementor-section elementor-top-section elementor-element elementor-element-ea27fe6 elementor-section-boxed elementor-section-height-default elementor-section-height-default\" data-id=\"ea27fe6\" data-element_type=\"section\" data-e-type=\"section\">\n\t\t\t\t\t\t<div class=\"elementor-container elementor-column-gap-default\">\n\t\t\t\t\t<div class=\"elementor-column elementor-col-100 elementor-top-column elementor-element elementor-element-667e6fd\" data-id=\"667e6fd\" data-element_type=\"column\" data-e-type=\"column\">\n\t\t\t<div class=\"elementor-widget-wrap elementor-element-populated\">\n\t\t\t\t\t\t<div class=\"elementor-element elementor-element-600c636 elementor-widget elementor-widget-heading\" data-id=\"600c636\" data-element_type=\"widget\" data-e-type=\"widget\" data-widget_type=\"heading.default\">\n\t\t\t\t<div class=\"elementor-widget-container\">\n\t\t\t\t\t<h2 class=\"elementor-heading-title elementor-size-default\">Gestion des audits<\/h2>\t\t\t\t<\/div>\n\t\t\t\t<\/div>\n\t\t\t\t\t<\/div>\n\t\t<\/div>\n\t\t\t\t\t<\/div>\n\t\t<\/section>\n\t\t\t\t<section class=\"elementor-section elementor-top-section elementor-element elementor-element-012f624 elementor-section-boxed elementor-section-height-default elementor-section-height-default\" data-id=\"012f624\" data-element_type=\"section\" data-e-type=\"section\">\n\t\t\t\t\t\t<div class=\"elementor-container elementor-column-gap-default\">\n\t\t\t\t\t<div class=\"elementor-column elementor-col-100 elementor-top-column elementor-element elementor-element-eb906c2\" data-id=\"eb906c2\" data-element_type=\"column\" data-e-type=\"column\">\n\t\t\t<div class=\"elementor-widget-wrap elementor-element-populated\">\n\t\t\t\t\t\t<div class=\"elementor-element elementor-element-b7ebeed elementor-widget elementor-widget-heading\" data-id=\"b7ebeed\" data-element_type=\"widget\" data-e-type=\"widget\" data-widget_type=\"heading.default\">\n\t\t\t\t<div class=\"elementor-widget-container\">\n\t\t\t\t\t<h5 class=\"elementor-heading-title elementor-size-default\">Aper\u00e7u<\/h5>\t\t\t\t<\/div>\n\t\t\t\t<\/div>\n\t\t\t\t<div class=\"elementor-element elementor-element-f1fbe9a elementor-widget elementor-widget-text-editor\" data-id=\"f1fbe9a\" data-element_type=\"widget\" data-e-type=\"widget\" data-widget_type=\"text-editor.default\">\n\t\t\t\t<div class=\"elementor-widget-container\">\n\t\t\t\t\t\t\t\t\t<p class=\"\" data-start=\"1727\" data-end=\"2107\">Dans un monde de plus en plus r\u00e9glement\u00e9, les audits sont bien plus que des exercices obligatoires - ils sont la colonne vert\u00e9brale d'une gouvernance qui fonctionne et d'une conformit\u00e9 v\u00e9cue.  Avec le <strong data-start=\"1901\" data-end=\"1926\">Gestion des audits d'Anyva<\/strong> vous obtenez un outil puissant qui ne se contente pas de documenter les audits, mais les consid\u00e8re comme une partie int\u00e9grante de vos processus de protection des donn\u00e9es et de s\u00e9curit\u00e9 de l'information.<\/p><p class=\"\" data-start=\"2109\" data-end=\"2359\">G\u00e9rez les audits internes et externes de mani\u00e8re centralis\u00e9e, associez les audits aux activit\u00e9s de traitement et aux processus ISMS, et gardez toujours une vue d'ensemble des exigences, des instructions d'audit, du statut et des r\u00e9sultats gr\u00e2ce \u00e0 une structure bien pens\u00e9e.<\/p><p class=\"\" data-start=\"2361\" data-end=\"2489\">Qu'il s'agisse d'un contr\u00f4le individuel ou d'un programme d'audit complexe, Anyva rend la gestion des audits compr\u00e9hensible, efficace et s\u00fbre.<br \/><br \/><\/p><h4 data-start=\"244\" data-end=\"330\"><strong data-start=\"251\" data-end=\"330\">Pourquoi la gestion d'audit Anyva ? - La diff\u00e9rence avec les solutions DSMS classiques<\/strong><\/h4><p class=\"\" data-start=\"332\" data-end=\"585\">De nombreuses solutions DSMS se contentent de simples check-lists d'audit. Anyva voit plus loin, avec une gestion des audits profond\u00e9ment int\u00e9gr\u00e9e et orient\u00e9e vers les processus, qui couvre le cycle de vie complet des audits, des constatations et du traitement des \u00e9carts.<\/p><div class=\"overflow-x-auto contain-inline-size\"><table data-start=\"587\" data-end=\"2153\"><thead data-start=\"587\" data-end=\"660\"><tr data-start=\"587\" data-end=\"660\"><th data-start=\"587\" data-end=\"602\"><strong data-start=\"589\" data-end=\"601\">Fonction<\/strong><\/th><th data-start=\"602\" data-end=\"630\"><strong data-start=\"604\" data-end=\"629\">Gestion des audits d'Anyva<\/strong><\/th><th data-start=\"630\" data-end=\"660\"><strong data-start=\"632\" data-end=\"658\">Solutions DSMS typiques<\/strong><\/th><\/tr><\/thead><tbody data-start=\"737\" data-end=\"2153\"><tr data-start=\"737\" data-end=\"844\"><td><strong data-start=\"739\" data-end=\"766\">Gestion centralis\u00e9e des audits<\/strong><\/td><td>\u2705 Enti\u00e8rement int\u00e9gr\u00e9 pour les audits internes &amp; externes<\/td><td>\ud83d\udd38 Souvent, seulement des audits internes<\/td><\/tr><tr data-start=\"845\" data-end=\"994\"><td><strong data-start=\"847\" data-end=\"877\">Lien avec VVT &amp; ISMS<\/strong><\/td><td>\u2705 Lien direct avec les activit\u00e9s de traitement &amp; les processus de s\u00e9curit\u00e9<\/td><td>\ud83d\udd38 Lien l\u00e2che ou pas de lien du tout<\/td><\/tr><tr data-start=\"995\" data-end=\"1120\"><td><strong data-start=\"997\" data-end=\"1029\">Importation Excel des questions d'audit<\/strong><\/td><td>\u2705 Importation en masse \u00e9tendue avec structure &amp; statut de contr\u00f4le<\/td><td>\ud83d\udd38 Saisie manuelle uniquement la plupart du temps<\/td><\/tr><tr data-start=\"1121\" data-end=\"1264\"><td><strong data-start=\"1123\" data-end=\"1146\">Structuration de l'audit<\/strong><\/td><td>\u2705 Les audits se composent d'ensembles de donn\u00e9es d'audit avec un nombre quelconque de questions<\/td><td>\ud83d\udd38 Structures fixes ou simples listes de contr\u00f4le<\/td><\/tr><tr data-start=\"1265\" data-end=\"1410\"><td><strong data-start=\"1267\" data-end=\"1298\">Niveau de d\u00e9tail des questions d'audit<\/strong><\/td><td>\u2705 Champs \u00e9tendus : Instruction de contr\u00f4le, profondeur, statut, contact, degr\u00e9 d'obligation<\/td><td>\ud83d\udd38 Question\/r\u00e9ponse g\u00e9n\u00e9ralement simple<\/td><\/tr><tr data-start=\"1411\" data-end=\"1550\"><td><strong data-start=\"1413\" data-end=\"1452\">Lien avec les mesures et les tickets<\/strong><\/td><td>\u2705 Lien direct vers le suivi des mesures &amp; documents<\/td><td>\ud83d\udd38 Mesures souvent li\u00e9es de mani\u00e8re l\u00e2che<\/td><\/tr><tr data-start=\"1551\" data-end=\"1694\"><td><strong data-start=\"1553\" data-end=\"1591\">Conformit\u00e9 aux normes gr\u00e2ce aux degr\u00e9s obligatoires<\/strong><\/td><td>\u2705 DOIT \/ DOIT \/ NE DOIT PAS etc. - formulations juridiquement s\u00fbres<\/td><td>\ud83d\udd38 G\u00e9n\u00e9ralement seulement obligatoire \/ facultatif<\/td><\/tr><tr data-start=\"1695\" data-end=\"1835\"><td><strong data-start=\"1697\" data-end=\"1728\">R\u00e9sultats r\u00e9visables<\/strong><\/td><td>\u2705 Statut clair, y compris passeport, \u00e9cart mineur &amp; majeur, recommandation<\/td><td>\ud83d\udd38 Souvent sans \u00e9valuation structur\u00e9e<\/td><\/tr><tr data-start=\"1836\" data-end=\"1988\"><td><strong data-start=\"1838\" data-end=\"1873\">G\u00e9n\u00e9ration d'ensembles de r\u00e9sultats d'audit<\/strong><\/td><td>\u2705 Enregistrements de r\u00e9sultats utilisables comme listes de d\u00e9fauts, y compris traitement des \u00e9carts<\/td><td>\ud83d\udd38 Rare ou inexistant<\/td><\/tr><tr data-start=\"1989\" data-end=\"2153\"><td><strong data-start=\"1991\" data-end=\"2035\">Documentation des mesures d'am\u00e9lioration<\/strong><\/td><td>\u2705 Suivi de l'\u00e9tat d'avancement des travaux et de la mitigation directement sur le r\u00e9sultat<\/td><td><p>\ud83d\udd38 Pas de v\u00e9ritable suivi de l'\u00e9tat d'avancement des actions<\/p><\/td><\/tr><\/tbody><\/table><\/div><hr class=\"\" data-start=\"2155\" data-end=\"2158\" \/>\t\t\t\t\t\t\t\t<\/div>\n\t\t\t\t<\/div>\n\t\t\t\t<div class=\"elementor-element elementor-element-0463da4 elementor-widget elementor-widget-text-editor\" data-id=\"0463da4\" data-element_type=\"widget\" data-e-type=\"widget\" data-widget_type=\"text-editor.default\">\n\t\t\t\t<div class=\"elementor-widget-container\">\n\t\t\t\t\t\t\t\t\t<p>Tous les audits existants sont clairement r\u00e9pertori\u00e9s :<\/p>\t\t\t\t\t\t\t\t<\/div>\n\t\t\t\t<\/div>\n\t\t\t\t<div class=\"elementor-element elementor-element-a835ce3 elementor-widget elementor-widget-image\" data-id=\"a835ce3\" data-element_type=\"widget\" data-e-type=\"widget\" data-widget_type=\"image.default\">\n\t\t\t\t<div class=\"elementor-widget-container\">\n\t\t\t\t\t\t\t\t\t\t\t\t<figure class=\"wp-caption\">\n\t\t\t\t\t\t\t\t\t\t<img loading=\"lazy\" decoding=\"async\" width=\"800\" height=\"226\" src=\"https:\/\/buchholz-software.de\/wp-content\/uploads\/2025\/03\/AuditsUebersicht-1024x289.png\" class=\"attachment-large size-large wp-image-1221\" alt=\"Aper\u00e7u des audits\" srcset=\"https:\/\/buchholz-software.de\/wp-content\/uploads\/2025\/03\/AuditsUebersicht-1024x289.png 1024w, https:\/\/buchholz-software.de\/wp-content\/uploads\/2025\/03\/AuditsUebersicht-300x85.png 300w, https:\/\/buchholz-software.de\/wp-content\/uploads\/2025\/03\/AuditsUebersicht-768x217.png 768w, https:\/\/buchholz-software.de\/wp-content\/uploads\/2025\/03\/AuditsUebersicht-18x5.png 18w, https:\/\/buchholz-software.de\/wp-content\/uploads\/2025\/03\/AuditsUebersicht.png 1229w\" sizes=\"auto, (max-width: 800px) 100vw, 800px\" \/>\t\t\t\t\t\t\t\t\t\t\t<figcaption class=\"widget-image-caption wp-caption-text\">Aper\u00e7u des audits<\/figcaption>\n\t\t\t\t\t\t\t\t\t\t<\/figure>\n\t\t\t\t\t\t\t\t\t<\/div>\n\t\t\t\t<\/div>\n\t\t\t\t<div class=\"elementor-element elementor-element-dc7d0b1 elementor-widget elementor-widget-text-editor\" data-id=\"dc7d0b1\" data-element_type=\"widget\" data-e-type=\"widget\" data-widget_type=\"text-editor.default\">\n\t\t\t\t<div class=\"elementor-widget-container\">\n\t\t\t\t\t\t\t\t\t<p>Chaque audit contient des enregistrements d'audit avec des questions d'audit. \u00c0 partir des enregistrements d'audit, il est possible de g\u00e9n\u00e9rer des listes de r\u00e9sultats d'audit (result sets) en appuyant sur un bouton.<\/p>\t\t\t\t\t\t\t\t<\/div>\n\t\t\t\t<\/div>\n\t\t\t\t<div class=\"elementor-element elementor-element-e46778a elementor-widget elementor-widget-image\" data-id=\"e46778a\" data-element_type=\"widget\" data-e-type=\"widget\" data-widget_type=\"image.default\">\n\t\t\t\t<div class=\"elementor-widget-container\">\n\t\t\t\t\t\t\t\t\t\t\t\t<figure class=\"wp-caption\">\n\t\t\t\t\t\t\t\t\t\t<img loading=\"lazy\" decoding=\"async\" width=\"800\" height=\"388\" src=\"https:\/\/buchholz-software.de\/wp-content\/uploads\/2025\/03\/Audits-1024x496.png\" class=\"attachment-large size-large wp-image-1220\" alt=\"Aper\u00e7u des audits\" srcset=\"https:\/\/buchholz-software.de\/wp-content\/uploads\/2025\/03\/Audits-1024x496.png 1024w, https:\/\/buchholz-software.de\/wp-content\/uploads\/2025\/03\/Audits-300x145.png 300w, https:\/\/buchholz-software.de\/wp-content\/uploads\/2025\/03\/Audits-768x372.png 768w, https:\/\/buchholz-software.de\/wp-content\/uploads\/2025\/03\/Audits-1536x744.png 1536w, https:\/\/buchholz-software.de\/wp-content\/uploads\/2025\/03\/Audits-18x9.png 18w, https:\/\/buchholz-software.de\/wp-content\/uploads\/2025\/03\/Audits.png 1636w\" sizes=\"auto, (max-width: 800px) 100vw, 800px\" \/>\t\t\t\t\t\t\t\t\t\t\t<figcaption class=\"widget-image-caption wp-caption-text\">Audit avec des enregistrements d'audit<\/figcaption>\n\t\t\t\t\t\t\t\t\t\t<\/figure>\n\t\t\t\t\t\t\t\t\t<\/div>\n\t\t\t\t<\/div>\n\t\t\t\t<div class=\"elementor-element elementor-element-afaefad elementor-widget elementor-widget-text-editor\" data-id=\"afaefad\" data-element_type=\"widget\" data-e-type=\"widget\" data-widget_type=\"text-editor.default\">\n\t\t\t\t<div class=\"elementor-widget-container\">\n\t\t\t\t\t\t\t\t\t<p>Les ensembles de donn\u00e9es d'audit contiennent un nombre illimit\u00e9 de questions d'audit qui peuvent \u00eatre facilement import\u00e9es depuis Excel.<\/p>\t\t\t\t\t\t\t\t<\/div>\n\t\t\t\t<\/div>\n\t\t\t\t<div class=\"elementor-element elementor-element-1fa968f elementor-widget elementor-widget-image\" data-id=\"1fa968f\" data-element_type=\"widget\" data-e-type=\"widget\" data-widget_type=\"image.default\">\n\t\t\t\t<div class=\"elementor-widget-container\">\n\t\t\t\t\t\t\t\t\t\t\t\t<figure class=\"wp-caption\">\n\t\t\t\t\t\t\t\t\t\t<img loading=\"lazy\" decoding=\"async\" width=\"768\" height=\"930\" src=\"https:\/\/buchholz-software.de\/wp-content\/uploads\/2025\/03\/Audit-Datensatz-768x930.png\" class=\"attachment-medium_large size-medium_large wp-image-1222\" alt=\"Ensemble de donn\u00e9es d&#039;audit\" srcset=\"https:\/\/buchholz-software.de\/wp-content\/uploads\/2025\/03\/Audit-Datensatz-768x930.png 768w, https:\/\/buchholz-software.de\/wp-content\/uploads\/2025\/03\/Audit-Datensatz-248x300.png 248w, https:\/\/buchholz-software.de\/wp-content\/uploads\/2025\/03\/Audit-Datensatz-10x12.png 10w, https:\/\/buchholz-software.de\/wp-content\/uploads\/2025\/03\/Audit-Datensatz.png 793w\" sizes=\"auto, (max-width: 768px) 100vw, 768px\" \/>\t\t\t\t\t\t\t\t\t\t\t<figcaption class=\"widget-image-caption wp-caption-text\">Ensemble de donn\u00e9es d'audit<\/figcaption>\n\t\t\t\t\t\t\t\t\t\t<\/figure>\n\t\t\t\t\t\t\t\t\t<\/div>\n\t\t\t\t<\/div>\n\t\t\t\t<div class=\"elementor-element elementor-element-4017dc8 elementor-widget elementor-widget-text-editor\" data-id=\"4017dc8\" data-element_type=\"widget\" data-e-type=\"widget\" data-widget_type=\"text-editor.default\">\n\t\t\t\t<div class=\"elementor-widget-container\">\n\t\t\t\t\t\t\t\t\t<p>Les questions d'audit peuvent contenir non seulement des textes de questions, mais aussi des personnes de contact, des indications d'audit et des attributs.<\/p>\t\t\t\t\t\t\t\t<\/div>\n\t\t\t\t<\/div>\n\t\t\t\t<div class=\"elementor-element elementor-element-06f914f elementor-widget elementor-widget-image\" data-id=\"06f914f\" data-element_type=\"widget\" data-e-type=\"widget\" data-widget_type=\"image.default\">\n\t\t\t\t<div class=\"elementor-widget-container\">\n\t\t\t\t\t\t\t\t\t\t\t\t<figure class=\"wp-caption\">\n\t\t\t\t\t\t\t\t\t\t<img loading=\"lazy\" decoding=\"async\" width=\"768\" height=\"901\" src=\"https:\/\/buchholz-software.de\/wp-content\/uploads\/2025\/03\/AuditFrage-768x901.png\" class=\"attachment-medium_large size-medium_large wp-image-1224\" alt=\"Question d&#039;audit\" srcset=\"https:\/\/buchholz-software.de\/wp-content\/uploads\/2025\/03\/AuditFrage-768x901.png 768w, https:\/\/buchholz-software.de\/wp-content\/uploads\/2025\/03\/AuditFrage-256x300.png 256w, https:\/\/buchholz-software.de\/wp-content\/uploads\/2025\/03\/AuditFrage-10x12.png 10w, https:\/\/buchholz-software.de\/wp-content\/uploads\/2025\/03\/AuditFrage.png 793w\" sizes=\"auto, (max-width: 768px) 100vw, 768px\" \/>\t\t\t\t\t\t\t\t\t\t\t<figcaption class=\"widget-image-caption wp-caption-text\">Question d'audit<\/figcaption>\n\t\t\t\t\t\t\t\t\t\t<\/figure>\n\t\t\t\t\t\t\t\t\t<\/div>\n\t\t\t\t<\/div>\n\t\t\t\t\t<\/div>\n\t\t<\/div>\n\t\t\t\t\t<\/div>\n\t\t<\/section>\n\t\t\t\t<\/div>","protected":false},"excerpt":{"rendered":"<p>Auditmanagement \u00dcbersicht In einer zunehmend regulierten Welt sind Audits weit mehr als nur Pflicht\u00fcbungen \u2013 sie sind das R\u00fcckgrat einer funktionierenden Governance und gelebten Compliance.\u00a0 Mit dem Anyva Auditmanagement erhalten Sie ein leistungsstarkes Werkzeug, das Audits nicht nur dokumentiert, sondern als integrierten Bestandteil Ihrer Datenschutz- und Informationssicherheitsprozesse versteht. Verwalten Sie interne wie externe Audits zentral, [&hellip;]<\/p>\n","protected":false},"author":1,"featured_media":0,"parent":0,"menu_order":0,"comment_status":"closed","ping_status":"closed","template":"","meta":{"footnotes":""},"class_list":["post-1219","page","type-page","status-publish","hentry"],"_links":{"self":[{"href":"https:\/\/buchholz-software.de\/fr\/wp-json\/wp\/v2\/pages\/1219","targetHints":{"allow":["GET"]}}],"collection":[{"href":"https:\/\/buchholz-software.de\/fr\/wp-json\/wp\/v2\/pages"}],"about":[{"href":"https:\/\/buchholz-software.de\/fr\/wp-json\/wp\/v2\/types\/page"}],"author":[{"embeddable":true,"href":"https:\/\/buchholz-software.de\/fr\/wp-json\/wp\/v2\/users\/1"}],"replies":[{"embeddable":true,"href":"https:\/\/buchholz-software.de\/fr\/wp-json\/wp\/v2\/comments?post=1219"}],"version-history":[{"count":7,"href":"https:\/\/buchholz-software.de\/fr\/wp-json\/wp\/v2\/pages\/1219\/revisions"}],"predecessor-version":[{"id":1680,"href":"https:\/\/buchholz-software.de\/fr\/wp-json\/wp\/v2\/pages\/1219\/revisions\/1680"}],"wp:attachment":[{"href":"https:\/\/buchholz-software.de\/fr\/wp-json\/wp\/v2\/media?parent=1219"}],"curies":[{"name":"wp","href":"https:\/\/api.w.org\/{rel}","templated":true}]}}