{"id":139,"date":"2022-11-26T14:38:20","date_gmt":"2022-11-26T13:38:20","guid":{"rendered":"https:\/\/buchholz-software.de\/?page_id=139"},"modified":"2025-03-17T17:09:04","modified_gmt":"2025-03-17T16:09:04","slug":"conseil","status":"publish","type":"page","link":"https:\/\/buchholz-software.de\/fr\/beratung\/","title":{"rendered":"Conseil"},"content":{"rendered":"<div data-elementor-type=\"wp-page\" data-elementor-id=\"139\" class=\"elementor elementor-139\" data-elementor-post-type=\"page\">\n\t\t\t\t\t\t<section class=\"elementor-section elementor-top-section elementor-element elementor-element-647eb6d elementor-section-boxed elementor-section-height-default elementor-section-height-default\" data-id=\"647eb6d\" data-element_type=\"section\" data-e-type=\"section\">\n\t\t\t\t\t\t<div class=\"elementor-container elementor-column-gap-default\">\n\t\t\t\t\t<div class=\"elementor-column elementor-col-100 elementor-top-column elementor-element elementor-element-9a1cc7f\" data-id=\"9a1cc7f\" data-element_type=\"column\" data-e-type=\"column\">\n\t\t\t<div class=\"elementor-widget-wrap elementor-element-populated\">\n\t\t\t\t\t\t<div class=\"elementor-element elementor-element-e6061cb elementor-widget elementor-widget-spacer\" data-id=\"e6061cb\" data-element_type=\"widget\" data-e-type=\"widget\" data-widget_type=\"spacer.default\">\n\t\t\t\t<div class=\"elementor-widget-container\">\n\t\t\t\t\t\t\t<div class=\"elementor-spacer\">\n\t\t\t<div class=\"elementor-spacer-inner\"><\/div>\n\t\t<\/div>\n\t\t\t\t\t\t<\/div>\n\t\t\t\t<\/div>\n\t\t\t\t\t<\/div>\n\t\t<\/div>\n\t\t\t\t\t<\/div>\n\t\t<\/section>\n\t\t\t\t<section class=\"elementor-section elementor-top-section elementor-element elementor-element-16c49bc elementor-section-boxed elementor-section-height-default elementor-section-height-default\" data-id=\"16c49bc\" data-element_type=\"section\" data-e-type=\"section\">\n\t\t\t\t\t\t<div class=\"elementor-container elementor-column-gap-default\">\n\t\t\t\t\t<div class=\"elementor-column elementor-col-100 elementor-top-column elementor-element elementor-element-35c12ea\" data-id=\"35c12ea\" data-element_type=\"column\" data-e-type=\"column\">\n\t\t\t<div class=\"elementor-widget-wrap elementor-element-populated\">\n\t\t\t\t\t\t<section class=\"elementor-section elementor-inner-section elementor-element elementor-element-48db7b0 elementor-section-boxed elementor-section-height-default elementor-section-height-default\" data-id=\"48db7b0\" data-element_type=\"section\" data-e-type=\"section\">\n\t\t\t\t\t\t<div class=\"elementor-container elementor-column-gap-default\">\n\t\t\t\t\t<div class=\"elementor-column elementor-col-50 elementor-inner-column elementor-element elementor-element-09565f4\" data-id=\"09565f4\" data-element_type=\"column\" data-e-type=\"column\">\n\t\t\t<div class=\"elementor-widget-wrap elementor-element-populated\">\n\t\t\t\t\t\t<div class=\"elementor-element elementor-element-fb5328d elementor-widget elementor-widget-image\" data-id=\"fb5328d\" data-element_type=\"widget\" data-e-type=\"widget\" data-widget_type=\"image.default\">\n\t\t\t\t<div class=\"elementor-widget-container\">\n\t\t\t\t\t\t\t\t\t\t\t\t\t\t\t<img loading=\"lazy\" decoding=\"async\" width=\"800\" height=\"534\" src=\"https:\/\/buchholz-software.de\/wp-content\/uploads\/2022\/11\/hacking-2964100_1920-e1669470836889-1024x683.jpg\" class=\"attachment-large size-large wp-image-150\" alt=\"\" srcset=\"https:\/\/buchholz-software.de\/wp-content\/uploads\/2022\/11\/hacking-2964100_1920-e1669470836889-1024x683.jpg 1024w, https:\/\/buchholz-software.de\/wp-content\/uploads\/2022\/11\/hacking-2964100_1920-e1669470836889-300x200.jpg 300w, https:\/\/buchholz-software.de\/wp-content\/uploads\/2022\/11\/hacking-2964100_1920-e1669470836889-768x512.jpg 768w, https:\/\/buchholz-software.de\/wp-content\/uploads\/2022\/11\/hacking-2964100_1920-e1669470836889-1536x1024.jpg 1536w, https:\/\/buchholz-software.de\/wp-content\/uploads\/2022\/11\/hacking-2964100_1920-e1669470836889.jpg 1920w\" sizes=\"auto, (max-width: 800px) 100vw, 800px\" \/>\t\t\t\t\t\t\t\t\t\t\t\t\t\t\t<\/div>\n\t\t\t\t<\/div>\n\t\t\t\t\t<\/div>\n\t\t<\/div>\n\t\t\t\t<div class=\"elementor-column elementor-col-50 elementor-inner-column elementor-element elementor-element-89dd579\" data-id=\"89dd579\" data-element_type=\"column\" data-e-type=\"column\">\n\t\t\t<div class=\"elementor-widget-wrap elementor-element-populated\">\n\t\t\t\t\t\t<div class=\"elementor-element elementor-element-7fd91f0 elementor-widget elementor-widget-heading\" data-id=\"7fd91f0\" data-element_type=\"widget\" data-e-type=\"widget\" data-widget_type=\"heading.default\">\n\t\t\t\t<div class=\"elementor-widget-container\">\n\t\t\t\t\t<h2 class=\"elementor-heading-title elementor-size-default\">Conseil<\/h2>\t\t\t\t<\/div>\n\t\t\t\t<\/div>\n\t\t\t\t\t<\/div>\n\t\t<\/div>\n\t\t\t\t\t<\/div>\n\t\t<\/section>\n\t\t\t\t<div class=\"elementor-element elementor-element-26c2751 elementor-widget elementor-widget-spacer\" data-id=\"26c2751\" data-element_type=\"widget\" data-e-type=\"widget\" data-widget_type=\"spacer.default\">\n\t\t\t\t<div class=\"elementor-widget-container\">\n\t\t\t\t\t\t\t<div class=\"elementor-spacer\">\n\t\t\t<div class=\"elementor-spacer-inner\"><\/div>\n\t\t<\/div>\n\t\t\t\t\t\t<\/div>\n\t\t\t\t<\/div>\n\t\t\t\t<div class=\"elementor-element elementor-element-08ea2aa elementor-widget elementor-widget-text-editor\" data-id=\"08ea2aa\" data-element_type=\"widget\" data-e-type=\"widget\" data-widget_type=\"text-editor.default\">\n\t\t\t\t<div class=\"elementor-widget-container\">\n\t\t\t\t\t\t\t\t\t<p><strong>Protection des donn\u00e9es<br \/><\/strong><\/p><ul><li><strong>Gestion de la protection des donn\u00e9es<\/strong><br \/>Mise en place de l'organisation de la protection des donn\u00e9es, \u00e9laboration de la documentation obligatoire, respect de l'obligation de rendre compte, tenue du registre des activit\u00e9s de traitement, gestion des risques, r\u00e9alisation des \u00e9valuations d'impact sur la protection des donn\u00e9es, traitement des demandes des personnes concern\u00e9es, traitement des incidents li\u00e9s \u00e0 la protection des donn\u00e9es, gestion des traitements \u00e0 fa\u00e7on, communication avec les autorit\u00e9s de contr\u00f4le, gestion des coordinateurs de la protection des donn\u00e9es, coordination de la collaboration avec les autres secteurs d'activit\u00e9, notamment avec la s\u00e9curit\u00e9 de l'information.<\/li><li><strong>Audits et pentests<\/strong><br \/>R\u00e9alisation d'audits internes et externes, pr\u00e9paration de la certification selon l'article 42 du RGPD, v\u00e9rification de l'efficacit\u00e9 des mesures, v\u00e9rification de la s\u00e9curit\u00e9 du traitement, v\u00e9rification de la documentation et des \u00e9valuations des risques.<\/li><li><strong>Formations<\/strong><br \/>Pr\u00e9paration de la formation, formations r\u00e9guli\u00e8res en ligne et en classe, preuves de r\u00e9ussite, formation sur les sc\u00e9narios d'attaque g\u00e9n\u00e9raux et sp\u00e9cifiques, formation de la direction et des employ\u00e9s<\/li><li><strong>D\u00e9l\u00e9gu\u00e9 externe \u00e0 la protection des donn\u00e9es<\/strong><br \/>Conseil et suivi de votre entreprise pour toutes les questions de protection des donn\u00e9es, communication avec les personnes concern\u00e9es et l'autorit\u00e9 de surveillance, formations r\u00e9guli\u00e8res avec preuve de r\u00e9ussite<\/li><\/ul>\t\t\t\t\t\t\t\t<\/div>\n\t\t\t\t<\/div>\n\t\t\t\t<div class=\"elementor-element elementor-element-e9ddde1 elementor-widget elementor-widget-text-editor\" data-id=\"e9ddde1\" data-element_type=\"widget\" data-e-type=\"widget\" data-widget_type=\"text-editor.default\">\n\t\t\t\t<div class=\"elementor-widget-container\">\n\t\t\t\t\t\t\t\t\t<p><strong>S\u00e9curit\u00e9 de l'information<br \/><\/strong><\/p><ul><li><strong>Gestion de la s\u00e9curit\u00e9 de l'information<\/strong><br \/>Conseil lors de la mise en place du SMSI ainsi que lors de la pr\u00e9paration \u00e0 la certification selon BSI Grundschutz et ISO 27001, coordination de la collaboration avec les autres secteurs d'activit\u00e9, en particulier avec la protection des donn\u00e9es.<\/li><li><strong>Audits et pentests<\/strong><br \/>R\u00e9alisation d'audits internes et externes, pr\u00e9paration et suivi des certifications, contr\u00f4le de l'efficacit\u00e9 des mesures, contr\u00f4le de la documentation et des \u00e9valuations des risques, traitement des listes de d\u00e9fauts<\/li><li><strong>Formations<\/strong><br \/>Pr\u00e9paration de la formation, formations r\u00e9guli\u00e8res en ligne et en classe, preuves de r\u00e9ussite, formation sur les sc\u00e9narios d'attaque g\u00e9n\u00e9raux et sp\u00e9cifiques, formation de la direction et des employ\u00e9s<\/li><\/ul>\t\t\t\t\t\t\t\t<\/div>\n\t\t\t\t<\/div>\n\t\t\t\t<div class=\"elementor-element elementor-element-066a7d5 elementor-widget elementor-widget-text-editor\" data-id=\"066a7d5\" data-element_type=\"widget\" data-e-type=\"widget\" data-widget_type=\"text-editor.default\">\n\t\t\t\t<div class=\"elementor-widget-container\">\n\t\t\t\t\t\t\t\t\t<p><strong>DIGA et TR-03161 Pr\u00e9paration de l'audit<\/strong><\/p><ul><li><strong>Pr\u00e9paration technique et juridique de votre DIGA selon DIGAV pour la soumission au BfArM<\/strong><br \/>Les applications num\u00e9riques de sant\u00e9 doivent remplir un grand nombre de conditions avant d'\u00eatre autoris\u00e9es par le BfArM. La DIGAV, en particulier, pose des exigences \u00e9lev\u00e9es en mati\u00e8re de protection et de s\u00e9curit\u00e9 des donn\u00e9es. Nous vous \u00e9vitons les surprises lors de la proc\u00e9dure d'autorisation.<\/li><li><strong>Pr\u00e9paration \u00e0 l'examen et audit pr\u00e9liminaire pour TR-03161 (parties 1-3)<\/strong><br \/>Depuis le 01.01.2025, vous avez besoin d'un certificat TR-03161 BSI pour le r\u00e9f\u00e9rencement de votre DIGA par le BfArM. Les d\u00e9fis \u00e0 relever ne doivent pas \u00eatre sous-estim\u00e9s, le taux d'\u00e9chec est \u00e9lev\u00e9. Jouez la carte de la s\u00e9curit\u00e9 ! Nous vous guiderons avec succ\u00e8s \u00e0 travers le processus de certification !<\/li><\/ul><div>\u00a0<\/div><div>\u00a0<\/div>\t\t\t\t\t\t\t\t<\/div>\n\t\t\t\t<\/div>\n\t\t\t\t\t<\/div>\n\t\t<\/div>\n\t\t\t\t\t<\/div>\n\t\t<\/section>\n\t\t\t\t<\/div>","protected":false},"excerpt":{"rendered":"<p>Beratung Datenschutz DatenschutzmanagementAufbau der Datenschutzorganisation, Erstellung Pflichtdokumentation, Erf\u00fcllung Rechenschaftspflicht, F\u00fchren des Verzeichnis der Verarbeitungst\u00e4tigkeiten, Risikomanagement, Durchf\u00fchrung der Datenschutzfolgenabsch\u00e4tzungen, Bearbeitung Betroffenenanfragen, Bearbeitung von Datenschutzvorf\u00e4llen, Management der Auftragsverarbeitungen, Kommunikation mit den Aufsichtsbeh\u00f6rden, F\u00fchren der Datenschutzkoordinatoren, Koordination der Zusammenarbeit mit den anderen Gesch\u00e4ftsbereichen, insbesondere mit der Informationssicherheit Audits und PentestsDurchf\u00fchrung von internen und exterenen Auditierungen, Vorbereitung der Zertifizierung [&hellip;]<\/p>\n","protected":false},"author":1,"featured_media":0,"parent":0,"menu_order":0,"comment_status":"closed","ping_status":"closed","template":"","meta":{"footnotes":""},"class_list":["post-139","page","type-page","status-publish","hentry"],"_links":{"self":[{"href":"https:\/\/buchholz-software.de\/fr\/wp-json\/wp\/v2\/pages\/139","targetHints":{"allow":["GET"]}}],"collection":[{"href":"https:\/\/buchholz-software.de\/fr\/wp-json\/wp\/v2\/pages"}],"about":[{"href":"https:\/\/buchholz-software.de\/fr\/wp-json\/wp\/v2\/types\/page"}],"author":[{"embeddable":true,"href":"https:\/\/buchholz-software.de\/fr\/wp-json\/wp\/v2\/users\/1"}],"replies":[{"embeddable":true,"href":"https:\/\/buchholz-software.de\/fr\/wp-json\/wp\/v2\/comments?post=139"}],"version-history":[{"count":49,"href":"https:\/\/buchholz-software.de\/fr\/wp-json\/wp\/v2\/pages\/139\/revisions"}],"predecessor-version":[{"id":926,"href":"https:\/\/buchholz-software.de\/fr\/wp-json\/wp\/v2\/pages\/139\/revisions\/926"}],"wp:attachment":[{"href":"https:\/\/buchholz-software.de\/fr\/wp-json\/wp\/v2\/media?parent=139"}],"curies":[{"name":"wp","href":"https:\/\/api.w.org\/{rel}","templated":true}]}}