{"id":2,"date":"2022-11-25T14:01:27","date_gmt":"2022-11-25T13:01:27","guid":{"rendered":"https:\/\/buchholz-software.de\/?page_id=2"},"modified":"2022-11-25T14:01:27","modified_gmt":"2022-11-25T13:01:27","slug":"exemple-de-page","status":"publish","type":"page","link":"https:\/\/buchholz-software.de\/fr\/beispiel-seite\/","title":{"rendered":"Exemple de page"},"content":{"rendered":"<p>Il s'agit d'une page d'exemple. Elle se distingue des articles car elle reste toujours au m\u00eame endroit et s'affiche (dans la plupart des th\u00e8mes) dans la navigation du site. La plupart commencent par les mentions l\u00e9gales, la d\u00e9claration de confidentialit\u00e9 ou une page \u201e\u00e0 propos de nous\u201c pour se pr\u00e9senter aux visiteurs potentiels du site. On pourrait y lire par exemple<\/p>\n\n\n\n<blockquote class=\"wp-block-quote is-layout-flow wp-block-quote-is-layout-flow\"><p>Bonjour, le jour je travaille comme coursier \u00e0 v\u00e9lo, la nuit je suis un acteur en herbe et ceci est mon site web. Je vis \u00e0 Berlin, j'ai un gros chien qui s'appelle Jack, j'aime les pi\u00f1a coladas, mais moins \u00eatre laiss\u00e9 sous la pluie (sans parapluie).<\/p><\/blockquote>\n\n\n\n<p>... ou quelque chose comme<\/p>\n\n\n\n<blockquote class=\"wp-block-quote is-layout-flow wp-block-quote-is-layout-flow\"><p>L'entreprise XYZ a \u00e9t\u00e9 fond\u00e9e en 1971 et fournit depuis lors au public des produits de haute qualit\u00e9. Situ\u00e9e dans une petite ville, l'entreprise emploie plus de 2.000 personnes et soutient les citadins de plusieurs mani\u00e8res.<\/p><\/blockquote>\n\n\n\n<p>En tant que nouvel utilisateur de WordPress, tu dois <a href=\"https:\/\/buchholz-software.de\/wp-admin\/\">ton tableau de bord<\/a> pour supprimer cette page et cr\u00e9er de nouvelles pages et contributions pour ton site. Amuse-toi bien !<\/p>","protected":false},"excerpt":{"rendered":"<p>Dies ist eine Beispiel-Seite. Sie unterscheidet sich von Beitr\u00e4gen, da sie stets an derselben Stelle bleibt und (bei den meisten Themes) in der Website-Navigation angezeigt wird. Die meisten starten mit einem Impressum, der Datenschutzerkl\u00e4rung oder einer \u201e\u00dcber\u00a0uns\u201c-Seite, um sich potenziellen Besuchern der Website vorzustellen. Dort k\u00f6nnte zum Beispiel stehen: Hallo! Tags\u00fcber arbeite ich als Fahrradkurier, [&hellip;]<\/p>\n","protected":false},"author":1,"featured_media":0,"parent":0,"menu_order":0,"comment_status":"closed","ping_status":"open","template":"","meta":{"footnotes":""},"class_list":["post-2","page","type-page","status-publish","hentry"],"_links":{"self":[{"href":"https:\/\/buchholz-software.de\/fr\/wp-json\/wp\/v2\/pages\/2","targetHints":{"allow":["GET"]}}],"collection":[{"href":"https:\/\/buchholz-software.de\/fr\/wp-json\/wp\/v2\/pages"}],"about":[{"href":"https:\/\/buchholz-software.de\/fr\/wp-json\/wp\/v2\/types\/page"}],"author":[{"embeddable":true,"href":"https:\/\/buchholz-software.de\/fr\/wp-json\/wp\/v2\/users\/1"}],"replies":[{"embeddable":true,"href":"https:\/\/buchholz-software.de\/fr\/wp-json\/wp\/v2\/comments?post=2"}],"version-history":[{"count":0,"href":"https:\/\/buchholz-software.de\/fr\/wp-json\/wp\/v2\/pages\/2\/revisions"}],"wp:attachment":[{"href":"https:\/\/buchholz-software.de\/fr\/wp-json\/wp\/v2\/media?parent=2"}],"curies":[{"name":"wp","href":"https:\/\/api.w.org\/{rel}","templated":true}]}}