{"id":928,"date":"2025-03-18T11:18:03","date_gmt":"2025-03-18T10:18:03","guid":{"rendered":"https:\/\/buchholz-software.de\/?page_id=928"},"modified":"2025-03-18T11:57:16","modified_gmt":"2025-03-18T10:57:16","slug":"pourquoi-anyva","status":"publish","type":"page","link":"https:\/\/buchholz-software.de\/fr\/warum-anyva\/","title":{"rendered":"Pourquoi Anyva"},"content":{"rendered":"<div data-elementor-type=\"wp-page\" data-elementor-id=\"928\" class=\"elementor elementor-928\" data-elementor-post-type=\"page\">\n\t\t\t\t\t\t<section class=\"elementor-section elementor-top-section elementor-element elementor-element-c29d8fc elementor-section-boxed elementor-section-height-default elementor-section-height-default\" data-id=\"c29d8fc\" data-element_type=\"section\" data-e-type=\"section\">\n\t\t\t\t\t\t<div class=\"elementor-container elementor-column-gap-default\">\n\t\t\t\t\t<div class=\"elementor-column elementor-col-100 elementor-top-column elementor-element elementor-element-b5a21f8\" data-id=\"b5a21f8\" data-element_type=\"column\" data-e-type=\"column\">\n\t\t\t<div class=\"elementor-widget-wrap elementor-element-populated\">\n\t\t\t\t\t\t<div class=\"elementor-element elementor-element-8d160a1 elementor-widget elementor-widget-heading\" data-id=\"8d160a1\" data-element_type=\"widget\" data-e-type=\"widget\" data-widget_type=\"heading.default\">\n\t\t\t\t<div class=\"elementor-widget-container\">\n\t\t\t\t\t<h2 class=\"elementor-heading-title elementor-size-default\">Pourquoi Anyva ?<\/h2>\t\t\t\t<\/div>\n\t\t\t\t<\/div>\n\t\t\t\t\t<\/div>\n\t\t<\/div>\n\t\t\t\t\t<\/div>\n\t\t<\/section>\n\t\t\t\t<section class=\"elementor-section elementor-top-section elementor-element elementor-element-1b6d2ac elementor-section-boxed elementor-section-height-default elementor-section-height-default\" data-id=\"1b6d2ac\" data-element_type=\"section\" data-e-type=\"section\">\n\t\t\t\t\t\t<div class=\"elementor-container elementor-column-gap-extended\">\n\t\t\t\t\t<div class=\"elementor-column elementor-col-100 elementor-top-column elementor-element elementor-element-47c4954\" data-id=\"47c4954\" data-element_type=\"column\" data-e-type=\"column\">\n\t\t\t<div class=\"elementor-widget-wrap elementor-element-populated\">\n\t\t\t\t\t\t<div class=\"elementor-element elementor-element-81fb1f7 elementor-widget elementor-widget-image\" data-id=\"81fb1f7\" data-element_type=\"widget\" data-e-type=\"widget\" data-widget_type=\"image.default\">\n\t\t\t\t<div class=\"elementor-widget-container\">\n\t\t\t\t\t\t\t\t\t\t\t\t\t\t\t<img loading=\"lazy\" decoding=\"async\" width=\"768\" height=\"469\" src=\"https:\/\/buchholz-software.de\/wp-content\/uploads\/2025\/03\/Anyva-VVT-768x469.png\" class=\"attachment-medium_large size-medium_large wp-image-942\" alt=\"\" srcset=\"https:\/\/buchholz-software.de\/wp-content\/uploads\/2025\/03\/Anyva-VVT-768x469.png 768w, https:\/\/buchholz-software.de\/wp-content\/uploads\/2025\/03\/Anyva-VVT-300x183.png 300w, https:\/\/buchholz-software.de\/wp-content\/uploads\/2025\/03\/Anyva-VVT-1024x626.png 1024w, https:\/\/buchholz-software.de\/wp-content\/uploads\/2025\/03\/Anyva-VVT-18x12.png 18w, https:\/\/buchholz-software.de\/wp-content\/uploads\/2025\/03\/Anyva-VVT.png 1273w\" sizes=\"auto, (max-width: 768px) 100vw, 768px\" \/>\t\t\t\t\t\t\t\t\t\t\t\t\t\t\t<\/div>\n\t\t\t\t<\/div>\n\t\t\t\t<section class=\"elementor-section elementor-inner-section elementor-element elementor-element-eb59b82 elementor-section-boxed elementor-section-height-default elementor-section-height-default\" data-id=\"eb59b82\" data-element_type=\"section\" data-e-type=\"section\">\n\t\t\t\t\t\t<div class=\"elementor-container elementor-column-gap-default\">\n\t\t\t\t\t<div class=\"elementor-column elementor-col-100 elementor-inner-column elementor-element elementor-element-87afada\" data-id=\"87afada\" data-element_type=\"column\" data-e-type=\"column\">\n\t\t\t<div class=\"elementor-widget-wrap elementor-element-populated\">\n\t\t\t\t\t\t<div class=\"elementor-element elementor-element-5c7264b elementor-widget elementor-widget-text-editor\" data-id=\"5c7264b\" data-element_type=\"widget\" data-e-type=\"widget\" data-widget_type=\"text-editor.default\">\n\t\t\t\t<div class=\"elementor-widget-container\">\n\t\t\t\t\t\t\t\t\t<p><span style=\"color: #248eba;\">Au cours de mes nombreuses ann\u00e9es d'activit\u00e9 dans le domaine de la protection des donn\u00e9es et de la s\u00e9curit\u00e9 de l'information au sein de diverses entreprises, grandes et petites, j'ai toujours entendu une phrase : nous avons enfin besoin d'une solution logicielle pour rationaliser nos processus de protection des donn\u00e9es et de s\u00e9curit\u00e9 de l'information !<\/span><\/p><p><strong><span style=\"color: #248eba;\">Celui qui recherche une solution professionnelle et int\u00e9gr\u00e9e pour ce domaine d'activit\u00e9 doit r\u00e9pondre aux exigences minimales suivantes :<\/span><\/strong><\/p><ul><li>Simple,<strong> intuitif<\/strong> <strong>Interface utilisateur<\/strong> dans le langage professionnel de l'entreprise et des responsables ainsi que des personnes concern\u00e9es, et non dans celui des juristes<br \/><br \/><\/li><li>R\u00e9alisation de la <strong>Obligations en mati\u00e8re de documentation<\/strong> en mati\u00e8re de protection des donn\u00e9es et de s\u00e9curit\u00e9 de l'information, en particulier la possibilit\u00e9 de documenter les activit\u00e9s de traitement de mani\u00e8re compl\u00e8te et plausible et d'\u00e9valuer la structure de la s\u00e9curit\u00e9 de l'information dans les entreprises sur la base de la <strong>Processus d'affaires<\/strong> d'organiser.<br \/><br \/><\/li><li>d'identifier les risques en mati\u00e8re de protection des donn\u00e9es et de s\u00e9curit\u00e9 de l'information de mani\u00e8re compl\u00e8te, plausible et reproductible et de traiter les risques conform\u00e9ment aux <strong>les principes g\u00e9n\u00e9raux de la gestion des risques<\/strong> (effets, probabilit\u00e9s d'occurrence, mesures de protection des objectifs de garantie, ...) \u00e0 organiser<br \/><br \/><\/li><li>Possibilit\u00e9 de produire des donn\u00e9es compl\u00e8tes, plausibles et reproductibles. <strong>\u00c9valuations d'impact sur la protection des donn\u00e9es<\/strong> (DSFA) en tenant compte de toutes les circonstances de traitement, de la technique et des objectifs de garantie selon le mod\u00e8le standard de protection des donn\u00e9es (SDM)<br \/><br \/><\/li><li><strong>Mesures <\/strong>(TOM) pour la protection des donn\u00e9es et la s\u00e9curit\u00e9 de l'information, de combiner les deux points de vue \u201e.\u201e<strong>s'imbriquent<\/strong>\u201c<br \/><br \/><\/li><li>V\u00e9ritable <strong>Gestion des processus<\/strong>, notifications automatis\u00e9es en cas d'incidents et de demandes, planification automatique, tickets et t\u00e2ches<br \/><br \/><\/li><li><strong>Cycles PDCA<\/strong>, rappels, priorit\u00e9s<br \/><br \/><\/li><li><strong>Gestion des vuln\u00e9rabilit\u00e9s,<\/strong> des \u201enotifications\u201c automatiques et des r\u00e9f\u00e9rences de risque aux processus commerciaux et aux responsables de processus en pr\u00e9sence de risques et de points faibles non trait\u00e9s<br \/><br \/><\/li><li>Traitement automatis\u00e9 des <strong>Demandes des personnes concern\u00e9es<\/strong><br \/><br \/><\/li><li>Fournir des informations pertinentes <strong>Mod\u00e8les et exemples<\/strong><\/li><\/ul><div>\u00a0<\/div>\t\t\t\t\t\t\t\t<\/div>\n\t\t\t\t<\/div>\n\t\t\t\t\t<\/div>\n\t\t<\/div>\n\t\t\t\t\t<\/div>\n\t\t<\/section>\n\t\t\t\t<section class=\"elementor-section elementor-inner-section elementor-element elementor-element-d1859d5 elementor-section-boxed elementor-section-height-default elementor-section-height-default\" data-id=\"d1859d5\" data-element_type=\"section\" data-e-type=\"section\">\n\t\t\t\t\t\t<div class=\"elementor-container elementor-column-gap-default\">\n\t\t\t\t\t<div class=\"elementor-column elementor-col-100 elementor-inner-column elementor-element elementor-element-373af9f\" data-id=\"373af9f\" data-element_type=\"column\" data-e-type=\"column\">\n\t\t\t<div class=\"elementor-widget-wrap elementor-element-populated\">\n\t\t\t\t\t\t<div class=\"elementor-element elementor-element-6f1872a elementor-widget__width-initial elementor-widget elementor-widget-text-editor\" data-id=\"6f1872a\" data-element_type=\"widget\" data-e-type=\"widget\" data-widget_type=\"text-editor.default\">\n\t\t\t\t<div class=\"elementor-widget-container\">\n\t\t\t\t\t\t\t\t\t<p><span style=\"color: #248eba;\">Comme il \u00e9tait impossible de trouver une telle solution, Anyva a vu le jour. Une solution logicielle, issue de la pratique, pour la pratique<br \/><strong>dans la langue des utilisateurs.<\/strong><\/span><\/p>\t\t\t\t\t\t\t\t<\/div>\n\t\t\t\t<\/div>\n\t\t\t\t\t<\/div>\n\t\t<\/div>\n\t\t\t\t\t<\/div>\n\t\t<\/section>\n\t\t\t\t\t<\/div>\n\t\t<\/div>\n\t\t\t\t\t<\/div>\n\t\t<\/section>\n\t\t\t\t<\/div>","protected":false},"excerpt":{"rendered":"<p>Warum Anyva? In den vielen Jahren T\u00e4tigkeit in Datenschutz und Informationssicherheit bei verschiedenen gr\u00f6\u00dferen und kleineren Unternehmen h\u00f6rte ich immer wieder einen Satz: Wir ben\u00f6tigen zur Rationalisierung unserer Prozesse in Datenschutz und Informationssicherheit endlich eine Softwarel\u00f6sung! Wer nach einer professionellen, integrierten L\u00f6sung f\u00fcr diesen Aufgabenbereich sucht, muss folgende Mindestanforderungen stellen: Einfache, intuitive Benutzeroberfl\u00e4che in der [&hellip;]<\/p>\n","protected":false},"author":1,"featured_media":0,"parent":0,"menu_order":0,"comment_status":"closed","ping_status":"closed","template":"","meta":{"footnotes":""},"class_list":["post-928","page","type-page","status-publish","hentry"],"_links":{"self":[{"href":"https:\/\/buchholz-software.de\/fr\/wp-json\/wp\/v2\/pages\/928","targetHints":{"allow":["GET"]}}],"collection":[{"href":"https:\/\/buchholz-software.de\/fr\/wp-json\/wp\/v2\/pages"}],"about":[{"href":"https:\/\/buchholz-software.de\/fr\/wp-json\/wp\/v2\/types\/page"}],"author":[{"embeddable":true,"href":"https:\/\/buchholz-software.de\/fr\/wp-json\/wp\/v2\/users\/1"}],"replies":[{"embeddable":true,"href":"https:\/\/buchholz-software.de\/fr\/wp-json\/wp\/v2\/comments?post=928"}],"version-history":[{"count":31,"href":"https:\/\/buchholz-software.de\/fr\/wp-json\/wp\/v2\/pages\/928\/revisions"}],"predecessor-version":[{"id":963,"href":"https:\/\/buchholz-software.de\/fr\/wp-json\/wp\/v2\/pages\/928\/revisions\/963"}],"wp:attachment":[{"href":"https:\/\/buchholz-software.de\/fr\/wp-json\/wp\/v2\/media?parent=928"}],"curies":[{"name":"wp","href":"https:\/\/api.w.org\/{rel}","templated":true}]}}