{"id":1119,"date":"2025-03-21T09:49:00","date_gmt":"2025-03-21T08:49:00","guid":{"rendered":"https:\/\/buchholz-software.de\/?page_id=1119"},"modified":"2025-03-21T10:02:42","modified_gmt":"2025-03-21T09:02:42","slug":"information-om-dataskydd-2","status":"publish","type":"page","link":"https:\/\/buchholz-software.de\/sv\/datenschutzinformationen-2\/","title":{"rendered":"Information om dataskydd"},"content":{"rendered":"<div data-elementor-type=\"wp-page\" data-elementor-id=\"1119\" class=\"elementor elementor-1119\" data-elementor-post-type=\"page\">\n\t\t\t\t\t\t<section class=\"elementor-section elementor-top-section elementor-element elementor-element-af6e84d elementor-section-boxed elementor-section-height-default elementor-section-height-default\" data-id=\"af6e84d\" data-element_type=\"section\" data-e-type=\"section\">\n\t\t\t\t\t\t<div class=\"elementor-container elementor-column-gap-default\">\n\t\t\t\t\t<div class=\"elementor-column elementor-col-100 elementor-top-column elementor-element elementor-element-dd7fb4a\" data-id=\"dd7fb4a\" data-element_type=\"column\" data-e-type=\"column\">\n\t\t\t<div class=\"elementor-widget-wrap elementor-element-populated\">\n\t\t\t\t\t\t<div class=\"elementor-element elementor-element-47e66bc elementor-widget elementor-widget-heading\" data-id=\"47e66bc\" data-element_type=\"widget\" data-e-type=\"widget\" data-widget_type=\"heading.default\">\n\t\t\t\t<div class=\"elementor-widget-container\">\n\t\t\t\t\t<h2 class=\"elementor-heading-title elementor-size-default\">Information om dataskydd<\/h2>\t\t\t\t<\/div>\n\t\t\t\t<\/div>\n\t\t\t\t\t<\/div>\n\t\t<\/div>\n\t\t\t\t\t<\/div>\n\t\t<\/section>\n\t\t\t\t<section class=\"elementor-section elementor-top-section elementor-element elementor-element-de5b28b elementor-section-boxed elementor-section-height-default elementor-section-height-default\" data-id=\"de5b28b\" data-element_type=\"section\" data-e-type=\"section\">\n\t\t\t\t\t\t<div class=\"elementor-container elementor-column-gap-default\">\n\t\t\t\t\t<div class=\"elementor-column elementor-col-100 elementor-top-column elementor-element elementor-element-97aad66\" data-id=\"97aad66\" data-element_type=\"column\" data-e-type=\"column\">\n\t\t\t<div class=\"elementor-widget-wrap elementor-element-populated\">\n\t\t\t\t\t\t<div class=\"elementor-element elementor-element-6156eb1 elementor-widget elementor-widget-heading\" data-id=\"6156eb1\" data-element_type=\"widget\" data-e-type=\"widget\" data-widget_type=\"heading.default\">\n\t\t\t\t<div class=\"elementor-widget-container\">\n\t\t\t\t\t<h5 class=\"elementor-heading-title elementor-size-default\">\u00d6versikt<\/h5>\t\t\t\t<\/div>\n\t\t\t\t<\/div>\n\t\t\t\t<section class=\"elementor-section elementor-inner-section elementor-element elementor-element-2f77a21 elementor-section-boxed elementor-section-height-default elementor-section-height-default\" data-id=\"2f77a21\" data-element_type=\"section\" data-e-type=\"section\">\n\t\t\t\t\t\t<div class=\"elementor-container elementor-column-gap-default\">\n\t\t\t\t\t<div class=\"elementor-column elementor-col-100 elementor-inner-column elementor-element elementor-element-d28d62a\" data-id=\"d28d62a\" data-element_type=\"column\" data-e-type=\"column\">\n\t\t\t<div class=\"elementor-widget-wrap elementor-element-populated\">\n\t\t\t\t\t\t<div class=\"elementor-element elementor-element-a08ed20 elementor-widget elementor-widget-text-editor\" data-id=\"a08ed20\" data-element_type=\"widget\" data-e-type=\"widget\" data-widget_type=\"text-editor.default\">\n\t\t\t\t<div class=\"elementor-widget-container\">\n\t\t\t\t\t\t\t\t\t<p>All dataskyddsinformation som kr\u00e4vs enligt artikel 12-14 (dataskyddsdeklarationer, dataskyddsdeklarationer f\u00f6r anst\u00e4llda, ...) kan hanteras centralt och tilldelas den aktuella behandlingsaktiviteten efter behov.<\/p><div id=\"simple-translate\" class=\"simple-translate-system-theme\"><div><div class=\"simple-translate-button isShow\" style=\"background-image: url('moz-extension:\/\/83606834-a23d-4bfa-a8be-7d280705fdf7\/icons\/512.png'); height: 22px; width: 22px; top: 38px; left: 16px;\">\u00a0<\/div><div class=\"simple-translate-panel\" style=\"width: 300px; height: 200px; top: 0px; left: 0px; font-size: 13px;\"><div class=\"simple-translate-result-wrapper\" style=\"overflow: hidden;\"><div class=\"simple-translate-move\" draggable=\"true\">\u00a0<\/div><div class=\"simple-translate-result-contents\"><p class=\"simple-translate-candidate\" dir=\"auto\">\u00a0<\/p><\/div><\/div><\/div><\/div><\/div>\t\t\t\t\t\t\t\t<\/div>\n\t\t\t\t<\/div>\n\t\t\t\t\t<\/div>\n\t\t<\/div>\n\t\t\t\t\t<\/div>\n\t\t<\/section>\n\t\t\t\t\t<\/div>\n\t\t<\/div>\n\t\t\t\t\t<\/div>\n\t\t<\/section>\n\t\t\t\t<section class=\"elementor-section elementor-top-section elementor-element elementor-element-bd6b248 elementor-section-boxed elementor-section-height-default elementor-section-height-default\" data-id=\"bd6b248\" data-element_type=\"section\" data-e-type=\"section\">\n\t\t\t\t\t\t<div class=\"elementor-container elementor-column-gap-default\">\n\t\t\t\t\t<div class=\"elementor-column elementor-col-100 elementor-top-column elementor-element elementor-element-79ee65d\" data-id=\"79ee65d\" data-element_type=\"column\" data-e-type=\"column\">\n\t\t\t<div class=\"elementor-widget-wrap elementor-element-populated\">\n\t\t\t\t\t\t<section class=\"elementor-section elementor-inner-section elementor-element elementor-element-093be3e elementor-section-boxed elementor-section-height-default elementor-section-height-default\" data-id=\"093be3e\" data-element_type=\"section\" data-e-type=\"section\">\n\t\t\t\t\t\t<div class=\"elementor-container elementor-column-gap-default\">\n\t\t\t\t\t<div class=\"elementor-column elementor-col-100 elementor-inner-column elementor-element elementor-element-41902df\" data-id=\"41902df\" data-element_type=\"column\" data-e-type=\"column\">\n\t\t\t<div class=\"elementor-widget-wrap elementor-element-populated\">\n\t\t\t\t\t\t<div class=\"elementor-element elementor-element-9d23561 elementor-widget elementor-widget-image\" data-id=\"9d23561\" data-element_type=\"widget\" data-e-type=\"widget\" data-widget_type=\"image.default\">\n\t\t\t\t<div class=\"elementor-widget-container\">\n\t\t\t\t\t\t\t\t\t\t\t\t<figure class=\"wp-caption\">\n\t\t\t\t\t\t\t\t\t\t<img loading=\"lazy\" decoding=\"async\" width=\"768\" height=\"341\" src=\"https:\/\/buchholz-software.de\/wp-content\/uploads\/2025\/03\/Datenschutzinformationen-768x341.png\" class=\"attachment-medium_large size-medium_large wp-image-1124\" alt=\"Information om dataskydd\" srcset=\"https:\/\/buchholz-software.de\/wp-content\/uploads\/2025\/03\/Datenschutzinformationen-768x341.png 768w, https:\/\/buchholz-software.de\/wp-content\/uploads\/2025\/03\/Datenschutzinformationen-300x133.png 300w, https:\/\/buchholz-software.de\/wp-content\/uploads\/2025\/03\/Datenschutzinformationen-1024x455.png 1024w, https:\/\/buchholz-software.de\/wp-content\/uploads\/2025\/03\/Datenschutzinformationen-18x8.png 18w, https:\/\/buchholz-software.de\/wp-content\/uploads\/2025\/03\/Datenschutzinformationen.png 1199w\" sizes=\"auto, (max-width: 768px) 100vw, 768px\" \/>\t\t\t\t\t\t\t\t\t\t\t<figcaption class=\"widget-image-caption wp-caption-text\">Information om dataskydd<\/figcaption>\n\t\t\t\t\t\t\t\t\t\t<\/figure>\n\t\t\t\t\t\t\t\t\t<\/div>\n\t\t\t\t<\/div>\n\t\t\t\t\t<\/div>\n\t\t<\/div>\n\t\t\t\t\t<\/div>\n\t\t<\/section>\n\t\t\t\t\t<\/div>\n\t\t<\/div>\n\t\t\t\t\t<\/div>\n\t\t<\/section>\n\t\t\t\t<section class=\"elementor-section elementor-top-section elementor-element elementor-element-0e09a5a elementor-section-boxed elementor-section-height-default elementor-section-height-default\" data-id=\"0e09a5a\" data-element_type=\"section\" data-e-type=\"section\">\n\t\t\t\t\t\t<div class=\"elementor-container elementor-column-gap-default\">\n\t\t\t\t\t<div class=\"elementor-column elementor-col-100 elementor-top-column elementor-element elementor-element-c3c9b86\" data-id=\"c3c9b86\" data-element_type=\"column\" data-e-type=\"column\">\n\t\t\t<div class=\"elementor-widget-wrap elementor-element-populated\">\n\t\t\t\t\t\t<section class=\"elementor-section elementor-inner-section elementor-element elementor-element-d04dba8 elementor-section-boxed elementor-section-height-default elementor-section-height-default\" data-id=\"d04dba8\" data-element_type=\"section\" data-e-type=\"section\">\n\t\t\t\t\t\t<div class=\"elementor-container elementor-column-gap-default\">\n\t\t\t\t\t<div class=\"elementor-column elementor-col-100 elementor-inner-column elementor-element elementor-element-3f7b598\" data-id=\"3f7b598\" data-element_type=\"column\" data-e-type=\"column\">\n\t\t\t<div class=\"elementor-widget-wrap elementor-element-populated\">\n\t\t\t\t\t\t<div class=\"elementor-element elementor-element-b049635 elementor-widget elementor-widget-heading\" data-id=\"b049635\" data-element_type=\"widget\" data-e-type=\"widget\" data-widget_type=\"heading.default\">\n\t\t\t\t<div class=\"elementor-widget-container\">\n\t\t\t\t\t<h5 class=\"elementor-heading-title elementor-size-default\">Detaljer<\/h5>\t\t\t\t<\/div>\n\t\t\t\t<\/div>\n\t\t\t\t<div class=\"elementor-element elementor-element-0612138 elementor-widget elementor-widget-text-editor\" data-id=\"0612138\" data-element_type=\"widget\" data-e-type=\"widget\" data-widget_type=\"text-editor.default\">\n\t\t\t\t<div class=\"elementor-widget-container\">\n\t\t\t\t\t\t\t\t\t<p>Dokumentera inneh\u00e5llet, publicerings- och utgivningsdatum, sammanhanget, det interna ansvaret och \u00e5terkallelsedatumet f\u00f6r din dataskyddsinformation. Du har alltid en \u00f6verblick \u00f6ver vilken information som var giltig vid vilken tidpunkt.<\/p>\t\t\t\t\t\t\t\t<\/div>\n\t\t\t\t<\/div>\n\t\t\t\t\t<\/div>\n\t\t<\/div>\n\t\t\t\t\t<\/div>\n\t\t<\/section>\n\t\t\t\t\t<\/div>\n\t\t<\/div>\n\t\t\t\t\t<\/div>\n\t\t<\/section>\n\t\t\t\t<section class=\"elementor-section elementor-top-section elementor-element elementor-element-f0e458a elementor-section-boxed elementor-section-height-default elementor-section-height-default\" data-id=\"f0e458a\" data-element_type=\"section\" data-e-type=\"section\">\n\t\t\t\t\t\t<div class=\"elementor-container elementor-column-gap-default\">\n\t\t\t\t\t<div class=\"elementor-column elementor-col-100 elementor-top-column elementor-element elementor-element-03e60b9\" data-id=\"03e60b9\" data-element_type=\"column\" data-e-type=\"column\">\n\t\t\t<div class=\"elementor-widget-wrap elementor-element-populated\">\n\t\t\t\t\t\t<div class=\"elementor-element elementor-element-72898db elementor-widget elementor-widget-image\" data-id=\"72898db\" data-element_type=\"widget\" data-e-type=\"widget\" data-widget_type=\"image.default\">\n\t\t\t\t<div class=\"elementor-widget-container\">\n\t\t\t\t\t\t\t\t\t\t\t\t<figure class=\"wp-caption\">\n\t\t\t\t\t\t\t\t\t\t<img loading=\"lazy\" decoding=\"async\" width=\"800\" height=\"559\" src=\"https:\/\/buchholz-software.de\/wp-content\/uploads\/2025\/03\/Datenschutzinformationen-Detail-1024x715.png\" class=\"attachment-large size-large wp-image-1125\" alt=\"Information om dataskydd: Webbplats\" srcset=\"https:\/\/buchholz-software.de\/wp-content\/uploads\/2025\/03\/Datenschutzinformationen-Detail-1024x715.png 1024w, https:\/\/buchholz-software.de\/wp-content\/uploads\/2025\/03\/Datenschutzinformationen-Detail-300x210.png 300w, https:\/\/buchholz-software.de\/wp-content\/uploads\/2025\/03\/Datenschutzinformationen-Detail-768x537.png 768w, https:\/\/buchholz-software.de\/wp-content\/uploads\/2025\/03\/Datenschutzinformationen-Detail-18x12.png 18w, https:\/\/buchholz-software.de\/wp-content\/uploads\/2025\/03\/Datenschutzinformationen-Detail.png 1075w\" sizes=\"auto, (max-width: 800px) 100vw, 800px\" \/>\t\t\t\t\t\t\t\t\t\t\t<figcaption class=\"widget-image-caption wp-caption-text\">Information om dataskydd: Webbplats<\/figcaption>\n\t\t\t\t\t\t\t\t\t\t<\/figure>\n\t\t\t\t\t\t\t\t\t<\/div>\n\t\t\t\t<\/div>\n\t\t\t\t\t<\/div>\n\t\t<\/div>\n\t\t\t\t\t<\/div>\n\t\t<\/section>\n\t\t\t\t<\/div>","protected":false},"excerpt":{"rendered":"<p>Datenschutzinformationen \u00dcbersicht Alle nach Art. 12-14 erforderlichen Datenschutzinformationen (Datenschutzerkl\u00e4rungen, Mitarbeiterdatenschutzerkl\u00e4rungen, &#8230;) k\u00f6nnen zentral verwaltet und bei Bedarf der aktuellen Verarbeitungst\u00e4tigkeit zugewiesen werden. \u00a0\u00a0 \u00a0 Datenschutzinformationen Details Dokumentieren Sie den Inhalt, das Ver\u00f6ffentlichungs- und Freigabedatum, den Kontext, die interne Verantwortlichkeit und das R\u00fcckzugsdatum Ihrer Datenschutzinformation. Sie haben jederzeit den \u00dcberblick, welche Information zu welchem Zeitpunkt g\u00fcltig [&hellip;]<\/p>\n","protected":false},"author":1,"featured_media":0,"parent":0,"menu_order":0,"comment_status":"closed","ping_status":"closed","template":"","meta":{"footnotes":""},"class_list":["post-1119","page","type-page","status-publish","hentry"],"_links":{"self":[{"href":"https:\/\/buchholz-software.de\/sv\/wp-json\/wp\/v2\/pages\/1119","targetHints":{"allow":["GET"]}}],"collection":[{"href":"https:\/\/buchholz-software.de\/sv\/wp-json\/wp\/v2\/pages"}],"about":[{"href":"https:\/\/buchholz-software.de\/sv\/wp-json\/wp\/v2\/types\/page"}],"author":[{"embeddable":true,"href":"https:\/\/buchholz-software.de\/sv\/wp-json\/wp\/v2\/users\/1"}],"replies":[{"embeddable":true,"href":"https:\/\/buchholz-software.de\/sv\/wp-json\/wp\/v2\/comments?post=1119"}],"version-history":[{"count":13,"href":"https:\/\/buchholz-software.de\/sv\/wp-json\/wp\/v2\/pages\/1119\/revisions"}],"predecessor-version":[{"id":1135,"href":"https:\/\/buchholz-software.de\/sv\/wp-json\/wp\/v2\/pages\/1119\/revisions\/1135"}],"wp:attachment":[{"href":"https:\/\/buchholz-software.de\/sv\/wp-json\/wp\/v2\/media?parent=1119"}],"curies":[{"name":"wp","href":"https:\/\/api.w.org\/{rel}","templated":true}]}}