{"id":1152,"date":"2025-03-21T15:31:47","date_gmt":"2025-03-21T14:31:47","guid":{"rendered":"https:\/\/buchholz-software.de\/?page_id=1152"},"modified":"2025-03-22T13:26:55","modified_gmt":"2025-03-22T12:26:55","slug":"dsfa","status":"publish","type":"page","link":"https:\/\/buchholz-software.de\/sv\/dsfa\/","title":{"rendered":"DSFA"},"content":{"rendered":"<div data-elementor-type=\"wp-page\" data-elementor-id=\"1152\" class=\"elementor elementor-1152\" data-elementor-post-type=\"page\">\n\t\t\t\t\t\t<section class=\"elementor-section elementor-top-section elementor-element elementor-element-1695e12 elementor-section-boxed elementor-section-height-default elementor-section-height-default\" data-id=\"1695e12\" data-element_type=\"section\" data-e-type=\"section\">\n\t\t\t\t\t\t<div class=\"elementor-container elementor-column-gap-default\">\n\t\t\t\t\t<div class=\"elementor-column elementor-col-100 elementor-top-column elementor-element elementor-element-39c64e4\" data-id=\"39c64e4\" data-element_type=\"column\" data-e-type=\"column\">\n\t\t\t<div class=\"elementor-widget-wrap elementor-element-populated\">\n\t\t\t\t\t\t<div class=\"elementor-element elementor-element-805c9e0 elementor-widget elementor-widget-heading\" data-id=\"805c9e0\" data-element_type=\"widget\" data-e-type=\"widget\" data-widget_type=\"heading.default\">\n\t\t\t\t<div class=\"elementor-widget-container\">\n\t\t\t\t\t<h2 class=\"elementor-heading-title elementor-size-default\">Konsekvensbed\u00f6mningar avseende dataskydd (DPIA)<\/h2>\t\t\t\t<\/div>\n\t\t\t\t<\/div>\n\t\t\t\t\t<\/div>\n\t\t<\/div>\n\t\t\t\t\t<\/div>\n\t\t<\/section>\n\t\t\t\t<section class=\"elementor-section elementor-top-section elementor-element elementor-element-0404668 elementor-section-boxed elementor-section-height-default elementor-section-height-default\" data-id=\"0404668\" data-element_type=\"section\" data-e-type=\"section\">\n\t\t\t\t\t\t<div class=\"elementor-container elementor-column-gap-default\">\n\t\t\t\t\t<div class=\"elementor-column elementor-col-100 elementor-top-column elementor-element elementor-element-3c7959b\" data-id=\"3c7959b\" data-element_type=\"column\" data-e-type=\"column\">\n\t\t\t<div class=\"elementor-widget-wrap elementor-element-populated\">\n\t\t\t\t\t\t<div class=\"elementor-element elementor-element-7a4c341 elementor-widget elementor-widget-text-editor\" data-id=\"7a4c341\" data-element_type=\"widget\" data-e-type=\"widget\" data-widget_type=\"text-editor.default\">\n\t\t\t\t<div class=\"elementor-widget-container\">\n\t\t\t\t\t\t\t\t\t<h5 data-start=\"270\" data-end=\"359\">Konsekvensbed\u00f6mning av dataskydd (DPIA) med Anyva - begriplig, v\u00e4lgrundad och praktisk<\/h5><p data-start=\"361\" data-end=\"735\">Att genomf\u00f6ra en konsekvensbed\u00f6mning avseende dataskydd (DPIA) \u00e4r en utmaning f\u00f6r m\u00e5nga organisationer - juridiskt komplicerat, tekniskt kr\u00e4vande och ofta sv\u00e5rt att f\u00f6rst\u00e5 f\u00f6r icke-experter. <strong data-start=\"561\" data-end=\"570\">Anyva<\/strong> \u00e4ndrar detta i grunden: Med ett innovativt, modul\u00e4rt tillv\u00e4gag\u00e5ngss\u00e4tt g\u00f6r Anyva DPIA begripligt, reproducerbart och genomf\u00f6rbart \u00e4ven f\u00f6r lekm\u00e4n inom dataskydd.<\/p><p data-start=\"361\" data-end=\"735\"><span style=\"color: #008000;\"><strong>Anyva \u00e4r ett av f\u00e5 system f\u00f6r hantering av dataskydd p\u00e5 marknaden som erbjuder en klassisk riskanalys f\u00f6r dataskyddsrisker.<\/strong><\/span><\/p><p data-start=\"737\" data-end=\"781\"><strong data-start=\"737\" data-end=\"781\">En \u00f6verblick \u00f6ver dina f\u00f6rdelar med Anyva:<\/strong><\/p><ul data-start=\"783\" data-end=\"2232\"><li data-start=\"783\" data-end=\"974\"><strong data-start=\"785\" data-end=\"821\">S\u00f6ml\u00f6s integration med VVT<\/strong>\u00d6verf\u00f6r behandlingsaktiviteter direkt fr\u00e5n katalogen, inklusive syfte, process, DPIA-team, involverade system och r\u00e4ttslig grund.<\/li><li data-start=\"975\" data-end=\"1175\"><strong data-start=\"977\" data-end=\"1003\">Modul\u00e4r riskanalys<\/strong>V\u00e4lj bland f\u00e4rdiga, bepr\u00f6vade kravmoduler - fr\u00e5n pappersfiler och mobila datab\u00e4rare till abstrakta m\u00e5l som sekretess eller \u00e4ndam\u00e5lsbegr\u00e4nsning.<\/li><li data-start=\"1176\" data-end=\"1369\"><strong data-start=\"1178\" data-end=\"1204\">\u00d6versatt tekniskt spr\u00e5k<\/strong>Lagkraven oms\u00e4tts tydligt i konkreta \u00e5tg\u00e4rder - t.ex. \u00e5tg\u00e4rdas risken med pappersakter genom l\u00e5sbara arkivsk\u00e5p.<\/li><li data-start=\"1370\" data-end=\"1539\"><strong data-start=\"1372\" data-end=\"1418\">Integrerad risk- och \u00e5tg\u00e4rdsbed\u00f6mning<\/strong>Varje modul inneh\u00e5ller typiska risker, l\u00e4mpliga tekniska och organisatoriska \u00e5tg\u00e4rder (TOM) och till\u00e4mpningsanvisningar.<\/li><li data-start=\"1540\" data-end=\"1697\"><strong data-start=\"1542\" data-end=\"1577\">Trov\u00e4rdig och fullst\u00e4ndig DSFA<\/strong>Tack vare den modul\u00e4ra strukturen \u00e4r din DPIA logiskt organiserad, juridiskt dokumenterad och sp\u00e5rbar vid alla tidpunkter.<\/li><li data-start=\"1698\" data-end=\"1902\"><strong data-start=\"1700\" data-end=\"1741\">F\u00f6rkonfigurerad och snabbt redo att tas i bruk<\/strong>Modulerna levereras och beh\u00f6ver bara anpassas - perfekt f\u00f6r dataskyddsombud utan juridisk eller teknisk specialistkunskap.<\/li><li data-start=\"1903\" data-end=\"2062\"><strong data-start=\"1905\" data-end=\"1954\">Levande DSFA genom s\u00e5rbarhetshantering<\/strong>Riskstatusen f\u00f6rblir aktuell - obehandlade s\u00e5rbarheter \u00f6kar automatiskt den \u00e5terst\u00e5ende risken.<\/li><li data-start=\"2063\" data-end=\"2232\"><strong data-start=\"2065\" data-end=\"2103\">Begriplig riskhantering<\/strong>Initiala risker, effekter av TOM och kvarvarande risker beskrivs p\u00e5 ett v\u00e4lgrundat och begripligt s\u00e4tt p\u00e5 grundval av SDM.<\/li><\/ul><p data-start=\"2234\" data-end=\"2353\"><strong data-start=\"2234\" data-end=\"2353\">Anyva ger struktur och tydlighet till din DPIA - f\u00f6r mer dataskydd, mer s\u00e4kerhet och mer f\u00f6rtroende.<\/strong><\/p><p data-start=\"2234\" data-end=\"2353\">\u00a0<\/p>\t\t\t\t\t\t\t\t<\/div>\n\t\t\t\t<\/div>\n\t\t\t\t\t<\/div>\n\t\t<\/div>\n\t\t\t\t\t<\/div>\n\t\t<\/section>\n\t\t\t\t<section class=\"elementor-section elementor-top-section elementor-element elementor-element-c89eff5 elementor-section-boxed elementor-section-height-default elementor-section-height-default\" data-id=\"c89eff5\" data-element_type=\"section\" data-e-type=\"section\">\n\t\t\t\t\t\t<div class=\"elementor-container elementor-column-gap-default\">\n\t\t\t\t\t<div class=\"elementor-column elementor-col-100 elementor-top-column elementor-element elementor-element-a91bb46\" data-id=\"a91bb46\" data-element_type=\"column\" data-e-type=\"column\">\n\t\t\t<div class=\"elementor-widget-wrap elementor-element-populated\">\n\t\t\t\t\t\t<div class=\"elementor-element elementor-element-5493905 elementor-widget elementor-widget-image\" data-id=\"5493905\" data-element_type=\"widget\" data-e-type=\"widget\" data-widget_type=\"image.default\">\n\t\t\t\t<div class=\"elementor-widget-container\">\n\t\t\t\t\t\t\t\t\t\t\t\t<figure class=\"wp-caption\">\n\t\t\t\t\t\t\t\t\t\t<img loading=\"lazy\" decoding=\"async\" width=\"768\" height=\"259\" src=\"https:\/\/buchholz-software.de\/wp-content\/uploads\/2025\/03\/DSFA-768x259.png\" class=\"attachment-medium_large size-medium_large wp-image-1158\" alt=\"DSFA\" srcset=\"https:\/\/buchholz-software.de\/wp-content\/uploads\/2025\/03\/DSFA-768x259.png 768w, https:\/\/buchholz-software.de\/wp-content\/uploads\/2025\/03\/DSFA-300x101.png 300w, https:\/\/buchholz-software.de\/wp-content\/uploads\/2025\/03\/DSFA-1024x345.png 1024w, https:\/\/buchholz-software.de\/wp-content\/uploads\/2025\/03\/DSFA-18x6.png 18w, https:\/\/buchholz-software.de\/wp-content\/uploads\/2025\/03\/DSFA.png 1503w\" sizes=\"auto, (max-width: 768px) 100vw, 768px\" \/>\t\t\t\t\t\t\t\t\t\t\t<figcaption class=\"widget-image-caption wp-caption-text\">Lista \u00f6ver genomf\u00f6rda konsekvensbed\u00f6mningar av dataskydd<\/figcaption>\n\t\t\t\t\t\t\t\t\t\t<\/figure>\n\t\t\t\t\t\t\t\t\t<\/div>\n\t\t\t\t<\/div>\n\t\t\t\t\t<\/div>\n\t\t<\/div>\n\t\t\t\t\t<\/div>\n\t\t<\/section>\n\t\t\t\t<section class=\"elementor-section elementor-top-section elementor-element elementor-element-f3461cc elementor-section-boxed elementor-section-height-default elementor-section-height-default\" data-id=\"f3461cc\" data-element_type=\"section\" data-e-type=\"section\">\n\t\t\t\t\t\t<div class=\"elementor-container elementor-column-gap-default\">\n\t\t\t\t\t<div class=\"elementor-column elementor-col-100 elementor-top-column elementor-element elementor-element-0b3d55c\" data-id=\"0b3d55c\" data-element_type=\"column\" data-e-type=\"column\">\n\t\t\t<div class=\"elementor-widget-wrap elementor-element-populated\">\n\t\t\t\t\t\t<div class=\"elementor-element elementor-element-0fc6cd6 elementor-widget elementor-widget-text-editor\" data-id=\"0fc6cd6\" data-element_type=\"widget\" data-e-type=\"widget\" data-widget_type=\"text-editor.default\">\n\t\t\t\t<div class=\"elementor-widget-container\">\n\t\t\t\t\t\t\t\t\t<p>DSFA kan beskrivas i detalj. Alla relevanta data kan h\u00e4mtas fr\u00e5n den tillh\u00f6rande processaktiviteten. Tack vare integreringen i PDCA-processer f\u00f6rblir varje DPIA \u201elevande\u201c och f\u00f6rsvinner inte oanv\u00e4nd i en l\u00e5da<br><br>Den kvarst\u00e5ende risk som visas h\u00e4r \u00e4r resultatet av de individuella riskerna i de tilldelade kravmodulerna.<\/p>\t\t\t\t\t\t\t\t<\/div>\n\t\t\t\t<\/div>\n\t\t\t\t<div class=\"elementor-element elementor-element-500d1c2 elementor-widget elementor-widget-image\" data-id=\"500d1c2\" data-element_type=\"widget\" data-e-type=\"widget\" data-widget_type=\"image.default\">\n\t\t\t\t<div class=\"elementor-widget-container\">\n\t\t\t\t\t\t\t\t\t\t\t\t<figure class=\"wp-caption\">\n\t\t\t\t\t\t\t\t\t\t<img loading=\"lazy\" decoding=\"async\" width=\"768\" height=\"631\" src=\"https:\/\/buchholz-software.de\/wp-content\/uploads\/2025\/03\/DSFA-Detail-768x631.png\" class=\"attachment-medium_large size-medium_large wp-image-1164\" alt=\"Exempel: DSFA\" srcset=\"https:\/\/buchholz-software.de\/wp-content\/uploads\/2025\/03\/DSFA-Detail-768x631.png 768w, https:\/\/buchholz-software.de\/wp-content\/uploads\/2025\/03\/DSFA-Detail-300x247.png 300w, https:\/\/buchholz-software.de\/wp-content\/uploads\/2025\/03\/DSFA-Detail-1024x841.png 1024w, https:\/\/buchholz-software.de\/wp-content\/uploads\/2025\/03\/DSFA-Detail-15x12.png 15w, https:\/\/buchholz-software.de\/wp-content\/uploads\/2025\/03\/DSFA-Detail.png 1234w\" sizes=\"auto, (max-width: 768px) 100vw, 768px\" \/>\t\t\t\t\t\t\t\t\t\t\t<figcaption class=\"widget-image-caption wp-caption-text\">Exempel p\u00e5 en DSFA<\/figcaption>\n\t\t\t\t\t\t\t\t\t\t<\/figure>\n\t\t\t\t\t\t\t\t\t<\/div>\n\t\t\t\t<\/div>\n\t\t\t\t\t<\/div>\n\t\t<\/div>\n\t\t\t\t\t<\/div>\n\t\t<\/section>\n\t\t\t\t<\/div>","protected":false},"excerpt":{"rendered":"<p>Datenschutzfolgenabsch\u00e4tzungen (DSFA) Datenschutz-Folgenabsch\u00e4tzung (DSFA) mit Anyva \u2013 verst\u00e4ndlich, fundiert und praxisnah Die Durchf\u00fchrung einer Datenschutz-Folgenabsch\u00e4tzung (DSFA) ist f\u00fcr viele Organisationen eine Herausforderung \u2013 juristisch komplex, technisch anspruchsvoll und oft schwer greifbar f\u00fcr Nichtfachleute. Anyva ver\u00e4ndert das grundlegend: Mit einem innovativen, modularen Ansatz macht Anyva die DSFA nachvollziehbar, reproduzierbar und auch f\u00fcr Datenschutz-Laien durchf\u00fchrbar. Anyva ist [&hellip;]<\/p>\n","protected":false},"author":1,"featured_media":0,"parent":0,"menu_order":0,"comment_status":"closed","ping_status":"closed","template":"","meta":{"footnotes":""},"class_list":["post-1152","page","type-page","status-publish","hentry"],"_links":{"self":[{"href":"https:\/\/buchholz-software.de\/sv\/wp-json\/wp\/v2\/pages\/1152","targetHints":{"allow":["GET"]}}],"collection":[{"href":"https:\/\/buchholz-software.de\/sv\/wp-json\/wp\/v2\/pages"}],"about":[{"href":"https:\/\/buchholz-software.de\/sv\/wp-json\/wp\/v2\/types\/page"}],"author":[{"embeddable":true,"href":"https:\/\/buchholz-software.de\/sv\/wp-json\/wp\/v2\/users\/1"}],"replies":[{"embeddable":true,"href":"https:\/\/buchholz-software.de\/sv\/wp-json\/wp\/v2\/comments?post=1152"}],"version-history":[{"count":10,"href":"https:\/\/buchholz-software.de\/sv\/wp-json\/wp\/v2\/pages\/1152\/revisions"}],"predecessor-version":[{"id":1167,"href":"https:\/\/buchholz-software.de\/sv\/wp-json\/wp\/v2\/pages\/1152\/revisions\/1167"}],"wp:attachment":[{"href":"https:\/\/buchholz-software.de\/sv\/wp-json\/wp\/v2\/media?parent=1152"}],"curies":[{"name":"wp","href":"https:\/\/api.w.org\/{rel}","templated":true}]}}