{"id":1202,"date":"2025-03-23T15:54:24","date_gmt":"2025-03-23T14:54:24","guid":{"rendered":"https:\/\/buchholz-software.de\/?page_id=1202"},"modified":"2025-03-23T15:57:40","modified_gmt":"2025-03-23T14:57:40","slug":"registrerades-raettigheter","status":"publish","type":"page","link":"https:\/\/buchholz-software.de\/sv\/betroffenenrechte\/","title":{"rendered":"Registrerades r\u00e4ttigheter"},"content":{"rendered":"<div data-elementor-type=\"wp-page\" data-elementor-id=\"1202\" class=\"elementor elementor-1202\" data-elementor-post-type=\"page\">\n\t\t\t\t\t\t<section class=\"elementor-section elementor-top-section elementor-element elementor-element-37e3aec elementor-section-boxed elementor-section-height-default elementor-section-height-default\" data-id=\"37e3aec\" data-element_type=\"section\" data-e-type=\"section\">\n\t\t\t\t\t\t<div class=\"elementor-container elementor-column-gap-default\">\n\t\t\t\t\t<div class=\"elementor-column elementor-col-100 elementor-top-column elementor-element elementor-element-32d4c39\" data-id=\"32d4c39\" data-element_type=\"column\" data-e-type=\"column\">\n\t\t\t<div class=\"elementor-widget-wrap elementor-element-populated\">\n\t\t\t\t\t\t<div class=\"elementor-element elementor-element-af2e844 elementor-widget elementor-widget-heading\" data-id=\"af2e844\" data-element_type=\"widget\" data-e-type=\"widget\" data-widget_type=\"heading.default\">\n\t\t\t\t<div class=\"elementor-widget-container\">\n\t\t\t\t\t<h2 class=\"elementor-heading-title elementor-size-default\">Registrerades r\u00e4ttigheter<\/h2>\t\t\t\t<\/div>\n\t\t\t\t<\/div>\n\t\t\t\t\t<\/div>\n\t\t<\/div>\n\t\t\t\t\t<\/div>\n\t\t<\/section>\n\t\t\t\t<section class=\"elementor-section elementor-top-section elementor-element elementor-element-ffab59e elementor-section-boxed elementor-section-height-default elementor-section-height-default\" data-id=\"ffab59e\" data-element_type=\"section\" data-e-type=\"section\">\n\t\t\t\t\t\t<div class=\"elementor-container elementor-column-gap-default\">\n\t\t\t\t\t<div class=\"elementor-column elementor-col-100 elementor-top-column elementor-element elementor-element-2873f23\" data-id=\"2873f23\" data-element_type=\"column\" data-e-type=\"column\">\n\t\t\t<div class=\"elementor-widget-wrap elementor-element-populated\">\n\t\t\t\t\t\t<div class=\"elementor-element elementor-element-b54d16f elementor-widget elementor-widget-text-editor\" data-id=\"b54d16f\" data-element_type=\"widget\" data-e-type=\"widget\" data-widget_type=\"text-editor.default\">\n\t\t\t\t<div class=\"elementor-widget-container\">\n\t\t\t\t\t\t\t\t\t<p class=\"\" data-start=\"244\" data-end=\"652\">GDPR ger registrerade ett antal r\u00e4ttigheter som s\u00e4kerst\u00e4ller insyn i och kontroll \u00f6ver deras personuppgifter. Modulen <strong data-start=\"398\" data-end=\"435\">\u201eBeviljande av r\u00e4ttigheter f\u00f6r registrerade\u201c<\/strong> i <strong data-start=\"439\" data-end=\"448\">Anyva<\/strong> hj\u00e4lper personuppgiftsansvariga att genomf\u00f6ra dessa r\u00e4ttigheter i tid och p\u00e5 ett begripligt och fullst\u00e4ndigt s\u00e4tt - \u00e4ven med komplexa organisationsstrukturer och ett stort antal behandlingsaktiviteter.<\/p><p data-start=\"244\" data-end=\"652\">\u00a0<\/p><p class=\"\" data-start=\"654\" data-end=\"1066\">Centrala r\u00e4ttigheter enligt GDPR - till exempel <strong data-start=\"688\" data-end=\"710\">Information (artikel 15)<\/strong>, <strong data-start=\"712\" data-end=\"738\">R\u00e4ttelse (artikel 16)<\/strong>, <strong data-start=\"740\" data-end=\"762\">Avbest\u00e4llning (artikel 17)<\/strong>, <strong data-start=\"764\" data-end=\"808\">Begr\u00e4nsning av behandling (artikel 18)<\/strong>, <strong data-start=\"810\" data-end=\"844\">Dataportabilitet (artikel 20)<\/strong> och <strong data-start=\"849\" data-end=\"874\">Inv\u00e4ndning (artikel 21)<\/strong> - kartl\u00e4ggs i Anyva med hj\u00e4lp av strukturerade processer och mallar. F\u00f6rfr\u00e5gningar fr\u00e5n registrerade kan registreras, klassificeras och behandlas i enlighet med lagen.<\/p><p class=\"\" data-start=\"1068\" data-end=\"1099\">Ett s\u00e4rskilt fokus ligger p\u00e5:<\/p><ul data-start=\"1100\" data-end=\"1601\"><li class=\"\" data-start=\"1100\" data-end=\"1197\"><p class=\"\" data-start=\"1102\" data-end=\"1197\"><strong data-start=\"1102\" data-end=\"1146\">Sp\u00e5rbarhet och kontroll av tidsfrister<\/strong>, f\u00f6r att uppfylla de lagstadgade svarsskyldigheterna.<\/p><\/li><li class=\"\" data-start=\"1198\" data-end=\"1334\"><p class=\"\" data-start=\"1200\" data-end=\"1334\"><strong data-start=\"1200\" data-end=\"1264\">L\u00e4nk till registret \u00f6ver behandlingsaktiviteter<\/strong>, f\u00f6r att automatiskt avg\u00f6ra var data behandlas.<\/p><\/li><li class=\"\" data-start=\"1335\" data-end=\"1477\"><p class=\"\" data-start=\"1337\" data-end=\"1477\"><strong data-start=\"1337\" data-end=\"1370\">Dokumentation av alla \u00e5tg\u00e4rder<\/strong>, inklusive \u00e5terkoppling till den registrerade, interna granskningssteg och tekniska implementeringar.<\/p><\/li><li class=\"\" data-start=\"1478\" data-end=\"1601\"><p class=\"\" data-start=\"1480\" data-end=\"1601\"><strong data-start=\"1480\" data-end=\"1528\">Riskbed\u00f6mning f\u00f6r information eller radering<\/strong>, s\u00e4rskilt n\u00e4r det g\u00e4ller k\u00e4nsliga uppgifter eller konkurrerande r\u00e4ttsliga grunder.<\/p><\/li><\/ul><p class=\"\" data-start=\"1603\" data-end=\"1952\">Modulen \u00e4r helt inb\u00e4ddad i Anyvas dataskyddshantering och kan eventuellt kopplas till s\u00e5rbarhetshantering och DPIA, t.ex. om f\u00f6rfr\u00e5gningar ger indikationer p\u00e5 eventuella brister. Integrationen i plattformen s\u00e4kerst\u00e4ller en lagstadgad, granskningsbar och resurseffektiv behandling.<\/p>\t\t\t\t\t\t\t\t<\/div>\n\t\t\t\t<\/div>\n\t\t\t\t<div class=\"elementor-element elementor-element-3bb030c elementor-widget elementor-widget-image\" data-id=\"3bb030c\" data-element_type=\"widget\" data-e-type=\"widget\" data-widget_type=\"image.default\">\n\t\t\t\t<div class=\"elementor-widget-container\">\n\t\t\t\t\t\t\t\t\t\t\t\t<figure class=\"wp-caption\">\n\t\t\t\t\t\t\t\t\t\t<img loading=\"lazy\" decoding=\"async\" width=\"800\" height=\"438\" src=\"https:\/\/buchholz-software.de\/wp-content\/uploads\/2025\/03\/Betroffenenrechte-1024x561.png\" class=\"attachment-large size-large wp-image-1204\" alt=\"F\u00f6rfr\u00e5gningar fr\u00e5n ber\u00f6rda parter\" srcset=\"https:\/\/buchholz-software.de\/wp-content\/uploads\/2025\/03\/Betroffenenrechte-1024x561.png 1024w, https:\/\/buchholz-software.de\/wp-content\/uploads\/2025\/03\/Betroffenenrechte-300x164.png 300w, https:\/\/buchholz-software.de\/wp-content\/uploads\/2025\/03\/Betroffenenrechte-768x421.png 768w, https:\/\/buchholz-software.de\/wp-content\/uploads\/2025\/03\/Betroffenenrechte-18x10.png 18w, https:\/\/buchholz-software.de\/wp-content\/uploads\/2025\/03\/Betroffenenrechte.png 1181w\" sizes=\"auto, (max-width: 800px) 100vw, 800px\" \/>\t\t\t\t\t\t\t\t\t\t\t<figcaption class=\"widget-image-caption wp-caption-text\">F\u00f6rfr\u00e5gningar fr\u00e5n ber\u00f6rda parter<\/figcaption>\n\t\t\t\t\t\t\t\t\t\t<\/figure>\n\t\t\t\t\t\t\t\t\t<\/div>\n\t\t\t\t<\/div>\n\t\t\t\t<div class=\"elementor-element elementor-element-94ca28a elementor-widget elementor-widget-text-editor\" data-id=\"94ca28a\" data-element_type=\"widget\" data-e-type=\"widget\" data-widget_type=\"text-editor.default\">\n\t\t\t\t<div class=\"elementor-widget-container\">\n\t\t\t\t\t\t\t\t\t<p>Det finns olika s\u00e4tt p\u00e5 vilka du kan kontakta ber\u00f6rda parter. Om du t.ex. tillhandah\u00e5ller ett webbformul\u00e4r f\u00f6r detta \u00e4ndam\u00e5l kan Anyva automatiskt acceptera f\u00f6rfr\u00e5gan.<\/p>\t\t\t\t\t\t\t\t<\/div>\n\t\t\t\t<\/div>\n\t\t\t\t<div class=\"elementor-element elementor-element-bb4bfff elementor-widget elementor-widget-image\" data-id=\"bb4bfff\" data-element_type=\"widget\" data-e-type=\"widget\" data-widget_type=\"image.default\">\n\t\t\t\t<div class=\"elementor-widget-container\">\n\t\t\t\t\t\t\t\t\t\t\t\t<figure class=\"wp-caption\">\n\t\t\t\t\t\t\t\t\t\t<img loading=\"lazy\" decoding=\"async\" width=\"800\" height=\"336\" src=\"https:\/\/buchholz-software.de\/wp-content\/uploads\/2025\/03\/Betroffenenrechte-Formular-Webseite-1024x430.png\" class=\"attachment-large size-large wp-image-1205\" alt=\"Webbformul\u00e4r\" srcset=\"https:\/\/buchholz-software.de\/wp-content\/uploads\/2025\/03\/Betroffenenrechte-Formular-Webseite-1024x430.png 1024w, https:\/\/buchholz-software.de\/wp-content\/uploads\/2025\/03\/Betroffenenrechte-Formular-Webseite-300x126.png 300w, https:\/\/buchholz-software.de\/wp-content\/uploads\/2025\/03\/Betroffenenrechte-Formular-Webseite-768x322.png 768w, https:\/\/buchholz-software.de\/wp-content\/uploads\/2025\/03\/Betroffenenrechte-Formular-Webseite-18x8.png 18w, https:\/\/buchholz-software.de\/wp-content\/uploads\/2025\/03\/Betroffenenrechte-Formular-Webseite.png 1502w\" sizes=\"auto, (max-width: 800px) 100vw, 800px\" \/>\t\t\t\t\t\t\t\t\t\t\t<figcaption class=\"widget-image-caption wp-caption-text\">F\u00f6rfr\u00e5gan om registrerade uppgifter: Webbformul\u00e4r<\/figcaption>\n\t\t\t\t\t\t\t\t\t\t<\/figure>\n\t\t\t\t\t\t\t\t\t<\/div>\n\t\t\t\t<\/div>\n\t\t\t\t<div class=\"elementor-element elementor-element-2489452 elementor-widget elementor-widget-text-editor\" data-id=\"2489452\" data-element_type=\"widget\" data-e-type=\"widget\" data-widget_type=\"text-editor.default\">\n\t\t\t\t<div class=\"elementor-widget-container\">\n\t\t\t\t\t\t\t\t\t<p>F\u00f6rfr\u00e5gan visas som en ny post i modulen \u201eF\u00f6rfr\u00e5gningar fr\u00e5n registrerade\u201c. Den person eller grupp som ansvarar f\u00f6r behandlingen av f\u00f6rfr\u00e5gan f\u00e5r ett meddelande via e-post.<\/p><div id=\"simple-translate\" class=\"simple-translate-system-theme\"><div><div class=\"simple-translate-button isShow\" style=\"background-image: url('moz-extension:\/\/83606834-a23d-4bfa-a8be-7d280705fdf7\/icons\/512.png'); height: 22px; width: 22px; top: 45px; left: 18px;\">\u00a0<\/div><div class=\"simple-translate-panel\" style=\"width: 300px; height: 200px; top: 0px; left: 0px; font-size: 13px;\"><div class=\"simple-translate-result-wrapper\" style=\"overflow: hidden;\"><div class=\"simple-translate-move\" draggable=\"true\">\u00a0<\/div><div class=\"simple-translate-result-contents\"><p class=\"simple-translate-result\" dir=\"auto\">\u00a0<\/p><p class=\"simple-translate-candidate\" dir=\"auto\">\u00a0<\/p><\/div><\/div><\/div><\/div><\/div>\t\t\t\t\t\t\t\t<\/div>\n\t\t\t\t<\/div>\n\t\t\t\t<div class=\"elementor-element elementor-element-52d1b1f elementor-widget elementor-widget-image\" data-id=\"52d1b1f\" data-element_type=\"widget\" data-e-type=\"widget\" data-widget_type=\"image.default\">\n\t\t\t\t<div class=\"elementor-widget-container\">\n\t\t\t\t\t\t\t\t\t\t\t\t<figure class=\"wp-caption\">\n\t\t\t\t\t\t\t\t\t\t<img loading=\"lazy\" decoding=\"async\" width=\"800\" height=\"622\" src=\"https:\/\/buchholz-software.de\/wp-content\/uploads\/2025\/03\/Anfrage-Loeschung-1024x796.png\" class=\"attachment-large size-large wp-image-1206\" alt=\"Den registrerades beg\u00e4ran om radering\" srcset=\"https:\/\/buchholz-software.de\/wp-content\/uploads\/2025\/03\/Anfrage-Loeschung-1024x796.png 1024w, https:\/\/buchholz-software.de\/wp-content\/uploads\/2025\/03\/Anfrage-Loeschung-300x233.png 300w, https:\/\/buchholz-software.de\/wp-content\/uploads\/2025\/03\/Anfrage-Loeschung-768x597.png 768w, https:\/\/buchholz-software.de\/wp-content\/uploads\/2025\/03\/Anfrage-Loeschung-15x12.png 15w, https:\/\/buchholz-software.de\/wp-content\/uploads\/2025\/03\/Anfrage-Loeschung.png 1223w\" sizes=\"auto, (max-width: 800px) 100vw, 800px\" \/>\t\t\t\t\t\t\t\t\t\t\t<figcaption class=\"widget-image-caption wp-caption-text\">Den registrerades beg\u00e4ran om radering<\/figcaption>\n\t\t\t\t\t\t\t\t\t\t<\/figure>\n\t\t\t\t\t\t\t\t\t<\/div>\n\t\t\t\t<\/div>\n\t\t\t\t\t<\/div>\n\t\t<\/div>\n\t\t\t\t\t<\/div>\n\t\t<\/section>\n\t\t\t\t<\/div>","protected":false},"excerpt":{"rendered":"<p>Betroffenenrechte Die DSGVO r\u00e4umt betroffenen Personen eine Reihe von Rechten ein, die Transparenz und Kontrolle \u00fcber ihre personenbezogenen Daten sicherstellen. Das Modul \u201eGew\u00e4hrung der Betroffenenrechte\u201c in Anyva unterst\u00fctzt Verantwortliche dabei, diese Rechte fristgerecht, nachvollziehbar und vollst\u00e4ndig umzusetzen \u2013 auch bei komplexen organisatorischen Strukturen und einer Vielzahl von Verarbeitungst\u00e4tigkeiten. \u00a0 Zentrale Rechte gem\u00e4\u00df DSGVO \u2013 wie [&hellip;]<\/p>\n","protected":false},"author":1,"featured_media":0,"parent":0,"menu_order":0,"comment_status":"closed","ping_status":"closed","template":"","meta":{"footnotes":""},"class_list":["post-1202","page","type-page","status-publish","hentry"],"_links":{"self":[{"href":"https:\/\/buchholz-software.de\/sv\/wp-json\/wp\/v2\/pages\/1202","targetHints":{"allow":["GET"]}}],"collection":[{"href":"https:\/\/buchholz-software.de\/sv\/wp-json\/wp\/v2\/pages"}],"about":[{"href":"https:\/\/buchholz-software.de\/sv\/wp-json\/wp\/v2\/types\/page"}],"author":[{"embeddable":true,"href":"https:\/\/buchholz-software.de\/sv\/wp-json\/wp\/v2\/users\/1"}],"replies":[{"embeddable":true,"href":"https:\/\/buchholz-software.de\/sv\/wp-json\/wp\/v2\/comments?post=1202"}],"version-history":[{"count":4,"href":"https:\/\/buchholz-software.de\/sv\/wp-json\/wp\/v2\/pages\/1202\/revisions"}],"predecessor-version":[{"id":1209,"href":"https:\/\/buchholz-software.de\/sv\/wp-json\/wp\/v2\/pages\/1202\/revisions\/1209"}],"wp:attachment":[{"href":"https:\/\/buchholz-software.de\/sv\/wp-json\/wp\/v2\/media?parent=1202"}],"curies":[{"name":"wp","href":"https:\/\/api.w.org\/{rel}","templated":true}]}}