{"id":1219,"date":"2025-03-24T11:44:37","date_gmt":"2025-03-24T10:44:37","guid":{"rendered":"https:\/\/buchholz-software.de\/?page_id=1219"},"modified":"2025-12-08T17:31:50","modified_gmt":"2025-12-08T16:31:50","slug":"a","status":"publish","type":"page","link":"https:\/\/buchholz-software.de\/sv\/a\/","title":{"rendered":"Hantering av revision"},"content":{"rendered":"<div data-elementor-type=\"wp-page\" data-elementor-id=\"1219\" class=\"elementor elementor-1219\" data-elementor-post-type=\"page\">\n\t\t\t\t\t\t<section class=\"elementor-section elementor-top-section elementor-element elementor-element-ea27fe6 elementor-section-boxed elementor-section-height-default elementor-section-height-default\" data-id=\"ea27fe6\" data-element_type=\"section\" data-e-type=\"section\">\n\t\t\t\t\t\t<div class=\"elementor-container elementor-column-gap-default\">\n\t\t\t\t\t<div class=\"elementor-column elementor-col-100 elementor-top-column elementor-element elementor-element-667e6fd\" data-id=\"667e6fd\" data-element_type=\"column\" data-e-type=\"column\">\n\t\t\t<div class=\"elementor-widget-wrap elementor-element-populated\">\n\t\t\t\t\t\t<div class=\"elementor-element elementor-element-600c636 elementor-widget elementor-widget-heading\" data-id=\"600c636\" data-element_type=\"widget\" data-e-type=\"widget\" data-widget_type=\"heading.default\">\n\t\t\t\t<div class=\"elementor-widget-container\">\n\t\t\t\t\t<h2 class=\"elementor-heading-title elementor-size-default\">Hantering av revision<\/h2>\t\t\t\t<\/div>\n\t\t\t\t<\/div>\n\t\t\t\t\t<\/div>\n\t\t<\/div>\n\t\t\t\t\t<\/div>\n\t\t<\/section>\n\t\t\t\t<section class=\"elementor-section elementor-top-section elementor-element elementor-element-012f624 elementor-section-boxed elementor-section-height-default elementor-section-height-default\" data-id=\"012f624\" data-element_type=\"section\" data-e-type=\"section\">\n\t\t\t\t\t\t<div class=\"elementor-container elementor-column-gap-default\">\n\t\t\t\t\t<div class=\"elementor-column elementor-col-100 elementor-top-column elementor-element elementor-element-eb906c2\" data-id=\"eb906c2\" data-element_type=\"column\" data-e-type=\"column\">\n\t\t\t<div class=\"elementor-widget-wrap elementor-element-populated\">\n\t\t\t\t\t\t<div class=\"elementor-element elementor-element-b7ebeed elementor-widget elementor-widget-heading\" data-id=\"b7ebeed\" data-element_type=\"widget\" data-e-type=\"widget\" data-widget_type=\"heading.default\">\n\t\t\t\t<div class=\"elementor-widget-container\">\n\t\t\t\t\t<h5 class=\"elementor-heading-title elementor-size-default\">\u00d6versikt<\/h5>\t\t\t\t<\/div>\n\t\t\t\t<\/div>\n\t\t\t\t<div class=\"elementor-element elementor-element-f1fbe9a elementor-widget elementor-widget-text-editor\" data-id=\"f1fbe9a\" data-element_type=\"widget\" data-e-type=\"widget\" data-widget_type=\"text-editor.default\">\n\t\t\t\t<div class=\"elementor-widget-container\">\n\t\t\t\t\t\t\t\t\t<p class=\"\" data-start=\"1727\" data-end=\"2107\">I en alltmer reglerad v\u00e4rld \u00e4r revisioner mycket mer \u00e4n bara obligatoriska \u00f6vningar - de \u00e4r ryggraden i fungerande styrning och efterlevnad.  Med <strong data-start=\"1901\" data-end=\"1926\">Anyva Revisionshantering<\/strong> f\u00e5r du ett kraftfullt verktyg som inte bara dokumenterar revisioner, utan ser dem som en integrerad del av dina processer f\u00f6r dataskydd och informationss\u00e4kerhet.<\/p><p class=\"\" data-start=\"2109\" data-end=\"2359\">Hantera interna och externa revisioner centralt, koppla revisioner till behandlingsaktiviteter och ISMS-processer och h\u00e5ll alltid reda p\u00e5 krav, revisionsinstruktioner, status och resultat med hj\u00e4lp av den genomt\u00e4nkta strukturen.<\/p><p class=\"\" data-start=\"2361\" data-end=\"2489\">Oavsett om det handlar om en enstaka revision eller ett komplext revisionsprogram - Anyva g\u00f6r revisionshanteringen sp\u00e5rbar, effektiv och revisionss\u00e4ker.<br \/><br \/><\/p><h4 data-start=\"244\" data-end=\"330\"><strong data-start=\"251\" data-end=\"330\">Varf\u00f6r Anyva Audit Management? - Skillnaden mot klassiska DSMS-l\u00f6sningar<\/strong><\/h4><p class=\"\" data-start=\"332\" data-end=\"585\">M\u00e5nga DSMS-l\u00f6sningar n\u00f6jer sig med enkla checklistor f\u00f6r revisioner. Anyva t\u00e4nker fram\u00e5t - med ett djupt integrerat och processorienterat revisionshanteringssystem som t\u00e4cker hela livscykeln f\u00f6r revisioner, resultat och avvikelsehantering.<\/p><div class=\"overflow-x-auto contain-inline-size\"><table data-start=\"587\" data-end=\"2153\"><thead data-start=\"587\" data-end=\"660\"><tr data-start=\"587\" data-end=\"660\"><th data-start=\"587\" data-end=\"602\"><strong data-start=\"589\" data-end=\"601\">Funktion<\/strong><\/th><th data-start=\"602\" data-end=\"630\"><strong data-start=\"604\" data-end=\"629\">Anyva Revisionshantering<\/strong><\/th><th data-start=\"630\" data-end=\"660\"><strong data-start=\"632\" data-end=\"658\">Typiska DSMS-l\u00f6sningar<\/strong><\/th><\/tr><\/thead><tbody data-start=\"737\" data-end=\"2153\"><tr data-start=\"737\" data-end=\"844\"><td><strong data-start=\"739\" data-end=\"766\">Central revisionskontroll<\/strong><\/td><td>\u2705 Fullt integrerad f\u00f6r interna och externa revisioner<\/td><td>\ud83d\udd38 Ofta endast interna revisioner<\/td><\/tr><tr data-start=\"845\" data-end=\"994\"><td><strong data-start=\"847\" data-end=\"877\">L\u00e4nk till VVT &amp; ISMS<\/strong><\/td><td>\u2705 Direkt koppling till behandlingsaktiviteter och s\u00e4kerhetsprocesser<\/td><td>\ud83d\udd38 Endast l\u00f6s eller ingen l\u00e4nk alls<\/td><\/tr><tr data-start=\"995\" data-end=\"1120\"><td><strong data-start=\"997\" data-end=\"1029\">Excel-import av revisionsfr\u00e5gor<\/strong><\/td><td>\u2705 Omfattande massimport med struktur och kontrollstatus<\/td><td>\ud83d\udd38 Mestadels endast manuell inmatning<\/td><\/tr><tr data-start=\"1121\" data-end=\"1264\"><td><strong data-start=\"1123\" data-end=\"1146\">Strukturering av revisionen<\/strong><\/td><td>\u2705 Revisioner best\u00e5r av revisionsdataupps\u00e4ttningar med valfritt antal fr\u00e5gor<\/td><td>\ud83d\udd38 Fasta strukturer eller enkla checklistor<\/td><\/tr><tr data-start=\"1265\" data-end=\"1410\"><td><strong data-start=\"1267\" data-end=\"1298\">Detaljeringsgrad i revisionsfr\u00e5gorna<\/strong><\/td><td>\u2705 Omfattande f\u00e4lt: Testinstruktion, djup, status, kontakt, obligatoriskt betyg<\/td><td>\ud83d\udd38 Mestadels enkel fr\u00e5ga\/svar<\/td><\/tr><tr data-start=\"1411\" data-end=\"1550\"><td><strong data-start=\"1413\" data-end=\"1452\">Koppling till \u00e5tg\u00e4rder &amp; biljetter<\/strong><\/td><td>\u2705 Direkt anslutning till sp\u00e5rning av \u00e5tg\u00e4rder och dokument<\/td><td>\ud83d\udd38 M\u00e5tten \u00e4r ofta bara l\u00f6st kopplade<\/td><\/tr><tr data-start=\"1551\" data-end=\"1694\"><td><strong data-start=\"1553\" data-end=\"1591\">\u00d6verensst\u00e4mmelse med standarder genom obligatoriska betyg<\/strong><\/td><td>\u2705 MUST \/ SHOULD \/ MUST NOT etc. - formuleringar som \u00f6verensst\u00e4mmer med lagstiftningen<\/td><td>\ud83d\udd38 Oftast endast obligatoriskt \/ valfritt<\/td><\/tr><tr data-start=\"1695\" data-end=\"1835\"><td><strong data-start=\"1697\" data-end=\"1728\">Revisionsbevisade resultat<\/strong><\/td><td>\u2705 Tydlig status inkl. godk\u00e4nt, mindre och st\u00f6rre avvikelse, rekommendation<\/td><td>Ofta utan strukturerad utv\u00e4rdering<\/td><\/tr><tr data-start=\"1836\" data-end=\"1988\"><td><strong data-start=\"1838\" data-end=\"1873\">Generering av upps\u00e4ttningar med revisionsresultat<\/strong><\/td><td>Resultatdataposter kan anv\u00e4ndas som defektlistor inkl. avvikelsehantering<\/td><td>S\u00e4llan eller inte alls n\u00e4rvarande<\/td><\/tr><tr data-start=\"1989\" data-end=\"2153\"><td><strong data-start=\"1991\" data-end=\"2035\">Dokumentation av f\u00f6rb\u00e4ttrings\u00e5tg\u00e4rder<\/strong><\/td><td>\u2705 Arbetsstatus och \u00e5tg\u00e4rder kan f\u00f6ljas direkt i resultatet<\/td><td><p>\ud83d\udd38 Ingen verklig statusuppf\u00f6ljning av \u00e5tg\u00e4rderna<\/p><\/td><\/tr><\/tbody><\/table><\/div><hr class=\"\" data-start=\"2155\" data-end=\"2158\" \/>\t\t\t\t\t\t\t\t<\/div>\n\t\t\t\t<\/div>\n\t\t\t\t<div class=\"elementor-element elementor-element-0463da4 elementor-widget elementor-widget-text-editor\" data-id=\"0463da4\" data-element_type=\"widget\" data-e-type=\"widget\" data-widget_type=\"text-editor.default\">\n\t\t\t\t<div class=\"elementor-widget-container\">\n\t\t\t\t\t\t\t\t\t<p>Alla befintliga revisioner \u00e4r tydligt listade:<\/p>\t\t\t\t\t\t\t\t<\/div>\n\t\t\t\t<\/div>\n\t\t\t\t<div class=\"elementor-element elementor-element-a835ce3 elementor-widget elementor-widget-image\" data-id=\"a835ce3\" data-element_type=\"widget\" data-e-type=\"widget\" data-widget_type=\"image.default\">\n\t\t\t\t<div class=\"elementor-widget-container\">\n\t\t\t\t\t\t\t\t\t\t\t\t<figure class=\"wp-caption\">\n\t\t\t\t\t\t\t\t\t\t<img loading=\"lazy\" decoding=\"async\" width=\"800\" height=\"226\" src=\"https:\/\/buchholz-software.de\/wp-content\/uploads\/2025\/03\/AuditsUebersicht-1024x289.png\" class=\"attachment-large size-large wp-image-1221\" alt=\"\u00d6versikt \u00f6ver revisioner\" srcset=\"https:\/\/buchholz-software.de\/wp-content\/uploads\/2025\/03\/AuditsUebersicht-1024x289.png 1024w, https:\/\/buchholz-software.de\/wp-content\/uploads\/2025\/03\/AuditsUebersicht-300x85.png 300w, https:\/\/buchholz-software.de\/wp-content\/uploads\/2025\/03\/AuditsUebersicht-768x217.png 768w, https:\/\/buchholz-software.de\/wp-content\/uploads\/2025\/03\/AuditsUebersicht-18x5.png 18w, https:\/\/buchholz-software.de\/wp-content\/uploads\/2025\/03\/AuditsUebersicht.png 1229w\" sizes=\"auto, (max-width: 800px) 100vw, 800px\" \/>\t\t\t\t\t\t\t\t\t\t\t<figcaption class=\"widget-image-caption wp-caption-text\">\u00d6versikt \u00f6ver revisioner<\/figcaption>\n\t\t\t\t\t\t\t\t\t\t<\/figure>\n\t\t\t\t\t\t\t\t\t<\/div>\n\t\t\t\t<\/div>\n\t\t\t\t<div class=\"elementor-element elementor-element-dc7d0b1 elementor-widget elementor-widget-text-editor\" data-id=\"dc7d0b1\" data-element_type=\"widget\" data-e-type=\"widget\" data-widget_type=\"text-editor.default\">\n\t\t\t\t<div class=\"elementor-widget-container\">\n\t\t\t\t\t\t\t\t\t<p>Varje revision inneh\u00e5ller revisionsdataposter med revisionsfr\u00e5gor. Listor med granskningsresultat (resultatupps\u00e4ttningar) kan genereras fr\u00e5n granskningsdataposterna med en knapptryckning.<\/p>\t\t\t\t\t\t\t\t<\/div>\n\t\t\t\t<\/div>\n\t\t\t\t<div class=\"elementor-element elementor-element-e46778a elementor-widget elementor-widget-image\" data-id=\"e46778a\" data-element_type=\"widget\" data-e-type=\"widget\" data-widget_type=\"image.default\">\n\t\t\t\t<div class=\"elementor-widget-container\">\n\t\t\t\t\t\t\t\t\t\t\t\t<figure class=\"wp-caption\">\n\t\t\t\t\t\t\t\t\t\t<img loading=\"lazy\" decoding=\"async\" width=\"800\" height=\"388\" src=\"https:\/\/buchholz-software.de\/wp-content\/uploads\/2025\/03\/Audits-1024x496.png\" class=\"attachment-large size-large wp-image-1220\" alt=\"\u00d6versikt \u00f6ver revisioner\" srcset=\"https:\/\/buchholz-software.de\/wp-content\/uploads\/2025\/03\/Audits-1024x496.png 1024w, https:\/\/buchholz-software.de\/wp-content\/uploads\/2025\/03\/Audits-300x145.png 300w, https:\/\/buchholz-software.de\/wp-content\/uploads\/2025\/03\/Audits-768x372.png 768w, https:\/\/buchholz-software.de\/wp-content\/uploads\/2025\/03\/Audits-1536x744.png 1536w, https:\/\/buchholz-software.de\/wp-content\/uploads\/2025\/03\/Audits-18x9.png 18w, https:\/\/buchholz-software.de\/wp-content\/uploads\/2025\/03\/Audits.png 1636w\" sizes=\"auto, (max-width: 800px) 100vw, 800px\" \/>\t\t\t\t\t\t\t\t\t\t\t<figcaption class=\"widget-image-caption wp-caption-text\">Revision med revisionsdataposter<\/figcaption>\n\t\t\t\t\t\t\t\t\t\t<\/figure>\n\t\t\t\t\t\t\t\t\t<\/div>\n\t\t\t\t<\/div>\n\t\t\t\t<div class=\"elementor-element elementor-element-afaefad elementor-widget elementor-widget-text-editor\" data-id=\"afaefad\" data-element_type=\"widget\" data-e-type=\"widget\" data-widget_type=\"text-editor.default\">\n\t\t\t\t<div class=\"elementor-widget-container\">\n\t\t\t\t\t\t\t\t\t<p>Revisionsdataupps\u00e4ttningar inneh\u00e5ller valfritt antal revisionsfr\u00e5gor som enkelt kan importeras fr\u00e5n Excel.<\/p>\t\t\t\t\t\t\t\t<\/div>\n\t\t\t\t<\/div>\n\t\t\t\t<div class=\"elementor-element elementor-element-1fa968f elementor-widget elementor-widget-image\" data-id=\"1fa968f\" data-element_type=\"widget\" data-e-type=\"widget\" data-widget_type=\"image.default\">\n\t\t\t\t<div class=\"elementor-widget-container\">\n\t\t\t\t\t\t\t\t\t\t\t\t<figure class=\"wp-caption\">\n\t\t\t\t\t\t\t\t\t\t<img loading=\"lazy\" decoding=\"async\" width=\"768\" height=\"930\" src=\"https:\/\/buchholz-software.de\/wp-content\/uploads\/2025\/03\/Audit-Datensatz-768x930.png\" class=\"attachment-medium_large size-medium_large wp-image-1222\" alt=\"Upps\u00e4ttning revisionsdata\" srcset=\"https:\/\/buchholz-software.de\/wp-content\/uploads\/2025\/03\/Audit-Datensatz-768x930.png 768w, https:\/\/buchholz-software.de\/wp-content\/uploads\/2025\/03\/Audit-Datensatz-248x300.png 248w, https:\/\/buchholz-software.de\/wp-content\/uploads\/2025\/03\/Audit-Datensatz-10x12.png 10w, https:\/\/buchholz-software.de\/wp-content\/uploads\/2025\/03\/Audit-Datensatz.png 793w\" sizes=\"auto, (max-width: 768px) 100vw, 768px\" \/>\t\t\t\t\t\t\t\t\t\t\t<figcaption class=\"widget-image-caption wp-caption-text\">Upps\u00e4ttning revisionsdata<\/figcaption>\n\t\t\t\t\t\t\t\t\t\t<\/figure>\n\t\t\t\t\t\t\t\t\t<\/div>\n\t\t\t\t<\/div>\n\t\t\t\t<div class=\"elementor-element elementor-element-4017dc8 elementor-widget elementor-widget-text-editor\" data-id=\"4017dc8\" data-element_type=\"widget\" data-e-type=\"widget\" data-widget_type=\"text-editor.default\">\n\t\t\t\t<div class=\"elementor-widget-container\">\n\t\t\t\t\t\t\t\t\t<p>Revisionsfr\u00e5gor kan inneh\u00e5lla inte bara fr\u00e5getexter utan \u00e4ven kontaktpersoner, inspektionsanteckningar och attribut.<\/p>\t\t\t\t\t\t\t\t<\/div>\n\t\t\t\t<\/div>\n\t\t\t\t<div class=\"elementor-element elementor-element-06f914f elementor-widget elementor-widget-image\" data-id=\"06f914f\" data-element_type=\"widget\" data-e-type=\"widget\" data-widget_type=\"image.default\">\n\t\t\t\t<div class=\"elementor-widget-container\">\n\t\t\t\t\t\t\t\t\t\t\t\t<figure class=\"wp-caption\">\n\t\t\t\t\t\t\t\t\t\t<img loading=\"lazy\" decoding=\"async\" width=\"768\" height=\"901\" src=\"https:\/\/buchholz-software.de\/wp-content\/uploads\/2025\/03\/AuditFrage-768x901.png\" class=\"attachment-medium_large size-medium_large wp-image-1224\" alt=\"Revisionsfr\u00e5ga\" srcset=\"https:\/\/buchholz-software.de\/wp-content\/uploads\/2025\/03\/AuditFrage-768x901.png 768w, https:\/\/buchholz-software.de\/wp-content\/uploads\/2025\/03\/AuditFrage-256x300.png 256w, https:\/\/buchholz-software.de\/wp-content\/uploads\/2025\/03\/AuditFrage-10x12.png 10w, https:\/\/buchholz-software.de\/wp-content\/uploads\/2025\/03\/AuditFrage.png 793w\" sizes=\"auto, (max-width: 768px) 100vw, 768px\" \/>\t\t\t\t\t\t\t\t\t\t\t<figcaption class=\"widget-image-caption wp-caption-text\">Revisionsfr\u00e5ga<\/figcaption>\n\t\t\t\t\t\t\t\t\t\t<\/figure>\n\t\t\t\t\t\t\t\t\t<\/div>\n\t\t\t\t<\/div>\n\t\t\t\t\t<\/div>\n\t\t<\/div>\n\t\t\t\t\t<\/div>\n\t\t<\/section>\n\t\t\t\t<\/div>","protected":false},"excerpt":{"rendered":"<p>Auditmanagement \u00dcbersicht In einer zunehmend regulierten Welt sind Audits weit mehr als nur Pflicht\u00fcbungen \u2013 sie sind das R\u00fcckgrat einer funktionierenden Governance und gelebten Compliance.\u00a0 Mit dem Anyva Auditmanagement erhalten Sie ein leistungsstarkes Werkzeug, das Audits nicht nur dokumentiert, sondern als integrierten Bestandteil Ihrer Datenschutz- und Informationssicherheitsprozesse versteht. Verwalten Sie interne wie externe Audits zentral, [&hellip;]<\/p>\n","protected":false},"author":1,"featured_media":0,"parent":0,"menu_order":0,"comment_status":"closed","ping_status":"closed","template":"","meta":{"footnotes":""},"class_list":["post-1219","page","type-page","status-publish","hentry"],"_links":{"self":[{"href":"https:\/\/buchholz-software.de\/sv\/wp-json\/wp\/v2\/pages\/1219","targetHints":{"allow":["GET"]}}],"collection":[{"href":"https:\/\/buchholz-software.de\/sv\/wp-json\/wp\/v2\/pages"}],"about":[{"href":"https:\/\/buchholz-software.de\/sv\/wp-json\/wp\/v2\/types\/page"}],"author":[{"embeddable":true,"href":"https:\/\/buchholz-software.de\/sv\/wp-json\/wp\/v2\/users\/1"}],"replies":[{"embeddable":true,"href":"https:\/\/buchholz-software.de\/sv\/wp-json\/wp\/v2\/comments?post=1219"}],"version-history":[{"count":7,"href":"https:\/\/buchholz-software.de\/sv\/wp-json\/wp\/v2\/pages\/1219\/revisions"}],"predecessor-version":[{"id":1680,"href":"https:\/\/buchholz-software.de\/sv\/wp-json\/wp\/v2\/pages\/1219\/revisions\/1680"}],"wp:attachment":[{"href":"https:\/\/buchholz-software.de\/sv\/wp-json\/wp\/v2\/media?parent=1219"}],"curies":[{"name":"wp","href":"https:\/\/api.w.org\/{rel}","templated":true}]}}