{"id":139,"date":"2022-11-26T14:38:20","date_gmt":"2022-11-26T13:38:20","guid":{"rendered":"https:\/\/buchholz-software.de\/?page_id=139"},"modified":"2025-03-17T17:09:04","modified_gmt":"2025-03-17T16:09:04","slug":"radgivning","status":"publish","type":"page","link":"https:\/\/buchholz-software.de\/sv\/beratung\/","title":{"rendered":"R\u00e5dgivning"},"content":{"rendered":"<div data-elementor-type=\"wp-page\" data-elementor-id=\"139\" class=\"elementor elementor-139\" data-elementor-post-type=\"page\">\n\t\t\t\t\t\t<section class=\"elementor-section elementor-top-section elementor-element elementor-element-647eb6d elementor-section-boxed elementor-section-height-default elementor-section-height-default\" data-id=\"647eb6d\" data-element_type=\"section\" data-e-type=\"section\">\n\t\t\t\t\t\t<div class=\"elementor-container elementor-column-gap-default\">\n\t\t\t\t\t<div class=\"elementor-column elementor-col-100 elementor-top-column elementor-element elementor-element-9a1cc7f\" data-id=\"9a1cc7f\" data-element_type=\"column\" data-e-type=\"column\">\n\t\t\t<div class=\"elementor-widget-wrap elementor-element-populated\">\n\t\t\t\t\t\t<div class=\"elementor-element elementor-element-e6061cb elementor-widget elementor-widget-spacer\" data-id=\"e6061cb\" data-element_type=\"widget\" data-e-type=\"widget\" data-widget_type=\"spacer.default\">\n\t\t\t\t<div class=\"elementor-widget-container\">\n\t\t\t\t\t\t\t<div class=\"elementor-spacer\">\n\t\t\t<div class=\"elementor-spacer-inner\"><\/div>\n\t\t<\/div>\n\t\t\t\t\t\t<\/div>\n\t\t\t\t<\/div>\n\t\t\t\t\t<\/div>\n\t\t<\/div>\n\t\t\t\t\t<\/div>\n\t\t<\/section>\n\t\t\t\t<section class=\"elementor-section elementor-top-section elementor-element elementor-element-16c49bc elementor-section-boxed elementor-section-height-default elementor-section-height-default\" data-id=\"16c49bc\" data-element_type=\"section\" data-e-type=\"section\">\n\t\t\t\t\t\t<div class=\"elementor-container elementor-column-gap-default\">\n\t\t\t\t\t<div class=\"elementor-column elementor-col-100 elementor-top-column elementor-element elementor-element-35c12ea\" data-id=\"35c12ea\" data-element_type=\"column\" data-e-type=\"column\">\n\t\t\t<div class=\"elementor-widget-wrap elementor-element-populated\">\n\t\t\t\t\t\t<section class=\"elementor-section elementor-inner-section elementor-element elementor-element-48db7b0 elementor-section-boxed elementor-section-height-default elementor-section-height-default\" data-id=\"48db7b0\" data-element_type=\"section\" data-e-type=\"section\">\n\t\t\t\t\t\t<div class=\"elementor-container elementor-column-gap-default\">\n\t\t\t\t\t<div class=\"elementor-column elementor-col-50 elementor-inner-column elementor-element elementor-element-09565f4\" data-id=\"09565f4\" data-element_type=\"column\" data-e-type=\"column\">\n\t\t\t<div class=\"elementor-widget-wrap elementor-element-populated\">\n\t\t\t\t\t\t<div class=\"elementor-element elementor-element-fb5328d elementor-widget elementor-widget-image\" data-id=\"fb5328d\" data-element_type=\"widget\" data-e-type=\"widget\" data-widget_type=\"image.default\">\n\t\t\t\t<div class=\"elementor-widget-container\">\n\t\t\t\t\t\t\t\t\t\t\t\t\t\t\t<img loading=\"lazy\" decoding=\"async\" width=\"800\" height=\"534\" src=\"https:\/\/buchholz-software.de\/wp-content\/uploads\/2022\/11\/hacking-2964100_1920-e1669470836889-1024x683.jpg\" class=\"attachment-large size-large wp-image-150\" alt=\"\" srcset=\"https:\/\/buchholz-software.de\/wp-content\/uploads\/2022\/11\/hacking-2964100_1920-e1669470836889-1024x683.jpg 1024w, https:\/\/buchholz-software.de\/wp-content\/uploads\/2022\/11\/hacking-2964100_1920-e1669470836889-300x200.jpg 300w, https:\/\/buchholz-software.de\/wp-content\/uploads\/2022\/11\/hacking-2964100_1920-e1669470836889-768x512.jpg 768w, https:\/\/buchholz-software.de\/wp-content\/uploads\/2022\/11\/hacking-2964100_1920-e1669470836889-1536x1024.jpg 1536w, https:\/\/buchholz-software.de\/wp-content\/uploads\/2022\/11\/hacking-2964100_1920-e1669470836889.jpg 1920w\" sizes=\"auto, (max-width: 800px) 100vw, 800px\" \/>\t\t\t\t\t\t\t\t\t\t\t\t\t\t\t<\/div>\n\t\t\t\t<\/div>\n\t\t\t\t\t<\/div>\n\t\t<\/div>\n\t\t\t\t<div class=\"elementor-column elementor-col-50 elementor-inner-column elementor-element elementor-element-89dd579\" data-id=\"89dd579\" data-element_type=\"column\" data-e-type=\"column\">\n\t\t\t<div class=\"elementor-widget-wrap elementor-element-populated\">\n\t\t\t\t\t\t<div class=\"elementor-element elementor-element-7fd91f0 elementor-widget elementor-widget-heading\" data-id=\"7fd91f0\" data-element_type=\"widget\" data-e-type=\"widget\" data-widget_type=\"heading.default\">\n\t\t\t\t<div class=\"elementor-widget-container\">\n\t\t\t\t\t<h2 class=\"elementor-heading-title elementor-size-default\">R\u00e5dgivning<\/h2>\t\t\t\t<\/div>\n\t\t\t\t<\/div>\n\t\t\t\t\t<\/div>\n\t\t<\/div>\n\t\t\t\t\t<\/div>\n\t\t<\/section>\n\t\t\t\t<div class=\"elementor-element elementor-element-26c2751 elementor-widget elementor-widget-spacer\" data-id=\"26c2751\" data-element_type=\"widget\" data-e-type=\"widget\" data-widget_type=\"spacer.default\">\n\t\t\t\t<div class=\"elementor-widget-container\">\n\t\t\t\t\t\t\t<div class=\"elementor-spacer\">\n\t\t\t<div class=\"elementor-spacer-inner\"><\/div>\n\t\t<\/div>\n\t\t\t\t\t\t<\/div>\n\t\t\t\t<\/div>\n\t\t\t\t<div class=\"elementor-element elementor-element-08ea2aa elementor-widget elementor-widget-text-editor\" data-id=\"08ea2aa\" data-element_type=\"widget\" data-e-type=\"widget\" data-widget_type=\"text-editor.default\">\n\t\t\t\t<div class=\"elementor-widget-container\">\n\t\t\t\t\t\t\t\t\t<p><strong>Skydd av personuppgifter<br \/><\/strong><\/p><ul><li><strong>Hantering av dataskydd<\/strong><br \/>Inr\u00e4ttande av dataskyddsorganisationen, utarbetande av obligatorisk dokumentation, fullg\u00f6rande av redovisningsskyldighet, underh\u00e5ll av registret \u00f6ver behandlingsaktiviteter, riskhantering, genomf\u00f6rande av konsekvensbed\u00f6mningar avseende dataskydd, behandling av f\u00f6rfr\u00e5gningar fr\u00e5n registrerade, behandling av dataskyddsincidenter, hantering av orderbehandling, kommunikation med tillsynsmyndigheter, hantering av dataskyddssamordnare, samordning av samarbetet med andra aff\u00e4rsomr\u00e5den, s\u00e4rskilt med informationss\u00e4kerhet<\/li><li><strong>Revisioner och pentester<\/strong><br \/>Genomf\u00f6ra interna och externa revisioner, f\u00f6rbereda certifiering i enlighet med artikel 42 i GDPR, kontrollera \u00e5tg\u00e4rdernas effektivitet, kontrollera s\u00e4kerheten i behandlingen, kontrollera dokumentation och riskbed\u00f6mningar<\/li><li><strong>Tr\u00e4ning och utbildning<\/strong><br \/>Utbildningsf\u00f6rberedelser, regelbunden online- och klassrumsutbildning, bevis p\u00e5 framg\u00e5ng, utbildning i allm\u00e4nna och specifika attackscenarier, utbildning av chefer och medarbetare<\/li><li><strong>Externt dataskyddsombud<\/strong><br \/>R\u00e5dgivning och st\u00f6d till ditt f\u00f6retag i alla fr\u00e5gor som r\u00f6r dataskydd, kommunikation med registrerade och tillsynsmyndigheten, regelbundna utbildningstillf\u00e4llen med bevis p\u00e5 framg\u00e5ng<\/li><\/ul>\t\t\t\t\t\t\t\t<\/div>\n\t\t\t\t<\/div>\n\t\t\t\t<div class=\"elementor-element elementor-element-e9ddde1 elementor-widget elementor-widget-text-editor\" data-id=\"e9ddde1\" data-element_type=\"widget\" data-e-type=\"widget\" data-widget_type=\"text-editor.default\">\n\t\t\t\t<div class=\"elementor-widget-container\">\n\t\t\t\t\t\t\t\t\t<p><strong>Informationss\u00e4kerhet<br \/><\/strong><\/p><ul><li><strong>Hantering av informationss\u00e4kerhet<\/strong><br \/>R\u00e5dgivning om inr\u00e4ttande av ISMS och f\u00f6rberedelser f\u00f6r certifiering enligt BSI basic protection och ISO 27001, samordning av samarbetet med \u00f6vriga aff\u00e4rsenheter, s\u00e4rskilt med dataskydd.<\/li><li><strong>Revisioner och pentester<\/strong><br \/>Genomf\u00f6rande av interna och externa revisioner, f\u00f6rberedelse och uppf\u00f6ljning av certifieringar, kontroll av \u00e5tg\u00e4rdernas effektivitet, kontroll av dokumentation och riskbed\u00f6mningar, bearbetning av felf\u00f6rteckningar<\/li><li><strong>Tr\u00e4ning och utbildning<\/strong><br \/>Utbildningsf\u00f6rberedelser, regelbunden online- och klassrumsutbildning, bevis p\u00e5 framg\u00e5ng, utbildning i allm\u00e4nna och specifika attackscenarier, utbildning av chefer och medarbetare<\/li><\/ul>\t\t\t\t\t\t\t\t<\/div>\n\t\t\t\t<\/div>\n\t\t\t\t<div class=\"elementor-element elementor-element-066a7d5 elementor-widget elementor-widget-text-editor\" data-id=\"066a7d5\" data-element_type=\"widget\" data-e-type=\"widget\" data-widget_type=\"text-editor.default\">\n\t\t\t\t<div class=\"elementor-widget-container\">\n\t\t\t\t\t\t\t\t\t<p><strong>DIGA och TR-03161 F\u00f6rberedelse av revision<\/strong><\/p><ul><li><strong>Dataskydd och teknisk f\u00f6rberedelse av din DIGA i enlighet med DIGAV f\u00f6r inl\u00e4mning till BfArM<\/strong><br \/>Digitala h\u00e4lsoapplikationer m\u00e5ste uppfylla ett antal krav innan de kan godk\u00e4nnas av BfArM. S\u00e4rskilt DIGAV st\u00e4ller h\u00f6ga krav p\u00e5 dataskydd och datas\u00e4kerhet. Vi skyddar dig fr\u00e5n \u00f6verraskningar i godk\u00e4nnandeprocessen.<\/li><li><strong>Examensf\u00f6rberedelser och f\u00f6rrevision f\u00f6r TR-03161 (del 1-3)<\/strong><br \/>Sedan den 1 januari 2025 beh\u00f6ver du ett TR-03161 BSI-certifikat f\u00f6r att din DIGA ska kunna listas av BfArM. Utmaningarna f\u00f6r detta ska inte underskattas, felfrekvensen \u00e4r h\u00f6g. Spela det s\u00e4kert! Vi kommer att v\u00e4gleda dig framg\u00e5ngsrikt genom certifieringsprocessen!<\/li><\/ul><div>\u00a0<\/div><div>\u00a0<\/div>\t\t\t\t\t\t\t\t<\/div>\n\t\t\t\t<\/div>\n\t\t\t\t\t<\/div>\n\t\t<\/div>\n\t\t\t\t\t<\/div>\n\t\t<\/section>\n\t\t\t\t<\/div>","protected":false},"excerpt":{"rendered":"<p>Beratung Datenschutz DatenschutzmanagementAufbau der Datenschutzorganisation, Erstellung Pflichtdokumentation, Erf\u00fcllung Rechenschaftspflicht, F\u00fchren des Verzeichnis der Verarbeitungst\u00e4tigkeiten, Risikomanagement, Durchf\u00fchrung der Datenschutzfolgenabsch\u00e4tzungen, Bearbeitung Betroffenenanfragen, Bearbeitung von Datenschutzvorf\u00e4llen, Management der Auftragsverarbeitungen, Kommunikation mit den Aufsichtsbeh\u00f6rden, F\u00fchren der Datenschutzkoordinatoren, Koordination der Zusammenarbeit mit den anderen Gesch\u00e4ftsbereichen, insbesondere mit der Informationssicherheit Audits und PentestsDurchf\u00fchrung von internen und exterenen Auditierungen, Vorbereitung der Zertifizierung [&hellip;]<\/p>\n","protected":false},"author":1,"featured_media":0,"parent":0,"menu_order":0,"comment_status":"closed","ping_status":"closed","template":"","meta":{"footnotes":""},"class_list":["post-139","page","type-page","status-publish","hentry"],"_links":{"self":[{"href":"https:\/\/buchholz-software.de\/sv\/wp-json\/wp\/v2\/pages\/139","targetHints":{"allow":["GET"]}}],"collection":[{"href":"https:\/\/buchholz-software.de\/sv\/wp-json\/wp\/v2\/pages"}],"about":[{"href":"https:\/\/buchholz-software.de\/sv\/wp-json\/wp\/v2\/types\/page"}],"author":[{"embeddable":true,"href":"https:\/\/buchholz-software.de\/sv\/wp-json\/wp\/v2\/users\/1"}],"replies":[{"embeddable":true,"href":"https:\/\/buchholz-software.de\/sv\/wp-json\/wp\/v2\/comments?post=139"}],"version-history":[{"count":49,"href":"https:\/\/buchholz-software.de\/sv\/wp-json\/wp\/v2\/pages\/139\/revisions"}],"predecessor-version":[{"id":926,"href":"https:\/\/buchholz-software.de\/sv\/wp-json\/wp\/v2\/pages\/139\/revisions\/926"}],"wp:attachment":[{"href":"https:\/\/buchholz-software.de\/sv\/wp-json\/wp\/v2\/media?parent=139"}],"curies":[{"name":"wp","href":"https:\/\/api.w.org\/{rel}","templated":true}]}}