{"id":2,"date":"2022-11-25T14:01:27","date_gmt":"2022-11-25T13:01:27","guid":{"rendered":"https:\/\/buchholz-software.de\/?page_id=2"},"modified":"2022-11-25T14:01:27","modified_gmt":"2022-11-25T13:01:27","slug":"exempelsida","status":"publish","type":"page","link":"https:\/\/buchholz-software.de\/sv\/beispiel-seite\/","title":{"rendered":"Exempel p\u00e5 sida"},"content":{"rendered":"<p>Detta \u00e4r ett exempel p\u00e5 en sida. Den skiljer sig fr\u00e5n inl\u00e4gg genom att den alltid ligger kvar p\u00e5 samma st\u00e4lle och visas i webbplatsens navigering (med de flesta teman). De flesta b\u00f6rjar med ett avtryck, sekretesspolicyn eller en \u201eOm oss\u201c-sida f\u00f6r att presentera sig f\u00f6r potentiella bes\u00f6kare p\u00e5 webbplatsen. Det kan till exempel st\u00e5 s\u00e5 h\u00e4r:<\/p>\n\n\n\n<blockquote class=\"wp-block-quote is-layout-flow wp-block-quote-is-layout-flow\"><p>Hej, p\u00e5 dagarna jobbar jag som cykelbud, p\u00e5 kv\u00e4llarna \u00e4r jag en blivande sk\u00e5despelare och det h\u00e4r \u00e4r min hemsida. Jag bor i Berlin, har en stor hund som heter Jack, gillar pi\u00f1a coladas men inte lika mycket att bli l\u00e4mnad ute i regnet (utan paraply).<\/p><\/blockquote>\n\n\n\n<p>...eller n\u00e5got liknande:<\/p>\n\n\n\n<blockquote class=\"wp-block-quote is-layout-flow wp-block-quote-is-layout-flow\"><p>F\u00f6retaget XYZ grundades 1971 och har sedan dess f\u00f6rsett allm\u00e4nheten med h\u00f6gkvalitativa produkter. F\u00f6retaget ligger i en liten stad och syssels\u00e4tter \u00f6ver 2.000 personer och st\u00f6der stadens inv\u00e5nare p\u00e5 m\u00e5nga s\u00e4tt.<\/p><\/blockquote>\n\n\n\n<p>Som ny anv\u00e4ndare av WordPress b\u00f6r du <a href=\"https:\/\/buchholz-software.de\/wp-admin\/\">din instrumentpanel<\/a> f\u00f6r att ta bort den h\u00e4r sidan och skapa nya sidor och inl\u00e4gg f\u00f6r din webbplats. Ha det s\u00e5 roligt!<\/p>","protected":false},"excerpt":{"rendered":"<p>Dies ist eine Beispiel-Seite. Sie unterscheidet sich von Beitr\u00e4gen, da sie stets an derselben Stelle bleibt und (bei den meisten Themes) in der Website-Navigation angezeigt wird. Die meisten starten mit einem Impressum, der Datenschutzerkl\u00e4rung oder einer \u201e\u00dcber\u00a0uns\u201c-Seite, um sich potenziellen Besuchern der Website vorzustellen. Dort k\u00f6nnte zum Beispiel stehen: Hallo! Tags\u00fcber arbeite ich als Fahrradkurier, [&hellip;]<\/p>\n","protected":false},"author":1,"featured_media":0,"parent":0,"menu_order":0,"comment_status":"closed","ping_status":"open","template":"","meta":{"footnotes":""},"class_list":["post-2","page","type-page","status-publish","hentry"],"_links":{"self":[{"href":"https:\/\/buchholz-software.de\/sv\/wp-json\/wp\/v2\/pages\/2","targetHints":{"allow":["GET"]}}],"collection":[{"href":"https:\/\/buchholz-software.de\/sv\/wp-json\/wp\/v2\/pages"}],"about":[{"href":"https:\/\/buchholz-software.de\/sv\/wp-json\/wp\/v2\/types\/page"}],"author":[{"embeddable":true,"href":"https:\/\/buchholz-software.de\/sv\/wp-json\/wp\/v2\/users\/1"}],"replies":[{"embeddable":true,"href":"https:\/\/buchholz-software.de\/sv\/wp-json\/wp\/v2\/comments?post=2"}],"version-history":[{"count":0,"href":"https:\/\/buchholz-software.de\/sv\/wp-json\/wp\/v2\/pages\/2\/revisions"}],"wp:attachment":[{"href":"https:\/\/buchholz-software.de\/sv\/wp-json\/wp\/v2\/media?parent=2"}],"curies":[{"name":"wp","href":"https:\/\/api.w.org\/{rel}","templated":true}]}}