{"id":286,"date":"2022-11-28T17:37:06","date_gmt":"2022-11-28T16:37:06","guid":{"rendered":"https:\/\/buchholz-software.de\/?page_id=286"},"modified":"2025-12-09T08:26:06","modified_gmt":"2025-12-09T07:26:06","slug":"buchholz-programvara-2","status":"publish","type":"page","link":"https:\/\/buchholz-software.de\/sv\/buchholz-software-2\/","title":{"rendered":"Buchholz programvara"},"content":{"rendered":"<div data-elementor-type=\"wp-page\" data-elementor-id=\"286\" class=\"elementor elementor-286\" data-elementor-post-type=\"page\">\n\t\t\t\t\t\t<section class=\"elementor-section elementor-top-section elementor-element elementor-element-5251c78 elementor-section-boxed elementor-section-height-default elementor-section-height-default\" data-id=\"5251c78\" data-element_type=\"section\" data-e-type=\"section\">\n\t\t\t\t\t\t<div class=\"elementor-container elementor-column-gap-default\">\n\t\t\t\t\t<div class=\"elementor-column elementor-col-100 elementor-top-column elementor-element elementor-element-9a66b49\" data-id=\"9a66b49\" data-element_type=\"column\" data-e-type=\"column\">\n\t\t\t<div class=\"elementor-widget-wrap elementor-element-populated\">\n\t\t\t\t\t\t<div class=\"elementor-element elementor-element-8c05980 elementor-widget elementor-widget-text-editor\" data-id=\"8c05980\" data-element_type=\"widget\" data-e-type=\"widget\" data-widget_type=\"text-editor.default\">\n\t\t\t\t<div class=\"elementor-widget-container\">\n\t\t\t\t\t\t\t\t\t<p>Buchholz programvara<\/p>\t\t\t\t\t\t\t\t<\/div>\n\t\t\t\t<\/div>\n\t\t\t\t\t<\/div>\n\t\t<\/div>\n\t\t\t\t\t<\/div>\n\t\t<\/section>\n\t\t\t\t<section class=\"elementor-section elementor-top-section elementor-element elementor-element-2b731d3 elementor-section-boxed elementor-section-height-default elementor-section-height-default\" data-id=\"2b731d3\" data-element_type=\"section\" data-e-type=\"section\">\n\t\t\t\t\t\t<div class=\"elementor-container elementor-column-gap-default\">\n\t\t\t\t\t<div class=\"elementor-column elementor-col-100 elementor-top-column elementor-element elementor-element-42399c7\" data-id=\"42399c7\" data-element_type=\"column\" data-e-type=\"column\">\n\t\t\t<div class=\"elementor-widget-wrap elementor-element-populated\">\n\t\t\t\t\t\t<section class=\"elementor-section elementor-inner-section elementor-element elementor-element-ab60679 elementor-section-full_width elementor-section-height-default elementor-section-height-default\" data-id=\"ab60679\" data-element_type=\"section\" data-e-type=\"section\">\n\t\t\t\t\t\t<div class=\"elementor-container elementor-column-gap-default\">\n\t\t\t\t\t<div class=\"elementor-column elementor-col-50 elementor-inner-column elementor-element elementor-element-839a780\" data-id=\"839a780\" data-element_type=\"column\" data-e-type=\"column\">\n\t\t\t<div class=\"elementor-widget-wrap elementor-element-populated\">\n\t\t\t\t\t\t<div class=\"elementor-element elementor-element-395d3f4 elementor-widget__width-initial elementor-widget elementor-widget-image\" data-id=\"395d3f4\" data-element_type=\"widget\" data-e-type=\"widget\" data-widget_type=\"image.default\">\n\t\t\t\t<div class=\"elementor-widget-container\">\n\t\t\t\t\t\t\t\t\t\t\t\t\t\t\t<img loading=\"lazy\" decoding=\"async\" width=\"224\" height=\"300\" src=\"https:\/\/buchholz-software.de\/wp-content\/uploads\/2024\/07\/HB-224x300.jpg\" class=\"attachment-medium size-medium wp-image-427\" alt=\"\" srcset=\"https:\/\/buchholz-software.de\/wp-content\/uploads\/2024\/07\/HB-224x300.jpg 224w, https:\/\/buchholz-software.de\/wp-content\/uploads\/2024\/07\/HB-765x1024.jpg 765w, https:\/\/buchholz-software.de\/wp-content\/uploads\/2024\/07\/HB-768x1029.jpg 768w, https:\/\/buchholz-software.de\/wp-content\/uploads\/2024\/07\/HB-9x12.jpg 9w, https:\/\/buchholz-software.de\/wp-content\/uploads\/2024\/07\/HB.jpg 896w\" sizes=\"auto, (max-width: 224px) 100vw, 224px\" \/>\t\t\t\t\t\t\t\t\t\t\t\t\t\t\t<\/div>\n\t\t\t\t<\/div>\n\t\t\t\t\t<\/div>\n\t\t<\/div>\n\t\t\t\t<div class=\"elementor-column elementor-col-50 elementor-inner-column elementor-element elementor-element-9ed271c\" data-id=\"9ed271c\" data-element_type=\"column\" data-e-type=\"column\">\n\t\t\t<div class=\"elementor-widget-wrap elementor-element-populated\">\n\t\t\t\t\t\t<div class=\"elementor-element elementor-element-e42b0a8 elementor-widget elementor-widget-text-editor\" data-id=\"e42b0a8\" data-element_type=\"widget\" data-e-type=\"widget\" data-widget_type=\"text-editor.default\">\n\t\t\t\t<div class=\"elementor-widget-container\">\n\t\t\t\t\t\t\t\t\t<p>Haiko Buchholz VD<\/p>\t\t\t\t\t\t\t\t<\/div>\n\t\t\t\t<\/div>\n\t\t\t\t<div class=\"elementor-element elementor-element-dab3cc6 elementor-widget elementor-widget-text-editor\" data-id=\"dab3cc6\" data-element_type=\"widget\" data-e-type=\"widget\" data-widget_type=\"text-editor.default\">\n\t\t\t\t<div class=\"elementor-widget-container\">\n\t\t\t\t\t\t\t\t\t<ul><li>F\u00f6dd: 1963, Rostock<\/li><li>Studieinriktning: Dipl.-Ing. Kommunikationsteknik<\/li><li>Egenf\u00f6retagare sedan 1994<\/li><li>Certifierad dataskyddskonsult (T\u00dcV Nord)<\/li><li>Certifierad dataskyddsrevisor (T\u00dcV Rheinland)<\/li><li>Certifierad specialist p\u00e5 informationss\u00e4kerhet (CISSP, ISC\u00b2)<\/li><li>Certifierad informationss\u00e4kerhetsansvarig (T\u00dcV Nord)<\/li><li>Certifierad expert f\u00f6r informations- och telekommunikationssystem (DESAG)<\/li><\/ul>\t\t\t\t\t\t\t\t<\/div>\n\t\t\t\t<\/div>\n\t\t\t\t\t<\/div>\n\t\t<\/div>\n\t\t\t\t\t<\/div>\n\t\t<\/section>\n\t\t\t\t\t<\/div>\n\t\t<\/div>\n\t\t\t\t\t<\/div>\n\t\t<\/section>\n\t\t\t\t<section class=\"elementor-section elementor-top-section elementor-element elementor-element-c262ee6 elementor-section-boxed elementor-section-height-default elementor-section-height-default\" data-id=\"c262ee6\" data-element_type=\"section\" data-e-type=\"section\">\n\t\t\t\t\t\t<div class=\"elementor-container elementor-column-gap-default\">\n\t\t\t\t\t<div class=\"elementor-column elementor-col-100 elementor-top-column elementor-element elementor-element-9467742\" data-id=\"9467742\" data-element_type=\"column\" data-e-type=\"column\">\n\t\t\t<div class=\"elementor-widget-wrap elementor-element-populated\">\n\t\t\t\t\t\t<div class=\"elementor-element elementor-element-d790ef5 elementor-widget elementor-widget-image\" data-id=\"d790ef5\" data-element_type=\"widget\" data-e-type=\"widget\" data-widget_type=\"image.default\">\n\t\t\t\t<div class=\"elementor-widget-container\">\n\t\t\t\t\t\t\t\t\t\t\t\t\t\t\t<img loading=\"lazy\" decoding=\"async\" width=\"240\" height=\"62\" src=\"https:\/\/buchholz-software.de\/wp-content\/uploads\/2022\/11\/cropped-HBS-e1669381682422.png\" class=\"attachment-medium size-medium wp-image-7\" alt=\"\" \/>\t\t\t\t\t\t\t\t\t\t\t\t\t\t\t<\/div>\n\t\t\t\t<\/div>\n\t\t\t\t<div class=\"elementor-element elementor-element-87dba1b elementor-widget elementor-widget-text-editor\" data-id=\"87dba1b\" data-element_type=\"widget\" data-e-type=\"widget\" data-widget_type=\"text-editor.default\">\n\t\t\t\t<div class=\"elementor-widget-container\">\n\t\t\t\t\t\t\t\t\t<p>Fr\u00e5n id\u00e9 till produkt<\/p>\t\t\t\t\t\t\t\t<\/div>\n\t\t\t\t<\/div>\n\t\t\t\t<section class=\"elementor-section elementor-inner-section elementor-element elementor-element-4319be9 elementor-section-full_width elementor-section-height-default elementor-section-height-default\" data-id=\"4319be9\" data-element_type=\"section\" data-e-type=\"section\">\n\t\t\t\t\t\t<div class=\"elementor-container elementor-column-gap-no\">\n\t\t\t\t\t<div class=\"elementor-column elementor-col-50 elementor-inner-column elementor-element elementor-element-26f4cef\" data-id=\"26f4cef\" data-element_type=\"column\" data-e-type=\"column\">\n\t\t\t<div class=\"elementor-widget-wrap elementor-element-populated\">\n\t\t\t\t\t\t<div class=\"elementor-element elementor-element-f2979db elementor-widget elementor-widget-text-editor\" data-id=\"f2979db\" data-element_type=\"widget\" data-e-type=\"widget\" data-widget_type=\"text-editor.default\">\n\t\t\t\t<div class=\"elementor-widget-container\">\n\t\t\t\t\t\t\t\t\t<p>Marknaden \u00e4r inte m\u00e4ttad. Det borde inte vara n\u00e5got problem att hitta programvara som t\u00e4cker b\u00e5de dataskydds- och informationss\u00e4kerhetsbehoven hos f\u00f6retag i alla storlekar, som tj\u00e4nar f\u00f6retagets intressen och de m\u00e4nniskor som arbetar d\u00e4r eller som f\u00f6retaget arbetar f\u00f6r. Minimikraven l\u00e5ter relativt enkla:<\/p>\t\t\t\t\t\t\t\t<\/div>\n\t\t\t\t<\/div>\n\t\t\t\t<div class=\"elementor-element elementor-element-e55c120 elementor-widget elementor-widget-text-editor\" data-id=\"e55c120\" data-element_type=\"widget\" data-e-type=\"widget\" data-widget_type=\"text-editor.default\">\n\t\t\t\t<div class=\"elementor-widget-container\">\n\t\t\t\t\t\t\t\t\t<ul><li>Dokumentation av aff\u00e4rsprocesser<\/li><li>Registrering av relevanta tillg\u00e5ngar (system, avtal, programvara, firmware, versioner, licenser, patent, byggnader, kunskap, infrastruktur, ...)<\/li><li>Beskrivning av typ och omfattning av databehandling<\/li><li>Trov\u00e4rdig, reproducerbar och fullst\u00e4ndig riskidentifiering (effekter av fel, sannolikhet f\u00f6r f\u00f6rekomst, anv\u00e4ndning av \u00e5tg\u00e4rder med motivering, kvarst\u00e5ende risker)<\/li><li>Processer f\u00f6r rutinuppgifter och f\u00f6r att kontrollera att \u00e5tg\u00e4rder \u00e4r effektiva (PDCA)<\/li><li>Uppt\u00e4ckt och hantering av s\u00e5rbarheter i realtid<\/li><li>Status f\u00f6r motst\u00e5ndskraft mot olika attackscenarier<\/li><li>uppfyllande av kraven f\u00f6r att \u201es\u00e4kerst\u00e4lla en h\u00f6g gemensam s\u00e4kerhetsniv\u00e5 f\u00f6r n\u00e4tverks- och informationssystem i hela unionen\u201c (NIS 2)<\/li><li>Uppfyllande av kraven i GDPR<\/li><li>Samordning av riskhanteringen f\u00f6r dataskydd och informationss\u00e4kerhet<\/li><\/ul>\t\t\t\t\t\t\t\t<\/div>\n\t\t\t\t<\/div>\n\t\t\t\t<div class=\"elementor-element elementor-element-8ebaecd elementor-widget elementor-widget-text-editor\" data-id=\"8ebaecd\" data-element_type=\"widget\" data-e-type=\"widget\" data-widget_type=\"text-editor.default\">\n\t\t\t\t<div class=\"elementor-widget-container\">\n\t\t\t\t\t\t\t\t\t<p>ANYA GRC skapades eftersom det inte fanns n\u00e5gon programvara p\u00e5 marknaden som kunde uppfylla dessa krav i kombination.&nbsp;<\/p>\t\t\t\t\t\t\t\t<\/div>\n\t\t\t\t<\/div>\n\t\t\t\t\t<\/div>\n\t\t<\/div>\n\t\t\t\t<div class=\"elementor-column elementor-col-50 elementor-inner-column elementor-element elementor-element-35b5552\" data-id=\"35b5552\" data-element_type=\"column\" data-e-type=\"column\">\n\t\t\t<div class=\"elementor-widget-wrap\">\n\t\t\t\t\t\t\t<\/div>\n\t\t<\/div>\n\t\t\t\t\t<\/div>\n\t\t<\/section>\n\t\t\t\t\t<\/div>\n\t\t<\/div>\n\t\t\t\t\t<\/div>\n\t\t<\/section>\n\t\t\t\t<\/div>","protected":false},"excerpt":{"rendered":"<p>Buchholz Software Haiko Buchholz CEO Geboren: 1963, Rostock Studium: Dipl.-Ing. Kommunikationstechnik selbst\u00e4ndig seit 1994 Zertifizierter Datenschutzberater (T\u00dcV Nord) Zertifizierter Datenschutzauditor (T\u00dcV Rheinland) Zertifizierter Fachmann f\u00fcr Informationssicherheit (CISSP, ISC\u00b2) Zertifizierter Information Security Officer (T\u00dcV Nord) Gepr\u00fcfter Sachverst\u00e4ndiger f\u00fcr Informations- und Telekommunikationssysteme (DESAG) Von der Idee zum Produkt Der Markt ist nicht ges\u00e4ttigt. Da sollte es doch [&hellip;]<\/p>\n","protected":false},"author":1,"featured_media":0,"parent":0,"menu_order":0,"comment_status":"closed","ping_status":"closed","template":"","meta":{"footnotes":""},"class_list":["post-286","page","type-page","status-publish","hentry"],"_links":{"self":[{"href":"https:\/\/buchholz-software.de\/sv\/wp-json\/wp\/v2\/pages\/286","targetHints":{"allow":["GET"]}}],"collection":[{"href":"https:\/\/buchholz-software.de\/sv\/wp-json\/wp\/v2\/pages"}],"about":[{"href":"https:\/\/buchholz-software.de\/sv\/wp-json\/wp\/v2\/types\/page"}],"author":[{"embeddable":true,"href":"https:\/\/buchholz-software.de\/sv\/wp-json\/wp\/v2\/users\/1"}],"replies":[{"embeddable":true,"href":"https:\/\/buchholz-software.de\/sv\/wp-json\/wp\/v2\/comments?post=286"}],"version-history":[{"count":26,"href":"https:\/\/buchholz-software.de\/sv\/wp-json\/wp\/v2\/pages\/286\/revisions"}],"predecessor-version":[{"id":1742,"href":"https:\/\/buchholz-software.de\/sv\/wp-json\/wp\/v2\/pages\/286\/revisions\/1742"}],"wp:attachment":[{"href":"https:\/\/buchholz-software.de\/sv\/wp-json\/wp\/v2\/media?parent=286"}],"curies":[{"name":"wp","href":"https:\/\/api.w.org\/{rel}","templated":true}]}}