{"id":339,"date":"2024-07-18T13:58:59","date_gmt":"2024-07-18T11:58:59","guid":{"rendered":"https:\/\/buchholz-software.de\/?page_id=339"},"modified":"2024-07-26T14:34:26","modified_gmt":"2024-07-26T12:34:26","slug":"nagon","status":"publish","type":"page","link":"https:\/\/buchholz-software.de\/sv\/anyva\/","title":{"rendered":"Anyva"},"content":{"rendered":"<div data-elementor-type=\"wp-page\" data-elementor-id=\"339\" class=\"elementor elementor-339\" data-elementor-post-type=\"page\">\n\t\t\t\t\t\t<section class=\"elementor-section elementor-top-section elementor-element elementor-element-5ddaf72 elementor-section-boxed elementor-section-height-default elementor-section-height-default\" data-id=\"5ddaf72\" data-element_type=\"section\" data-e-type=\"section\">\n\t\t\t\t\t\t<div class=\"elementor-container elementor-column-gap-default\">\n\t\t\t\t\t<div class=\"elementor-column elementor-col-100 elementor-top-column elementor-element elementor-element-e40c161\" data-id=\"e40c161\" data-element_type=\"column\" data-e-type=\"column\">\n\t\t\t<div class=\"elementor-widget-wrap elementor-element-populated\">\n\t\t\t\t\t\t<section class=\"elementor-section elementor-inner-section elementor-element elementor-element-150408b elementor-section-boxed elementor-section-height-default elementor-section-height-default\" data-id=\"150408b\" data-element_type=\"section\" data-e-type=\"section\">\n\t\t\t\t\t\t<div class=\"elementor-container elementor-column-gap-default\">\n\t\t\t\t\t<div class=\"elementor-column elementor-col-100 elementor-inner-column elementor-element elementor-element-50afa44\" data-id=\"50afa44\" data-element_type=\"column\" data-e-type=\"column\">\n\t\t\t<div class=\"elementor-widget-wrap elementor-element-populated\">\n\t\t\t\t\t\t<div class=\"elementor-element elementor-element-ef18273 elementor-widget elementor-widget-heading\" data-id=\"ef18273\" data-element_type=\"widget\" data-e-type=\"widget\" data-widget_type=\"heading.default\">\n\t\t\t\t<div class=\"elementor-widget-container\">\n\t\t\t\t\t<h2 class=\"elementor-heading-title elementor-size-default\">Anyva GRC-svit<\/h2>\t\t\t\t<\/div>\n\t\t\t\t<\/div>\n\t\t\t\t<div class=\"elementor-element elementor-element-660ae02 elementor-widget elementor-widget-image\" data-id=\"660ae02\" data-element_type=\"widget\" data-e-type=\"widget\" data-widget_type=\"image.default\">\n\t\t\t\t<div class=\"elementor-widget-container\">\n\t\t\t\t\t\t\t\t\t\t\t\t\t\t\t\t<a href=\"https:\/\/buchholz-software.de\/wp-content\/uploads\/2024\/07\/Anyva-Englisch-RPA.png\" data-elementor-open-lightbox=\"yes\" data-elementor-lightbox-title=\"Anyva Englisch RPA\" data-e-action-hash=\"#elementor-action%3Aaction%3Dlightbox%26settings%3DeyJpZCI6MzU3LCJ1cmwiOiJodHRwczpcL1wvYnVjaGhvbHotc29mdHdhcmUuZGVcL3dwLWNvbnRlbnRcL3VwbG9hZHNcLzIwMjRcLzA3XC9Bbnl2YS1FbmdsaXNjaC1SUEEucG5nIn0%3D\">\n\t\t\t\t\t\t\t<img loading=\"lazy\" decoding=\"async\" width=\"800\" height=\"363\" src=\"https:\/\/buchholz-software.de\/wp-content\/uploads\/2024\/07\/Anyva-Englisch-RPA-1024x465.png\" class=\"attachment-large size-large wp-image-357\" alt=\"\" srcset=\"https:\/\/buchholz-software.de\/wp-content\/uploads\/2024\/07\/Anyva-Englisch-RPA-1024x465.png 1024w, https:\/\/buchholz-software.de\/wp-content\/uploads\/2024\/07\/Anyva-Englisch-RPA-300x136.png 300w, https:\/\/buchholz-software.de\/wp-content\/uploads\/2024\/07\/Anyva-Englisch-RPA-768x348.png 768w, https:\/\/buchholz-software.de\/wp-content\/uploads\/2024\/07\/Anyva-Englisch-RPA-1536x697.png 1536w, https:\/\/buchholz-software.de\/wp-content\/uploads\/2024\/07\/Anyva-Englisch-RPA-18x8.png 18w, https:\/\/buchholz-software.de\/wp-content\/uploads\/2024\/07\/Anyva-Englisch-RPA.png 1911w\" sizes=\"auto, (max-width: 800px) 100vw, 800px\" \/>\t\t\t\t\t\t\t\t<\/a>\n\t\t\t\t\t\t\t\t\t\t\t\t\t\t\t<\/div>\n\t\t\t\t<\/div>\n\t\t\t\t<div class=\"elementor-element elementor-element-25dd700 elementor-widget elementor-widget-text-editor\" data-id=\"25dd700\" data-element_type=\"widget\" data-e-type=\"widget\" data-widget_type=\"text-editor.default\">\n\t\t\t\t<div class=\"elementor-widget-container\">\n\t\t\t\t\t\t\t\t\t<p style=\"text-align: center;\">Anyva GRC-svit <\/p>\t\t\t\t\t\t\t\t<\/div>\n\t\t\t\t<\/div>\n\t\t\t\t\t<\/div>\n\t\t<\/div>\n\t\t\t\t\t<\/div>\n\t\t<\/section>\n\t\t\t\t\t<\/div>\n\t\t<\/div>\n\t\t\t\t\t<\/div>\n\t\t<\/section>\n\t\t\t\t<section class=\"elementor-section elementor-top-section elementor-element elementor-element-e255d66 elementor-section-boxed elementor-section-height-default elementor-section-height-default\" data-id=\"e255d66\" data-element_type=\"section\" data-e-type=\"section\">\n\t\t\t\t\t\t<div class=\"elementor-container elementor-column-gap-default\">\n\t\t\t\t\t<div class=\"elementor-column elementor-col-100 elementor-top-column elementor-element elementor-element-85171b1\" data-id=\"85171b1\" data-element_type=\"column\" data-e-type=\"column\">\n\t\t\t<div class=\"elementor-widget-wrap elementor-element-populated\">\n\t\t\t\t\t\t<div class=\"elementor-element elementor-element-be44473 elementor-widget elementor-widget-text-editor\" data-id=\"be44473\" data-element_type=\"widget\" data-e-type=\"widget\" data-widget_type=\"text-editor.default\">\n\t\t\t\t<div class=\"elementor-widget-container\">\n\t\t\t\t\t\t\t\t\t<h3 style=\"text-align: center;\"><span style=\"color: #666699;\"><strong>Skydd av personuppgifter<\/strong><\/span><\/h3><p style=\"text-align: center;\">\u2705 <strong>Organisation f\u00f6r dataskydd<\/strong><br \/>(anv\u00e4ndar- och r\u00e4ttighetshantering, ansvar, riskstatus, implementeringsstatus, utv\u00e4rderingar, checklistor, \u00e4renden, uppgifts\u00f6versikt, revisioner, fellistor, deadlines, rapporter, riktlinjer, manualer, koncept, m\u00e5l, utbildning och vidareutbildning, raderingskoncept, PDCA-cykler, sekretessavtal, dokumentkontroll)<\/p><p style=\"text-align: center;\">\u2705<strong>Register \u00f6ver behandlingsaktiviteter (VVT)<\/strong><br \/>(ansvar, beskrivning, laglighet, \u00e4ndam\u00e5l, \u00e4ndam\u00e5lsbegr\u00e4nsning, raderingsregler, vidarebefordran, data- och personkategorier, DSFA-tr\u00f6skelv\u00e4rdesanalys, anv\u00e4nda system och s\u00e4kerhet f\u00f6r behandling, behandlingsstatus, status f\u00f6r orderbehandling, riskstatus, TOM, kontroller, tidsfrister, uppgifter, \u00e4renden, m\u00e5nga mallar och mallar, l\u00e4nk till externa dokument, rapport\/export till PDF, DOCX, XLSX, HTML, ...)<\/p><p style=\"text-align: center;\">\u2705 <strong>Konsekvensbed\u00f6mning avseende dataskydd (DPIA)<\/strong><br \/>(Beskrivning, avgr\u00e4nsning, syfte, informationsdiagram, n\u00e4tverksdiagram, kravmoduler, ber\u00f6rda garantim\u00e5l, enskilda krav med risker och effekter, TOM, beskrivning av effekten, sannolikheter f\u00f6r intr\u00e4ffande, riskmatriser med och utan TOM, kvarst\u00e5ende risk, \u00f6ppna \u00e5tg\u00e4rder, deadlines, tickets, reviews, DPO statement, PDCA-cykler, l\u00e4nk till externa dokument, rapport\/export till PDF, DOCX, XLSX, HTML, ...)<\/p><p style=\"text-align: center;\">\u2705 <strong>Dataskyddsombud (DPO)<\/strong><br \/>(utn\u00e4mning och bevis p\u00e5 anm\u00e4lan, bevis p\u00e5 expertis, intressekonflikter, uttalanden, utbildning och samr\u00e5d, tidsregistrering, m\u00f6tesprotokoll, korrespondens med myndigheter och ber\u00f6rda personer, uppf\u00f6ljning av tidsfrister, revisionsloggar med fellistor och behandlingsstatus) <\/p><p style=\"text-align: center;\">\u2705 <strong>Ber\u00f6rda personer<\/strong><br \/>(registrering av klagom\u00e5l och ut\u00f6vande av r\u00e4ttigheter, dokumentation av identifiering, information, r\u00e4ttelser, raderingar, inv\u00e4ndningar, beg\u00e4ran om \u00f6verf\u00f6ring, loggning och sp\u00e5rning av tidsfrister, kommunikation med registrerade, hantering av samtycke) <\/p><p style=\"text-align: center;\">\u2705 <strong>Dataintr\u00e5ng<\/strong><br \/>(dokumentation, anm\u00e4lan till tillsynsmyndigheter, kommunikation med registrerade, korrigerande \u00e5tg\u00e4rder, bevis p\u00e5 effektivitet, biljetter, tidsfrister, uppgifter) <\/p><p style=\"text-align: center;\">\u2705 <strong>Orderhantering<\/strong><br \/>(dokumentation av orderbehandlingsavtal, revisionskriterier f\u00f6r processorer, revisionskriterier f\u00f6r orderbehandlingsavtal, regelbundna granskningar, \u00e4renden, tidsfrister, uppgifter)<\/p>\t\t\t\t\t\t\t\t<\/div>\n\t\t\t\t<\/div>\n\t\t\t\t<div class=\"elementor-element elementor-element-0917bef elementor-widget elementor-widget-text-editor\" data-id=\"0917bef\" data-element_type=\"widget\" data-e-type=\"widget\" data-widget_type=\"text-editor.default\">\n\t\t\t\t<div class=\"elementor-widget-container\">\n\t\t\t\t\t\t\t\t\t<h3 style=\"text-align: center;\"><span style=\"color: #666699;\"><strong>Informationss\u00e4kerhet<\/strong><\/span><\/h3><div style=\"text-align: center;\">\u2705 <strong>Organisation<\/strong><br \/>(anv\u00e4ndar- och r\u00e4ttighetshantering, ansvar, riskstatus, implementeringsstatus, utv\u00e4rderingar, checklistor, \u00e4renden, uppgifts\u00f6versikt, revisioner, fellistor, deadlines, rapporter, riktlinjer, manualer, koncept, m\u00e5l, utbildning och vidareutbildning, PDCA-cykler, sekretessavtal, dokumentkontroll)<\/div><div style=\"text-align: center;\">\u00a0<\/div><p style=\"text-align: center;\">\u2705<strong>BSI grundl\u00e4ggande skydd<\/strong><br \/>(koncept och planering, riktlinjer, direktiv, ansvar, avgr\u00e4nsningar, aff\u00e4rsprocesser, resurser, strukturanalys, fastst\u00e4llande av skyddskrav, modellering, riskanalys, kontinuerlig f\u00f6rb\u00e4ttring (PDCA), revisionsplaner, revisionsresultat, fellistor med behandlingsstatus)<\/p><p style=\"text-align: center;\">\u2705<strong>ISO 27001<\/strong><br \/>(Koncept och planering, riktlinjer, policyer, ansvar, avgr\u00e4nsningar, tillg\u00e5ngar och resurser, riskanalys, analys av skyddsbehov, SOA, riskhantering, kontinuerlig f\u00f6rb\u00e4ttring (PDCA), revisionsplaner, revisionsresultat, fellistor med behandlingsstatus)<\/p>\t\t\t\t\t\t\t\t<\/div>\n\t\t\t\t<\/div>\n\t\t\t\t<div class=\"elementor-element elementor-element-8a2767e elementor-widget elementor-widget-text-editor\" data-id=\"8a2767e\" data-element_type=\"widget\" data-e-type=\"widget\" data-widget_type=\"text-editor.default\">\n\t\t\t\t<div class=\"elementor-widget-container\">\n\t\t\t\t\t\t\t\t\t<h3 style=\"text-align: center;\"><span style=\"color: #666699;\"><strong>F\u00f6rvaltning av tillg\u00e5ngar<br \/><\/strong><\/span><\/h3><div style=\"text-align: center;\">\u2705 <strong>Tillg\u00e5ngar<\/strong><br \/>(namn, status, tillverkare, serienummer, foto, BYD, leverant\u00f6r, kostnader, amortering, riskstatus, meddelandegrupp, s\u00e5rbarhetskontroll)<\/div><div style=\"text-align: center;\">\u00a0<\/div><p style=\"text-align: center;\">\u2705<strong>Tekniska system<\/strong><br \/>(Namn och beskrivning, riskstatus, s\u00e5rbarhetsanalys, f\u00f6rteckning \u00f6ver tillg\u00e5ngar, tillh\u00f6rande DSMS-behandlingsaktiviteter)<\/p><p style=\"text-align: center;\">\u2705<strong>M\u00e5lgrupper f\u00f6r objekt<\/strong><br \/>(F\u00f6rteckning \u00f6ver tekniska system, riskstatus, tillh\u00f6rande aff\u00e4rsprocesser f\u00f6r ISMS)<\/p>\t\t\t\t\t\t\t\t<\/div>\n\t\t\t\t<\/div>\n\t\t\t\t<div class=\"elementor-element elementor-element-24c9671 elementor-widget elementor-widget-text-editor\" data-id=\"24c9671\" data-element_type=\"widget\" data-e-type=\"widget\" data-widget_type=\"text-editor.default\">\n\t\t\t\t<div class=\"elementor-widget-container\">\n\t\t\t\t\t\t\t\t\t<h3 style=\"text-align: center;\"><span style=\"color: #666699;\"><strong>Hantering av s\u00e5rbarheter<br><\/strong><\/span><\/h3>\n<div style=\"text-align: center;\">\u2705 <strong>CVE-databas<\/strong><br>(Uppdatering varje timme av den lokala kopian av MITRE CVE&nbsp;<\/div>\n<div style=\"text-align: center;\">databas f\u00f6r s\u00e5rbarheter)<\/div>\n<div style=\"text-align: center;\">&nbsp;<\/div>\n<p style=\"text-align: center;\">\u2705<strong>CveCheckups<\/strong><br>(Kontroll av alla tillg\u00e5ngar i tillg\u00e5ngsdatabasen mot nya CVE-dataposter och underr\u00e4ttelse till kontrollgruppen, relevanskontroll)<\/p>\n<p style=\"text-align: center;\">\u2705<strong>S\u00e5rbarheter<\/strong><br>(S\u00e5rbarhetshantering f\u00f6r tillg\u00e5ngar, delegering av behandlingsstatus till tillh\u00f6rande tekniska system, behandlingsaktiviteter (DSMS) och aff\u00e4rsprocesser (ISMS), sp\u00e5rning av s\u00e5rbarhetsbehandlingsstatus, rapport och ledningens granskning, \u00e4renden, uppgifter, tidsfrister, PDCA-cykler)<br><\/p>\t\t\t\t\t\t\t\t<\/div>\n\t\t\t\t<\/div>\n\t\t\t\t\t<\/div>\n\t\t<\/div>\n\t\t\t\t\t<\/div>\n\t\t<\/section>\n\t\t\t\t<\/div>","protected":false},"excerpt":{"rendered":"<p>Anyva GRC Suite Anyva GRC Suite Datenschutz \u2705 Datenschutzorganisation(Benutzer- und Rechteverwaltung, Verantwortlichkeiten, Risikostatus, Umsetzungsstatus, Bewertungen, Checklisten, Tickets, Aufgaben\u00fcbersicht, Audits, Fehlerlisten, Termine, Berichte, Richtlinien, Handb\u00fccher, Konzepte, Ziele, Schulungen und Weiterbildungen, L\u00f6schkonzepte, PDCA Zyklen, Vertraulichkeitsvereinbarungen, Dokumentenlenkung) \u2705Verzeichnis der Verarbeitungst\u00e4tigkeiten (VVT)(Verantworlichkeit, Beschreibung, Rechtm\u00e4\u00dfigkeit, Zwecke, Zweckbindung, L\u00f6schregeln, Weitergabe, Daten- und Personenkategorien, DSFA Schwellwertanalyse, eingesetzte Systeme und Sicherheit der Verarbeitung, [&hellip;]<\/p>\n","protected":false},"author":1,"featured_media":0,"parent":0,"menu_order":0,"comment_status":"closed","ping_status":"closed","template":"","meta":{"footnotes":""},"class_list":["post-339","page","type-page","status-publish","hentry"],"_links":{"self":[{"href":"https:\/\/buchholz-software.de\/sv\/wp-json\/wp\/v2\/pages\/339","targetHints":{"allow":["GET"]}}],"collection":[{"href":"https:\/\/buchholz-software.de\/sv\/wp-json\/wp\/v2\/pages"}],"about":[{"href":"https:\/\/buchholz-software.de\/sv\/wp-json\/wp\/v2\/types\/page"}],"author":[{"embeddable":true,"href":"https:\/\/buchholz-software.de\/sv\/wp-json\/wp\/v2\/users\/1"}],"replies":[{"embeddable":true,"href":"https:\/\/buchholz-software.de\/sv\/wp-json\/wp\/v2\/comments?post=339"}],"version-history":[{"count":48,"href":"https:\/\/buchholz-software.de\/sv\/wp-json\/wp\/v2\/pages\/339\/revisions"}],"predecessor-version":[{"id":977,"href":"https:\/\/buchholz-software.de\/sv\/wp-json\/wp\/v2\/pages\/339\/revisions\/977"}],"wp:attachment":[{"href":"https:\/\/buchholz-software.de\/sv\/wp-json\/wp\/v2\/media?parent=339"}],"curies":[{"name":"wp","href":"https:\/\/api.w.org\/{rel}","templated":true}]}}