{"id":928,"date":"2025-03-18T11:18:03","date_gmt":"2025-03-18T10:18:03","guid":{"rendered":"https:\/\/buchholz-software.de\/?page_id=928"},"modified":"2025-03-18T11:57:16","modified_gmt":"2025-03-18T10:57:16","slug":"varfoer-nagon","status":"publish","type":"page","link":"https:\/\/buchholz-software.de\/sv\/warum-anyva\/","title":{"rendered":"Varf\u00f6r Anyva"},"content":{"rendered":"<div data-elementor-type=\"wp-page\" data-elementor-id=\"928\" class=\"elementor elementor-928\" data-elementor-post-type=\"page\">\n\t\t\t\t\t\t<section class=\"elementor-section elementor-top-section elementor-element elementor-element-c29d8fc elementor-section-boxed elementor-section-height-default elementor-section-height-default\" data-id=\"c29d8fc\" data-element_type=\"section\" data-e-type=\"section\">\n\t\t\t\t\t\t<div class=\"elementor-container elementor-column-gap-default\">\n\t\t\t\t\t<div class=\"elementor-column elementor-col-100 elementor-top-column elementor-element elementor-element-b5a21f8\" data-id=\"b5a21f8\" data-element_type=\"column\" data-e-type=\"column\">\n\t\t\t<div class=\"elementor-widget-wrap elementor-element-populated\">\n\t\t\t\t\t\t<div class=\"elementor-element elementor-element-8d160a1 elementor-widget elementor-widget-heading\" data-id=\"8d160a1\" data-element_type=\"widget\" data-e-type=\"widget\" data-widget_type=\"heading.default\">\n\t\t\t\t<div class=\"elementor-widget-container\">\n\t\t\t\t\t<h2 class=\"elementor-heading-title elementor-size-default\">Varf\u00f6r Anyva?<\/h2>\t\t\t\t<\/div>\n\t\t\t\t<\/div>\n\t\t\t\t\t<\/div>\n\t\t<\/div>\n\t\t\t\t\t<\/div>\n\t\t<\/section>\n\t\t\t\t<section class=\"elementor-section elementor-top-section elementor-element elementor-element-1b6d2ac elementor-section-boxed elementor-section-height-default elementor-section-height-default\" data-id=\"1b6d2ac\" data-element_type=\"section\" data-e-type=\"section\">\n\t\t\t\t\t\t<div class=\"elementor-container elementor-column-gap-extended\">\n\t\t\t\t\t<div class=\"elementor-column elementor-col-100 elementor-top-column elementor-element elementor-element-47c4954\" data-id=\"47c4954\" data-element_type=\"column\" data-e-type=\"column\">\n\t\t\t<div class=\"elementor-widget-wrap elementor-element-populated\">\n\t\t\t\t\t\t<div class=\"elementor-element elementor-element-81fb1f7 elementor-widget elementor-widget-image\" data-id=\"81fb1f7\" data-element_type=\"widget\" data-e-type=\"widget\" data-widget_type=\"image.default\">\n\t\t\t\t<div class=\"elementor-widget-container\">\n\t\t\t\t\t\t\t\t\t\t\t\t\t\t\t<img loading=\"lazy\" decoding=\"async\" width=\"768\" height=\"469\" src=\"https:\/\/buchholz-software.de\/wp-content\/uploads\/2025\/03\/Anyva-VVT-768x469.png\" class=\"attachment-medium_large size-medium_large wp-image-942\" alt=\"\" srcset=\"https:\/\/buchholz-software.de\/wp-content\/uploads\/2025\/03\/Anyva-VVT-768x469.png 768w, https:\/\/buchholz-software.de\/wp-content\/uploads\/2025\/03\/Anyva-VVT-300x183.png 300w, https:\/\/buchholz-software.de\/wp-content\/uploads\/2025\/03\/Anyva-VVT-1024x626.png 1024w, https:\/\/buchholz-software.de\/wp-content\/uploads\/2025\/03\/Anyva-VVT-18x12.png 18w, https:\/\/buchholz-software.de\/wp-content\/uploads\/2025\/03\/Anyva-VVT.png 1273w\" sizes=\"auto, (max-width: 768px) 100vw, 768px\" \/>\t\t\t\t\t\t\t\t\t\t\t\t\t\t\t<\/div>\n\t\t\t\t<\/div>\n\t\t\t\t<section class=\"elementor-section elementor-inner-section elementor-element elementor-element-eb59b82 elementor-section-boxed elementor-section-height-default elementor-section-height-default\" data-id=\"eb59b82\" data-element_type=\"section\" data-e-type=\"section\">\n\t\t\t\t\t\t<div class=\"elementor-container elementor-column-gap-default\">\n\t\t\t\t\t<div class=\"elementor-column elementor-col-100 elementor-inner-column elementor-element elementor-element-87afada\" data-id=\"87afada\" data-element_type=\"column\" data-e-type=\"column\">\n\t\t\t<div class=\"elementor-widget-wrap elementor-element-populated\">\n\t\t\t\t\t\t<div class=\"elementor-element elementor-element-5c7264b elementor-widget elementor-widget-text-editor\" data-id=\"5c7264b\" data-element_type=\"widget\" data-e-type=\"widget\" data-widget_type=\"text-editor.default\">\n\t\t\t\t<div class=\"elementor-widget-container\">\n\t\t\t\t\t\t\t\t\t<p><span style=\"color: #248eba;\">Under m\u00e5nga \u00e5rs arbete med dataskydd och informationss\u00e4kerhet p\u00e5 olika st\u00f6rre och mindre f\u00f6retag har jag g\u00e5ng p\u00e5 g\u00e5ng h\u00f6rt en och samma mening: \"Vi beh\u00f6ver \u00e4ntligen en mjukvarul\u00f6sning f\u00f6r att rationalisera v\u00e5ra processer f\u00f6r dataskydd och informationss\u00e4kerhet!<\/span><\/p><p><strong><span style=\"color: #248eba;\">Den som vill ha en professionell och integrerad l\u00f6sning f\u00f6r detta arbetsomr\u00e5de m\u00e5ste uppfylla f\u00f6ljande minimikrav:<\/span><\/strong><\/p><ul><li>Enkelt,<strong> Intuitiv<\/strong> <strong>Anv\u00e4ndargr\u00e4nssnitt<\/strong> p\u00e5 f\u00f6retagets, de ansvarigas och de ber\u00f6rdas fackspr\u00e5k, inte p\u00e5 juristernas<br \/><br \/><\/li><li>Uppfyllande av <strong>Dokumentationsskyldigheter<\/strong> inom dataskydd och informationss\u00e4kerhet, s\u00e4rskilt f\u00f6rm\u00e5gan att dokumentera behandlingsaktiviteter fullst\u00e4ndigt och trov\u00e4rdigt och att analysera strukturen f\u00f6r informationss\u00e4kerhet i f\u00f6retaget p\u00e5 grundval av <strong>Aff\u00e4rsprocesser<\/strong> att organisera.<br \/><br \/><\/li><li>att identifiera risker i fr\u00e5ga om dataskydd och informationss\u00e4kerhet p\u00e5 ett fullst\u00e4ndigt, rimligt och reproducerbart s\u00e4tt och att genomf\u00f6ra riskhanteringen i enlighet med <strong>Allm\u00e4nna principer f\u00f6r riskhantering<\/strong> (effekter, sannolikhet f\u00f6r f\u00f6rekomst, \u00e5tg\u00e4rder f\u00f6r att skydda garantim\u00e5len, ...) som ska organiseras<br \/><br \/><\/li><li>M\u00f6jlighet att skapa fullst\u00e4ndiga, rimliga och reproducerbara <strong>Konsekvensbed\u00f6mningar av dataskydd<\/strong> (DPIA), med beaktande av alla omst\u00e4ndigheter kring behandlingen, teknik och garantim\u00e5l i enlighet med standardmodellen f\u00f6r dataskydd (SDM)<br \/><br \/><\/li><li><strong>\u00c5tg\u00e4rder <\/strong>(TOM) f\u00f6r dataskydd och informationss\u00e4kerhet tillsammans, f\u00f6r att kombinera b\u00e5da perspektiven \u201e<strong>f\u00f6rregling<\/strong>\u201c<br \/><br \/><\/li><li>\u00c4kta <strong>Processhantering<\/strong>, Automatiserade meddelanden f\u00f6r incidenter och f\u00f6rfr\u00e5gningar, automatisk schemal\u00e4ggning av \u00e4renden och uppgifter<br \/><br \/><\/li><li><strong>PDCA-cykler<\/strong>, \u00e5terremitteringar, prioriteringar<br \/><br \/><\/li><li><strong>Hantering av s\u00e5rbarheter,<\/strong> Automatiska \u201enotifieringar\u201c och riskreferenser till aff\u00e4rsprocesser och process\u00e4gare i h\u00e4ndelse av obehandlade risker och s\u00e5rbarheter<br \/><br \/><\/li><li>Automatiserad behandling av <strong>F\u00f6rfr\u00e5gningar fr\u00e5n ber\u00f6rda parter<\/strong><br \/><br \/><\/li><li>Tillhandah\u00e5llande av meningsfulla <strong>Mallar och exempel<\/strong><\/li><\/ul><div>\u00a0<\/div>\t\t\t\t\t\t\t\t<\/div>\n\t\t\t\t<\/div>\n\t\t\t\t\t<\/div>\n\t\t<\/div>\n\t\t\t\t\t<\/div>\n\t\t<\/section>\n\t\t\t\t<section class=\"elementor-section elementor-inner-section elementor-element elementor-element-d1859d5 elementor-section-boxed elementor-section-height-default elementor-section-height-default\" data-id=\"d1859d5\" data-element_type=\"section\" data-e-type=\"section\">\n\t\t\t\t\t\t<div class=\"elementor-container elementor-column-gap-default\">\n\t\t\t\t\t<div class=\"elementor-column elementor-col-100 elementor-inner-column elementor-element elementor-element-373af9f\" data-id=\"373af9f\" data-element_type=\"column\" data-e-type=\"column\">\n\t\t\t<div class=\"elementor-widget-wrap elementor-element-populated\">\n\t\t\t\t\t\t<div class=\"elementor-element elementor-element-6f1872a elementor-widget__width-initial elementor-widget elementor-widget-text-editor\" data-id=\"6f1872a\" data-element_type=\"widget\" data-e-type=\"widget\" data-widget_type=\"text-editor.default\">\n\t\t\t\t<div class=\"elementor-widget-container\">\n\t\t\t\t\t\t\t\t\t<p><span style=\"color: #248eba;\">Eftersom det inte gick att hitta en s\u00e5dan l\u00f6sning skapades Anyva. En mjukvarul\u00f6sning, fr\u00e5n praktiken, f\u00f6r praktiken<br \/><strong>p\u00e5 anv\u00e4ndarnas spr\u00e5k.<\/strong><\/span><\/p>\t\t\t\t\t\t\t\t<\/div>\n\t\t\t\t<\/div>\n\t\t\t\t\t<\/div>\n\t\t<\/div>\n\t\t\t\t\t<\/div>\n\t\t<\/section>\n\t\t\t\t\t<\/div>\n\t\t<\/div>\n\t\t\t\t\t<\/div>\n\t\t<\/section>\n\t\t\t\t<\/div>","protected":false},"excerpt":{"rendered":"<p>Warum Anyva? In den vielen Jahren T\u00e4tigkeit in Datenschutz und Informationssicherheit bei verschiedenen gr\u00f6\u00dferen und kleineren Unternehmen h\u00f6rte ich immer wieder einen Satz: Wir ben\u00f6tigen zur Rationalisierung unserer Prozesse in Datenschutz und Informationssicherheit endlich eine Softwarel\u00f6sung! Wer nach einer professionellen, integrierten L\u00f6sung f\u00fcr diesen Aufgabenbereich sucht, muss folgende Mindestanforderungen stellen: Einfache, intuitive Benutzeroberfl\u00e4che in der [&hellip;]<\/p>\n","protected":false},"author":1,"featured_media":0,"parent":0,"menu_order":0,"comment_status":"closed","ping_status":"closed","template":"","meta":{"footnotes":""},"class_list":["post-928","page","type-page","status-publish","hentry"],"_links":{"self":[{"href":"https:\/\/buchholz-software.de\/sv\/wp-json\/wp\/v2\/pages\/928","targetHints":{"allow":["GET"]}}],"collection":[{"href":"https:\/\/buchholz-software.de\/sv\/wp-json\/wp\/v2\/pages"}],"about":[{"href":"https:\/\/buchholz-software.de\/sv\/wp-json\/wp\/v2\/types\/page"}],"author":[{"embeddable":true,"href":"https:\/\/buchholz-software.de\/sv\/wp-json\/wp\/v2\/users\/1"}],"replies":[{"embeddable":true,"href":"https:\/\/buchholz-software.de\/sv\/wp-json\/wp\/v2\/comments?post=928"}],"version-history":[{"count":31,"href":"https:\/\/buchholz-software.de\/sv\/wp-json\/wp\/v2\/pages\/928\/revisions"}],"predecessor-version":[{"id":963,"href":"https:\/\/buchholz-software.de\/sv\/wp-json\/wp\/v2\/pages\/928\/revisions\/963"}],"wp:attachment":[{"href":"https:\/\/buchholz-software.de\/sv\/wp-json\/wp\/v2\/media?parent=928"}],"curies":[{"name":"wp","href":"https:\/\/api.w.org\/{rel}","templated":true}]}}